{"id":5392,"date":"2025-03-08T13:55:27","date_gmt":"2025-03-08T14:55:27","guid":{"rendered":"https:\/\/ananasdosacores.pt\/?post_type=product&#038;p=5392"},"modified":"2026-02-08T19:48:58","modified_gmt":"2026-02-08T20:48:58","slug":"manteiga-clarificada-azor-ghee","status":"publish","type":"product","link":"https:\/\/ananasdosacores.pt\/en\/product\/manteiga-clarificada-azor-ghee\/","title":{"rendered":"Manteiga Clarificada Azor Ghee"},"content":{"rendered":"<p data-start=\"0\" data-end=\"33\"><strong data-start=\"0\" data-end=\"31\">Manteiga Ghee AzorGhee 300g<\/strong><\/p>\n<p data-start=\"35\" data-end=\"483\">Descubra a primeira Ghee portuguesa, ideal para quem procura uma alternativa saud\u00e1vel \u00e0 manteiga tradicional. Produzida a partir de manteiga, apenas com 0,1% de case\u00edna e lactose, podendo ser consumida por intolerantes. Com 99,5% de mat\u00e9ria gorda, \u00e9 rica em vitamina A, promovendo uma alimenta\u00e7\u00e3o equilibrada. Tem validade de 24 meses e n\u00e3o necessita de refrigera\u00e7\u00e3o ap\u00f3s aberta. Ideal para cozinhar, untar ou adicionar aos seus pratos preferidos.<\/p>","protected":false},"excerpt":{"rendered":"<p>Manteiga Ghee AzorGhee 300g Descubra a primeira Ghee portuguesa, ideal para quem procura uma alternativa saud\u00e1vel \u00e0 manteiga tradicional. Produzida a partir de manteiga, apenas com 0,1% de case\u00edna e lactose, podendo ser consumida por intolerantes. Com 99,5% de mat\u00e9ria gorda, \u00e9 rica em vitamina A, promovendo uma alimenta\u00e7\u00e3o equilibrada. Tem validade de 24 meses &hellip;<\/p>\n<p class=\"read-more\"> <a class=\"\" href=\"https:\/\/ananasdosacores.pt\/en\/product\/manteiga-clarificada-azor-ghee\/\"> <span class=\"screen-reader-text\">Manteiga Clarificada Azor Ghee<\/span> Read More &raquo;<\/a><\/p>","protected":false},"featured_media":5393,"template":"","meta":{"_monsterinsights_skip_tracking":false,"_monsterinsights_sitenote_active":false,"_monsterinsights_sitenote_note":"","_monsterinsights_sitenote_category":0,"site-sidebar-layout":"default","site-content-layout":"default","ast-main-header-display":"","ast-hfb-above-header-display":"","ast-hfb-below-header-display":"","ast-hfb-mobile-header-display":"","site-post-title":"","ast-breadcrumbs-content":"","ast-featured-img":"","footer-sml-layout":"","theme-transparent-header-meta":"default","adv-header-id-meta":"","stick-header-meta":"","header-above-stick-meta":"","header-main-stick-meta":"","header-below-stick-meta":""},"product_brand":[],"product_cat":[22],"product_tag":[],"class_list":{"0":"post-5392","1":"product","2":"type-product","3":"status-publish","4":"has-post-thumbnail","6":"product_cat-sem-categoria","8":"first","9":"instock","10":"taxable","11":"shipping-taxable","12":"purchasable","13":"product-type-variable"},"jetpack_sharing_enabled":true,"_links":{"self":[{"href":"https:\/\/ananasdosacores.pt\/en\/wp-json\/wp\/v2\/product\/5392","targetHints":{"allow":["GET"]}}],"collection":[{"href":"https:\/\/ananasdosacores.pt\/en\/wp-json\/wp\/v2\/product"}],"about":[{"href":"https:\/\/ananasdosacores.pt\/en\/wp-json\/wp\/v2\/types\/product"}],"version-history":[{"count":5,"href":"https:\/\/ananasdosacores.pt\/en\/wp-json\/wp\/v2\/product\/5392\/revisions"}],"predecessor-version":[{"id":6115,"href":"https:\/\/ananasdosacores.pt\/en\/wp-json\/wp\/v2\/product\/5392\/revisions\/6115"}],"wp:featuredmedia":[{"embeddable":true,"href":"https:\/\/ananasdosacores.pt\/en\/wp-json\/wp\/v2\/media\/5393"}],"wp:attachment":[{"href":"https:\/\/ananasdosacores.pt\/en\/wp-json\/wp\/v2\/media?parent=5392"}],"wp:term":[{"taxonomy":"product_brand","embeddable":true,"href":"https:\/\/ananasdosacores.pt\/en\/wp-json\/wp\/v2\/product_brand?post=5392"},{"taxonomy":"product_cat","embeddable":true,"href":"https:\/\/ananasdosacores.pt\/en\/wp-json\/wp\/v2\/product_cat?post=5392"},{"taxonomy":"product_tag","embeddable":true,"href":"https:\/\/ananasdosacores.pt\/en\/wp-json\/wp\/v2\/product_tag?post=5392"}],"curies":[{"name":"wp","href":"https:\/\/api.w.org\/{rel}","templated":true}]}}