{"id":5274,"date":"2024-10-02T19:38:40","date_gmt":"2024-10-02T20:38:40","guid":{"rendered":"https:\/\/ananasdosacores.pt\/?post_type=product&#038;p=5274"},"modified":"2026-02-01T22:56:52","modified_gmt":"2026-02-01T23:56:52","slug":"bolo-levedo-3x100gr","status":"publish","type":"product","link":"https:\/\/ananasdosacores.pt\/en\/product\/bolo-levedo-3x100gr\/","title":{"rendered":"BOLO L\u00caVEDO (3x100gr)"},"content":{"rendered":"<p>O Bolo L\u00eavedo dos A\u00e7ores \u00e9 uma iguaria tradicional da regi\u00e3o, especialmente conhecida pela sua origem na ilha de S\u00e3o Miguel. Este p\u00e3o doce, macio e ligeiramente denso, \u00e9 feito a partir de uma massa levedada, que lhe confere o seu inconfund\u00edvel sabor suave e textura fofa.<\/p>\n<p>Ideal para ser consumido simples, com manteiga, queijos regionais, compotas, ou como base para sandu\u00edches, o Bolo L\u00eavedo \u00e9 apreciado em qualquer refei\u00e7\u00e3o, seja ao pequeno-almo\u00e7o, lanche ou mesmo como acompanhamento de pratos principais. Cada dentada remete para a autenticidade e simplicidade dos sabores a\u00e7orianos, proporcionando uma experi\u00eancia gastron\u00f3mica \u00fanica.<\/p>","protected":false},"excerpt":{"rendered":"<p>O Bolo L\u00eavedo dos A\u00e7ores \u00e9 uma iguaria tradicional da regi\u00e3o, especialmente conhecida pela sua origem na ilha de S\u00e3o Miguel. Este p\u00e3o doce, macio e ligeiramente denso, \u00e9 feito a partir de uma massa levedada, que lhe confere o seu inconfund\u00edvel sabor suave e textura fofa. Ideal para ser consumido simples, com manteiga, queijos &hellip;<\/p>\n<p class=\"read-more\"> <a class=\"\" href=\"https:\/\/ananasdosacores.pt\/en\/product\/bolo-levedo-3x100gr\/\"> <span class=\"screen-reader-text\">BOLO L\u00caVEDO (3x100gr)<\/span> Read More &raquo;<\/a><\/p>","protected":false},"featured_media":5275,"template":"","meta":{"_monsterinsights_skip_tracking":false,"_monsterinsights_sitenote_active":false,"_monsterinsights_sitenote_note":"","_monsterinsights_sitenote_category":0,"site-sidebar-layout":"default","site-content-layout":"default","ast-main-header-display":"","ast-hfb-above-header-display":"","ast-hfb-below-header-display":"","ast-hfb-mobile-header-display":"","site-post-title":"","ast-breadcrumbs-content":"","ast-featured-img":"","footer-sml-layout":"","theme-transparent-header-meta":"default","adv-header-id-meta":"","stick-header-meta":"","header-above-stick-meta":"","header-main-stick-meta":"","header-below-stick-meta":""},"product_brand":[],"product_cat":[47],"product_tag":[],"class_list":{"0":"post-5274","1":"product","2":"type-product","3":"status-publish","4":"has-post-thumbnail","6":"product_cat-bololevedo","8":"first","9":"instock","10":"taxable","11":"shipping-taxable","12":"purchasable","13":"product-type-simple"},"jetpack_sharing_enabled":true,"_links":{"self":[{"href":"https:\/\/ananasdosacores.pt\/en\/wp-json\/wp\/v2\/product\/5274","targetHints":{"allow":["GET"]}}],"collection":[{"href":"https:\/\/ananasdosacores.pt\/en\/wp-json\/wp\/v2\/product"}],"about":[{"href":"https:\/\/ananasdosacores.pt\/en\/wp-json\/wp\/v2\/types\/product"}],"version-history":[{"count":1,"href":"https:\/\/ananasdosacores.pt\/en\/wp-json\/wp\/v2\/product\/5274\/revisions"}],"predecessor-version":[{"id":5276,"href":"https:\/\/ananasdosacores.pt\/en\/wp-json\/wp\/v2\/product\/5274\/revisions\/5276"}],"wp:featuredmedia":[{"embeddable":true,"href":"https:\/\/ananasdosacores.pt\/en\/wp-json\/wp\/v2\/media\/5275"}],"wp:attachment":[{"href":"https:\/\/ananasdosacores.pt\/en\/wp-json\/wp\/v2\/media?parent=5274"}],"wp:term":[{"taxonomy":"product_brand","embeddable":true,"href":"https:\/\/ananasdosacores.pt\/en\/wp-json\/wp\/v2\/product_brand?post=5274"},{"taxonomy":"product_cat","embeddable":true,"href":"https:\/\/ananasdosacores.pt\/en\/wp-json\/wp\/v2\/product_cat?post=5274"},{"taxonomy":"product_tag","embeddable":true,"href":"https:\/\/ananasdosacores.pt\/en\/wp-json\/wp\/v2\/product_tag?post=5274"}],"curies":[{"name":"wp","href":"https:\/\/api.w.org\/{rel}","templated":true}]}}