{"id":5271,"date":"2024-10-02T19:06:57","date_gmt":"2024-10-02T20:06:57","guid":{"rendered":"https:\/\/ananasdosacores.pt\/?post_type=product&#038;p=5271"},"modified":"2026-02-13T20:15:43","modified_gmt":"2026-02-13T21:15:43","slug":"morcela-fumarola-200-gr","status":"publish","type":"product","link":"https:\/\/ananasdosacores.pt\/en\/product\/morcela-fumarola-200-gr\/","title":{"rendered":"Morcela Fumarola 200 gr"},"content":{"rendered":"<p>A Morcela dos A\u00e7ores \u00e9 um enchido tradicional com um sabor aut\u00eantico, caracter\u00edstico da riqueza gastron\u00f3mica do arquip\u00e9lago. Feita \u00e0 base de carne de porco e sangue, temperada com especiarias como cravinho, pimenta, alho e ervas arom\u00e1ticas, este produto \u00e9 cuidadosamente preparado e curado, mantendo viva uma heran\u00e7a culin\u00e1ria centen\u00e1ria.<\/p>\n<p>De textura macia e sabor intenso, a Morcela dos A\u00e7ores \u00e9 frequentemente servida grelhada ou frita, sendo um excelente acompanhamento para pratos t\u00edpicos como Morcela com Anan\u00e1s. Perfeita para momentos de conv\u00edvio, proporciona uma verdadeira viagem pelos sabores \u00fanicos e aut\u00eanticos das ilhas.<\/p>","protected":false},"excerpt":{"rendered":"<p>A Morcela dos A\u00e7ores \u00e9 um enchido tradicional com um sabor aut\u00eantico, caracter\u00edstico da riqueza gastron\u00f3mica do arquip\u00e9lago. Feita \u00e0 base de carne de porco e sangue, temperada com especiarias como cravinho, pimenta, alho e ervas arom\u00e1ticas, este produto \u00e9 cuidadosamente preparado e curado, mantendo viva uma heran\u00e7a culin\u00e1ria centen\u00e1ria. De textura macia e sabor &hellip;<\/p>\n<p class=\"read-more\"> <a class=\"\" href=\"https:\/\/ananasdosacores.pt\/en\/product\/morcela-fumarola-200-gr\/\"> <span class=\"screen-reader-text\">Morcela Fumarola 200 gr<\/span> Read More &raquo;<\/a><\/p>","protected":false},"featured_media":5272,"template":"","meta":{"_monsterinsights_skip_tracking":false,"_monsterinsights_sitenote_active":false,"_monsterinsights_sitenote_note":"","_monsterinsights_sitenote_category":0,"site-sidebar-layout":"default","site-content-layout":"default","ast-main-header-display":"","ast-hfb-above-header-display":"","ast-hfb-below-header-display":"","ast-hfb-mobile-header-display":"","site-post-title":"","ast-breadcrumbs-content":"","ast-featured-img":"","footer-sml-layout":"","theme-transparent-header-meta":"default","adv-header-id-meta":"","stick-header-meta":"","header-above-stick-meta":"","header-main-stick-meta":"","header-below-stick-meta":""},"product_brand":[],"product_cat":[48],"product_tag":[],"class_list":{"0":"post-5271","1":"product","2":"type-product","3":"status-publish","4":"has-post-thumbnail","6":"product_cat-fumarola","8":"first","9":"outofstock","10":"taxable","11":"shipping-taxable","12":"purchasable","13":"product-type-simple"},"jetpack_sharing_enabled":true,"_links":{"self":[{"href":"https:\/\/ananasdosacores.pt\/en\/wp-json\/wp\/v2\/product\/5271","targetHints":{"allow":["GET"]}}],"collection":[{"href":"https:\/\/ananasdosacores.pt\/en\/wp-json\/wp\/v2\/product"}],"about":[{"href":"https:\/\/ananasdosacores.pt\/en\/wp-json\/wp\/v2\/types\/product"}],"version-history":[{"count":1,"href":"https:\/\/ananasdosacores.pt\/en\/wp-json\/wp\/v2\/product\/5271\/revisions"}],"predecessor-version":[{"id":5273,"href":"https:\/\/ananasdosacores.pt\/en\/wp-json\/wp\/v2\/product\/5271\/revisions\/5273"}],"wp:featuredmedia":[{"embeddable":true,"href":"https:\/\/ananasdosacores.pt\/en\/wp-json\/wp\/v2\/media\/5272"}],"wp:attachment":[{"href":"https:\/\/ananasdosacores.pt\/en\/wp-json\/wp\/v2\/media?parent=5271"}],"wp:term":[{"taxonomy":"product_brand","embeddable":true,"href":"https:\/\/ananasdosacores.pt\/en\/wp-json\/wp\/v2\/product_brand?post=5271"},{"taxonomy":"product_cat","embeddable":true,"href":"https:\/\/ananasdosacores.pt\/en\/wp-json\/wp\/v2\/product_cat?post=5271"},{"taxonomy":"product_tag","embeddable":true,"href":"https:\/\/ananasdosacores.pt\/en\/wp-json\/wp\/v2\/product_tag?post=5271"}],"curies":[{"name":"wp","href":"https:\/\/api.w.org\/{rel}","templated":true}]}}