{"id":5255,"date":"2024-09-28T18:40:55","date_gmt":"2024-09-28T19:40:55","guid":{"rendered":"https:\/\/ananasdosacores.pt\/?post_type=product&#038;p=5255"},"modified":"2026-02-01T22:57:28","modified_gmt":"2026-02-01T23:57:28","slug":"ananas-1864","status":"publish","type":"product","link":"https:\/\/ananasdosacores.pt\/en\/product\/ananas-1864\/","title":{"rendered":"1864 Pineapple"},"content":{"rendered":"<p>Origem: S\u00e3o Miguel &#8211; A\u00e7ores &#8211; Portugal<br \/>\nProdutor: Boa Fruta<br \/>\nAnan\u00e1s produzido de uma forma tradicional seguindo um m\u00e9todo sustent\u00e1vel com mais de 160 anos.<br \/>\nCom entrega em 2 dias \u00fateis, chegar\u00e1 \u00e0 sua casa com 7 dias de frescura e pronto a comer.<br \/>\nEstes ananases de peso inferior a 1 kg s\u00e3o sempre mais doces. O contraste com a acidez \u00e9 equilibrado e muito agrad\u00e1vel.<br \/>\nPre\u00e7o por kg: 8,00\u20ac<\/p>","protected":false},"excerpt":{"rendered":"<p>Origem: S\u00e3o Miguel &#8211; A\u00e7ores &#8211; Portugal Produtor: Boa Fruta Anan\u00e1s produzido de uma forma tradicional seguindo um m\u00e9todo sustent\u00e1vel com mais de 160 anos. Com entrega em 2 dias \u00fateis, chegar\u00e1 \u00e0 sua casa com 7 dias de frescura e pronto a comer. Estes ananases de peso inferior a 1 kg s\u00e3o sempre mais &hellip;<\/p>\n<p class=\"read-more\"> <a class=\"\" href=\"https:\/\/ananasdosacores.pt\/en\/product\/ananas-1864\/\"> <span class=\"screen-reader-text\">1864 Pineapple<\/span> Read More &raquo;<\/a><\/p>","protected":false},"featured_media":5256,"template":"","meta":{"_monsterinsights_skip_tracking":false,"_monsterinsights_sitenote_active":false,"_monsterinsights_sitenote_note":"","_monsterinsights_sitenote_category":0,"site-sidebar-layout":"default","site-content-layout":"default","ast-main-header-display":"","ast-hfb-above-header-display":"","ast-hfb-below-header-display":"","ast-hfb-mobile-header-display":"","site-post-title":"","ast-breadcrumbs-content":"","ast-featured-img":"","footer-sml-layout":"","theme-transparent-header-meta":"default","adv-header-id-meta":"","stick-header-meta":"","header-above-stick-meta":"","header-main-stick-meta":"","header-below-stick-meta":""},"product_brand":[],"product_cat":[23],"product_tag":[],"class_list":{"0":"post-5255","1":"product","2":"type-product","3":"status-publish","4":"has-post-thumbnail","6":"product_cat-fruta","8":"first","9":"instock","10":"taxable","11":"shipping-taxable","12":"purchasable","13":"product-type-variable"},"jetpack_sharing_enabled":true,"_links":{"self":[{"href":"https:\/\/ananasdosacores.pt\/en\/wp-json\/wp\/v2\/product\/5255","targetHints":{"allow":["GET"]}}],"collection":[{"href":"https:\/\/ananasdosacores.pt\/en\/wp-json\/wp\/v2\/product"}],"about":[{"href":"https:\/\/ananasdosacores.pt\/en\/wp-json\/wp\/v2\/types\/product"}],"version-history":[{"count":7,"href":"https:\/\/ananasdosacores.pt\/en\/wp-json\/wp\/v2\/product\/5255\/revisions"}],"predecessor-version":[{"id":6118,"href":"https:\/\/ananasdosacores.pt\/en\/wp-json\/wp\/v2\/product\/5255\/revisions\/6118"}],"wp:featuredmedia":[{"embeddable":true,"href":"https:\/\/ananasdosacores.pt\/en\/wp-json\/wp\/v2\/media\/5256"}],"wp:attachment":[{"href":"https:\/\/ananasdosacores.pt\/en\/wp-json\/wp\/v2\/media?parent=5255"}],"wp:term":[{"taxonomy":"product_brand","embeddable":true,"href":"https:\/\/ananasdosacores.pt\/en\/wp-json\/wp\/v2\/product_brand?post=5255"},{"taxonomy":"product_cat","embeddable":true,"href":"https:\/\/ananasdosacores.pt\/en\/wp-json\/wp\/v2\/product_cat?post=5255"},{"taxonomy":"product_tag","embeddable":true,"href":"https:\/\/ananasdosacores.pt\/en\/wp-json\/wp\/v2\/product_tag?post=5255"}],"curies":[{"name":"wp","href":"https:\/\/api.w.org\/{rel}","templated":true}]}}