{"id":5246,"date":"2024-09-28T08:57:18","date_gmt":"2024-09-28T09:57:18","guid":{"rendered":"https:\/\/ananasdosacores.pt\/?post_type=product&#038;p=5246"},"modified":"2026-02-13T20:25:58","modified_gmt":"2026-02-13T21:25:58","slug":"queijo-sao-jorge-7m-200-gr","status":"publish","type":"product","link":"https:\/\/ananasdosacores.pt\/en\/product\/queijo-sao-jorge-7m-200-gr\/","title":{"rendered":"QUEIJO SAO JORGE 7M 200 gr"},"content":{"rendered":"<p>Descubra o sabor \u00fanico do Queijo de S\u00e3o Jorge, um dos tesouros mais apreciados dos A\u00e7ores. Com 7 meses de cura, este queijo de ilha oferece uma textura firme e um sabor intenso e complexo, caracter\u00edstico da sua matura\u00e7\u00e3o prolongada.<\/p>\n<p>Feito a partir de leite de vaca cru, o Queijo de S\u00e3o Jorge tem Denomina\u00e7\u00e3o de Origem Protegida, garantindo a sua produ\u00e7\u00e3o artesanal nas condi\u00e7\u00f5es espec\u00edficas desta ilha. Com um sabor ligeiramente picante, \u00a0\u00e9 o acompanhamento perfeito para vinhos encorpados ou como aperitivo.<\/p>\n<p>Ideal para apreciadores de queijos de cura m\u00e9dia e amantes de sabores aut\u00eanticos e ricos.<\/p>\n<p>A\u00e9rea de Entrega: Lisboa, Oeiras, Cascais, Amadora, Odivelas, Sintra, Loures, Mafra, Almada, Seixal, Barreiro.<\/p>","protected":false},"excerpt":{"rendered":"<p>Descubra o sabor \u00fanico do Queijo de S\u00e3o Jorge, um dos tesouros mais apreciados dos A\u00e7ores. Com 7 meses de cura, este queijo de ilha oferece uma textura firme e um sabor intenso e complexo, caracter\u00edstico da sua matura\u00e7\u00e3o prolongada. Feito a partir de leite de vaca cru, o Queijo de S\u00e3o Jorge tem Denomina\u00e7\u00e3o &hellip;<\/p>\n<p class=\"read-more\"> <a class=\"\" href=\"https:\/\/ananasdosacores.pt\/en\/product\/queijo-sao-jorge-7m-200-gr\/\"> <span class=\"screen-reader-text\">QUEIJO SAO JORGE 7M 200 gr<\/span> Read More &raquo;<\/a><\/p>","protected":false},"featured_media":5247,"template":"","meta":{"_monsterinsights_skip_tracking":false,"_monsterinsights_sitenote_active":false,"_monsterinsights_sitenote_note":"","_monsterinsights_sitenote_category":0,"site-sidebar-layout":"default","site-content-layout":"default","ast-main-header-display":"","ast-hfb-above-header-display":"","ast-hfb-below-header-display":"","ast-hfb-mobile-header-display":"","site-post-title":"","ast-breadcrumbs-content":"","ast-featured-img":"","footer-sml-layout":"","theme-transparent-header-meta":"default","adv-header-id-meta":"","stick-header-meta":"","header-above-stick-meta":"","header-main-stick-meta":"","header-below-stick-meta":""},"product_brand":[],"product_cat":[49],"product_tag":[],"class_list":{"0":"post-5246","1":"product","2":"type-product","3":"status-publish","4":"has-post-thumbnail","6":"product_cat-leitariacoriana","8":"first","9":"outofstock","10":"taxable","11":"shipping-taxable","12":"purchasable","13":"product-type-simple"},"jetpack_sharing_enabled":true,"_links":{"self":[{"href":"https:\/\/ananasdosacores.pt\/en\/wp-json\/wp\/v2\/product\/5246","targetHints":{"allow":["GET"]}}],"collection":[{"href":"https:\/\/ananasdosacores.pt\/en\/wp-json\/wp\/v2\/product"}],"about":[{"href":"https:\/\/ananasdosacores.pt\/en\/wp-json\/wp\/v2\/types\/product"}],"version-history":[{"count":1,"href":"https:\/\/ananasdosacores.pt\/en\/wp-json\/wp\/v2\/product\/5246\/revisions"}],"predecessor-version":[{"id":5248,"href":"https:\/\/ananasdosacores.pt\/en\/wp-json\/wp\/v2\/product\/5246\/revisions\/5248"}],"wp:featuredmedia":[{"embeddable":true,"href":"https:\/\/ananasdosacores.pt\/en\/wp-json\/wp\/v2\/media\/5247"}],"wp:attachment":[{"href":"https:\/\/ananasdosacores.pt\/en\/wp-json\/wp\/v2\/media?parent=5246"}],"wp:term":[{"taxonomy":"product_brand","embeddable":true,"href":"https:\/\/ananasdosacores.pt\/en\/wp-json\/wp\/v2\/product_brand?post=5246"},{"taxonomy":"product_cat","embeddable":true,"href":"https:\/\/ananasdosacores.pt\/en\/wp-json\/wp\/v2\/product_cat?post=5246"},{"taxonomy":"product_tag","embeddable":true,"href":"https:\/\/ananasdosacores.pt\/en\/wp-json\/wp\/v2\/product_tag?post=5246"}],"curies":[{"name":"wp","href":"https:\/\/api.w.org\/{rel}","templated":true}]}}