{"id":5186,"date":"2024-06-27T08:48:51","date_gmt":"2024-06-27T09:48:51","guid":{"rendered":"https:\/\/ananasdosacores.pt\/?post_type=product&#038;p=5186"},"modified":"2024-06-27T08:48:51","modified_gmt":"2024-06-27T09:48:51","slug":"filete-atum-em-pimenta-da-terra-azores-gourmet","status":"publish","type":"product","link":"https:\/\/ananasdosacores.pt\/en\/product\/filete-atum-em-pimenta-da-terra-azores-gourmet\/","title":{"rendered":"FILETE ATUM EM PIMENTA DA TERRA AZORES GOURMET"},"content":{"rendered":"<p>Aprecie a um Filete de Atum em Pimenta da Terra e leve para casa o aut\u00eantico sabor dos A\u00e7ores. Uma verdadeira iguaria que celebra a riqueza do mar e os sabores t\u00edpicos da regi\u00e3o.<\/p>","protected":false},"excerpt":{"rendered":"<p>Aprecie a um Filete de Atum em Pimenta da Terra e leve para casa o aut\u00eantico sabor dos A\u00e7ores. Uma verdadeira iguaria que celebra a riqueza do mar e os sabores t\u00edpicos da regi\u00e3o.<\/p>","protected":false},"featured_media":5187,"template":"","meta":{"_monsterinsights_skip_tracking":false,"_monsterinsights_sitenote_active":false,"_monsterinsights_sitenote_note":"","_monsterinsights_sitenote_category":0,"site-sidebar-layout":"default","site-content-layout":"default","ast-main-header-display":"","ast-hfb-above-header-display":"","ast-hfb-below-header-display":"","ast-hfb-mobile-header-display":"","site-post-title":"","ast-breadcrumbs-content":"","ast-featured-img":"","footer-sml-layout":"","theme-transparent-header-meta":"default","adv-header-id-meta":"","stick-header-meta":"","header-above-stick-meta":"","header-main-stick-meta":"","header-below-stick-meta":""},"product_brand":[],"product_cat":[30],"product_tag":[],"class_list":{"0":"post-5186","1":"product","2":"type-product","3":"status-publish","4":"has-post-thumbnail","6":"product_cat-outros","8":"first","9":"instock","10":"taxable","11":"shipping-taxable","12":"purchasable","13":"product-type-simple"},"jetpack_sharing_enabled":true,"_links":{"self":[{"href":"https:\/\/ananasdosacores.pt\/en\/wp-json\/wp\/v2\/product\/5186","targetHints":{"allow":["GET"]}}],"collection":[{"href":"https:\/\/ananasdosacores.pt\/en\/wp-json\/wp\/v2\/product"}],"about":[{"href":"https:\/\/ananasdosacores.pt\/en\/wp-json\/wp\/v2\/types\/product"}],"version-history":[{"count":2,"href":"https:\/\/ananasdosacores.pt\/en\/wp-json\/wp\/v2\/product\/5186\/revisions"}],"predecessor-version":[{"id":5242,"href":"https:\/\/ananasdosacores.pt\/en\/wp-json\/wp\/v2\/product\/5186\/revisions\/5242"}],"wp:featuredmedia":[{"embeddable":true,"href":"https:\/\/ananasdosacores.pt\/en\/wp-json\/wp\/v2\/media\/5187"}],"wp:attachment":[{"href":"https:\/\/ananasdosacores.pt\/en\/wp-json\/wp\/v2\/media?parent=5186"}],"wp:term":[{"taxonomy":"product_brand","embeddable":true,"href":"https:\/\/ananasdosacores.pt\/en\/wp-json\/wp\/v2\/product_brand?post=5186"},{"taxonomy":"product_cat","embeddable":true,"href":"https:\/\/ananasdosacores.pt\/en\/wp-json\/wp\/v2\/product_cat?post=5186"},{"taxonomy":"product_tag","embeddable":true,"href":"https:\/\/ananasdosacores.pt\/en\/wp-json\/wp\/v2\/product_tag?post=5186"}],"curies":[{"name":"wp","href":"https:\/\/api.w.org\/{rel}","templated":true}]}}