{"id":5182,"date":"2024-06-27T08:21:16","date_gmt":"2024-06-27T09:21:16","guid":{"rendered":"https:\/\/ananasdosacores.pt\/?post_type=product&#038;p=5182"},"modified":"2026-02-13T20:27:16","modified_gmt":"2026-02-13T21:27:16","slug":"doce-extra-de-maracuja-azores-gourmet-100gr","status":"publish","type":"product","link":"https:\/\/ananasdosacores.pt\/en\/product\/doce-extra-de-maracuja-azores-gourmet-100gr\/","title":{"rendered":"DOCE EXTRA DE MARACUJ\u00c1 AZORES GOURMET 100gr"},"content":{"rendered":"<p>Desfrute este Doce de Maracuj\u00e1 dos A\u00e7ores DOP e deixe-se levar pelo sabor ex\u00f3tico e aut\u00eantico desta maravilha a\u00e7oriana. Uma verdadeira del\u00edcia que traz o melhor da natureza para a sua mesa.<\/p>\n<p>&nbsp;<\/p>\n<p>Peso L\u00edquido: 100 gramas<\/p>","protected":false},"excerpt":{"rendered":"<p>Desfrute este Doce de Maracuj\u00e1 dos A\u00e7ores DOP e deixe-se levar pelo sabor ex\u00f3tico e aut\u00eantico desta maravilha a\u00e7oriana. Uma verdadeira del\u00edcia que traz o melhor da natureza para a sua mesa. &nbsp; Peso L\u00edquido: 100 gramas<\/p>","protected":false},"featured_media":5183,"template":"","meta":{"_monsterinsights_skip_tracking":false,"_monsterinsights_sitenote_active":false,"_monsterinsights_sitenote_note":"","_monsterinsights_sitenote_category":0,"site-sidebar-layout":"default","site-content-layout":"default","ast-main-header-display":"","ast-hfb-above-header-display":"","ast-hfb-below-header-display":"","ast-hfb-mobile-header-display":"","site-post-title":"","ast-breadcrumbs-content":"","ast-featured-img":"","footer-sml-layout":"","theme-transparent-header-meta":"default","adv-header-id-meta":"","stick-header-meta":"","header-above-stick-meta":"","header-main-stick-meta":"","header-below-stick-meta":""},"product_brand":[],"product_cat":[30],"product_tag":[],"class_list":{"0":"post-5182","1":"product","2":"type-product","3":"status-publish","4":"has-post-thumbnail","6":"product_cat-outros","8":"first","9":"outofstock","10":"taxable","11":"shipping-taxable","12":"purchasable","13":"product-type-simple"},"jetpack_sharing_enabled":true,"_links":{"self":[{"href":"https:\/\/ananasdosacores.pt\/en\/wp-json\/wp\/v2\/product\/5182","targetHints":{"allow":["GET"]}}],"collection":[{"href":"https:\/\/ananasdosacores.pt\/en\/wp-json\/wp\/v2\/product"}],"about":[{"href":"https:\/\/ananasdosacores.pt\/en\/wp-json\/wp\/v2\/types\/product"}],"version-history":[{"count":1,"href":"https:\/\/ananasdosacores.pt\/en\/wp-json\/wp\/v2\/product\/5182\/revisions"}],"predecessor-version":[{"id":5184,"href":"https:\/\/ananasdosacores.pt\/en\/wp-json\/wp\/v2\/product\/5182\/revisions\/5184"}],"wp:featuredmedia":[{"embeddable":true,"href":"https:\/\/ananasdosacores.pt\/en\/wp-json\/wp\/v2\/media\/5183"}],"wp:attachment":[{"href":"https:\/\/ananasdosacores.pt\/en\/wp-json\/wp\/v2\/media?parent=5182"}],"wp:term":[{"taxonomy":"product_brand","embeddable":true,"href":"https:\/\/ananasdosacores.pt\/en\/wp-json\/wp\/v2\/product_brand?post=5182"},{"taxonomy":"product_cat","embeddable":true,"href":"https:\/\/ananasdosacores.pt\/en\/wp-json\/wp\/v2\/product_cat?post=5182"},{"taxonomy":"product_tag","embeddable":true,"href":"https:\/\/ananasdosacores.pt\/en\/wp-json\/wp\/v2\/product_tag?post=5182"}],"curies":[{"name":"wp","href":"https:\/\/api.w.org\/{rel}","templated":true}]}}