{"id":5176,"date":"2024-06-17T13:15:38","date_gmt":"2024-06-17T14:15:38","guid":{"rendered":"https:\/\/ananasdosacores.pt\/?post_type=product&#038;p=5176"},"modified":"2026-03-20T10:53:24","modified_gmt":"2026-03-20T11:53:24","slug":"mel-de-incenso-dop-azores-gourmet","status":"publish","type":"product","link":"https:\/\/ananasdosacores.pt\/en\/product\/mel-de-incenso-dop-azores-gourmet\/","title":{"rendered":"MEL DE INCENSO DOP AZORES GOURMET"},"content":{"rendered":"<p>Descubra o sabor incompar\u00e1vel do Mel de Incenso da Ilha de S\u00e3o Miguel, um tesouro exclusivo dos A\u00e7ores. Produzido a partir do n\u00e9ctar das flores de incenso (Pittosporum undulatum), este mel artesanal captura a ess\u00eancia das paisagens a\u00e7orianas em cada gota.<\/p>\n<p>&nbsp;<\/p>\n<p>Peso L\u00edquido: 250 gramas<\/p>","protected":false},"excerpt":{"rendered":"<p>Descubra o sabor incompar\u00e1vel do Mel de Incenso da Ilha de S\u00e3o Miguel, um tesouro exclusivo dos A\u00e7ores. Produzido a partir do n\u00e9ctar das flores de incenso (Pittosporum undulatum), este mel artesanal captura a ess\u00eancia das paisagens a\u00e7orianas em cada gota. &nbsp; Peso L\u00edquido: 250 gramas<\/p>","protected":false},"featured_media":5177,"template":"","meta":{"_monsterinsights_skip_tracking":false,"_monsterinsights_sitenote_active":false,"_monsterinsights_sitenote_note":"","_monsterinsights_sitenote_category":0,"site-sidebar-layout":"default","site-content-layout":"default","ast-main-header-display":"","ast-hfb-above-header-display":"","ast-hfb-below-header-display":"","ast-hfb-mobile-header-display":"","site-post-title":"","ast-breadcrumbs-content":"","ast-featured-img":"","footer-sml-layout":"","theme-transparent-header-meta":"default","adv-header-id-meta":"","stick-header-meta":"","header-above-stick-meta":"","header-main-stick-meta":"","header-below-stick-meta":""},"product_brand":[],"product_cat":[30],"product_tag":[],"class_list":{"0":"post-5176","1":"product","2":"type-product","3":"status-publish","4":"has-post-thumbnail","6":"product_cat-outros","8":"first","9":"outofstock","10":"taxable","11":"shipping-taxable","12":"purchasable","13":"product-type-simple"},"jetpack_sharing_enabled":true,"_links":{"self":[{"href":"https:\/\/ananasdosacores.pt\/en\/wp-json\/wp\/v2\/product\/5176","targetHints":{"allow":["GET"]}}],"collection":[{"href":"https:\/\/ananasdosacores.pt\/en\/wp-json\/wp\/v2\/product"}],"about":[{"href":"https:\/\/ananasdosacores.pt\/en\/wp-json\/wp\/v2\/types\/product"}],"version-history":[{"count":1,"href":"https:\/\/ananasdosacores.pt\/en\/wp-json\/wp\/v2\/product\/5176\/revisions"}],"predecessor-version":[{"id":5178,"href":"https:\/\/ananasdosacores.pt\/en\/wp-json\/wp\/v2\/product\/5176\/revisions\/5178"}],"wp:featuredmedia":[{"embeddable":true,"href":"https:\/\/ananasdosacores.pt\/en\/wp-json\/wp\/v2\/media\/5177"}],"wp:attachment":[{"href":"https:\/\/ananasdosacores.pt\/en\/wp-json\/wp\/v2\/media?parent=5176"}],"wp:term":[{"taxonomy":"product_brand","embeddable":true,"href":"https:\/\/ananasdosacores.pt\/en\/wp-json\/wp\/v2\/product_brand?post=5176"},{"taxonomy":"product_cat","embeddable":true,"href":"https:\/\/ananasdosacores.pt\/en\/wp-json\/wp\/v2\/product_cat?post=5176"},{"taxonomy":"product_tag","embeddable":true,"href":"https:\/\/ananasdosacores.pt\/en\/wp-json\/wp\/v2\/product_tag?post=5176"}],"curies":[{"name":"wp","href":"https:\/\/api.w.org\/{rel}","templated":true}]}}