{"id":5173,"date":"2024-06-17T13:03:31","date_gmt":"2024-06-17T14:03:31","guid":{"rendered":"https:\/\/ananasdosacores.pt\/?post_type=product&#038;p=5173"},"modified":"2024-06-17T13:08:35","modified_gmt":"2024-06-17T14:08:35","slug":"biscoito-ananas-azores-gourmet","status":"publish","type":"product","link":"https:\/\/ananasdosacores.pt\/en\/product\/biscoito-ananas-azores-gourmet\/","title":{"rendered":"BISCOITO ANAN\u00c1S AZORES GOURMET"},"content":{"rendered":"<p>Delicie-se com os aut\u00eanticos Biscoitos com sabor a Anan\u00e1s da Azores Gourmet, uma verdadeira iguaria a\u00e7oriana que combina o sabor tropical e doce do anan\u00e1s com a textura crocante e amanteigada de biscoitos artesanais. Qualquer lanche \u00e9 mais saboroso com estes biscoitos.<\/p>\n<p>Peso l\u00edquido: 150 gramas<\/p>","protected":false},"excerpt":{"rendered":"<p>Delicie-se com os aut\u00eanticos Biscoitos com sabor a Anan\u00e1s da Azores Gourmet, uma verdadeira iguaria a\u00e7oriana que combina o sabor tropical e doce do anan\u00e1s com a textura crocante e amanteigada de biscoitos artesanais. Qualquer lanche \u00e9 mais saboroso com estes biscoitos. Peso l\u00edquido: 150 gramas<\/p>","protected":false},"featured_media":5174,"template":"","meta":{"_monsterinsights_skip_tracking":false,"_monsterinsights_sitenote_active":false,"_monsterinsights_sitenote_note":"","_monsterinsights_sitenote_category":0,"site-sidebar-layout":"default","site-content-layout":"default","ast-main-header-display":"","ast-hfb-above-header-display":"","ast-hfb-below-header-display":"","ast-hfb-mobile-header-display":"","site-post-title":"","ast-breadcrumbs-content":"","ast-featured-img":"","footer-sml-layout":"","theme-transparent-header-meta":"default","adv-header-id-meta":"","stick-header-meta":"","header-above-stick-meta":"","header-main-stick-meta":"","header-below-stick-meta":""},"product_brand":[],"product_cat":[30],"product_tag":[],"class_list":{"0":"post-5173","1":"product","2":"type-product","3":"status-publish","4":"has-post-thumbnail","6":"product_cat-outros","8":"first","9":"instock","10":"taxable","11":"shipping-taxable","12":"purchasable","13":"product-type-simple"},"jetpack_sharing_enabled":true,"_links":{"self":[{"href":"https:\/\/ananasdosacores.pt\/en\/wp-json\/wp\/v2\/product\/5173","targetHints":{"allow":["GET"]}}],"collection":[{"href":"https:\/\/ananasdosacores.pt\/en\/wp-json\/wp\/v2\/product"}],"about":[{"href":"https:\/\/ananasdosacores.pt\/en\/wp-json\/wp\/v2\/types\/product"}],"version-history":[{"count":1,"href":"https:\/\/ananasdosacores.pt\/en\/wp-json\/wp\/v2\/product\/5173\/revisions"}],"predecessor-version":[{"id":5175,"href":"https:\/\/ananasdosacores.pt\/en\/wp-json\/wp\/v2\/product\/5173\/revisions\/5175"}],"wp:featuredmedia":[{"embeddable":true,"href":"https:\/\/ananasdosacores.pt\/en\/wp-json\/wp\/v2\/media\/5174"}],"wp:attachment":[{"href":"https:\/\/ananasdosacores.pt\/en\/wp-json\/wp\/v2\/media?parent=5173"}],"wp:term":[{"taxonomy":"product_brand","embeddable":true,"href":"https:\/\/ananasdosacores.pt\/en\/wp-json\/wp\/v2\/product_brand?post=5173"},{"taxonomy":"product_cat","embeddable":true,"href":"https:\/\/ananasdosacores.pt\/en\/wp-json\/wp\/v2\/product_cat?post=5173"},{"taxonomy":"product_tag","embeddable":true,"href":"https:\/\/ananasdosacores.pt\/en\/wp-json\/wp\/v2\/product_tag?post=5173"}],"curies":[{"name":"wp","href":"https:\/\/api.w.org\/{rel}","templated":true}]}}