{"id":5168,"date":"2024-06-17T12:30:16","date_gmt":"2024-06-17T13:30:16","guid":{"rendered":"https:\/\/ananasdosacores.pt\/?post_type=product&#038;p=5168"},"modified":"2024-06-17T12:31:11","modified_gmt":"2024-06-17T13:31:11","slug":"kima-maracuja","status":"publish","type":"product","link":"https:\/\/ananasdosacores.pt\/en\/product\/kima-maracuja\/","title":{"rendered":"Kima Maracuj\u00e1 (pack 6)"},"content":{"rendered":"<p>Descubra a refresc\u00e2ncia \u00fanica da Kima de Maracuj\u00e1, a bebida emblem\u00e1tica dos A\u00e7ores. Produzida pela prestigiada empresa Melo Abreu, este refrigerante de maracuj\u00e1 traz o sabor ex\u00f3tico e tropical da fruta diretamente para o seu copo, oferecendo uma experi\u00eancia de degusta\u00e7\u00e3o inesquec\u00edvel.<\/p>\n<p>Venda ao Pack de 6 latas com 330 ml<\/p>","protected":false},"excerpt":{"rendered":"<p>Descubra a refresc\u00e2ncia \u00fanica da Kima de Maracuj\u00e1, a bebida emblem\u00e1tica dos A\u00e7ores. Produzida pela prestigiada empresa Melo Abreu, este refrigerante de maracuj\u00e1 traz o sabor ex\u00f3tico e tropical da fruta diretamente para o seu copo, oferecendo uma experi\u00eancia de degusta\u00e7\u00e3o inesquec\u00edvel. Venda ao Pack de 6 latas com 330 ml<\/p>","protected":false},"featured_media":5169,"template":"","meta":{"_monsterinsights_skip_tracking":false,"_monsterinsights_sitenote_active":false,"_monsterinsights_sitenote_note":"","_monsterinsights_sitenote_category":0,"site-sidebar-layout":"default","site-content-layout":"default","ast-main-header-display":"","ast-hfb-above-header-display":"","ast-hfb-below-header-display":"","ast-hfb-mobile-header-display":"","site-post-title":"","ast-breadcrumbs-content":"","ast-featured-img":"","footer-sml-layout":"","theme-transparent-header-meta":"default","adv-header-id-meta":"","stick-header-meta":"","header-above-stick-meta":"","header-main-stick-meta":"","header-below-stick-meta":""},"product_brand":[],"product_cat":[30],"product_tag":[],"class_list":{"0":"post-5168","1":"product","2":"type-product","3":"status-publish","4":"has-post-thumbnail","6":"product_cat-outros","8":"first","9":"instock","10":"taxable","11":"shipping-taxable","12":"purchasable","13":"product-type-simple"},"jetpack_sharing_enabled":true,"_links":{"self":[{"href":"https:\/\/ananasdosacores.pt\/en\/wp-json\/wp\/v2\/product\/5168","targetHints":{"allow":["GET"]}}],"collection":[{"href":"https:\/\/ananasdosacores.pt\/en\/wp-json\/wp\/v2\/product"}],"about":[{"href":"https:\/\/ananasdosacores.pt\/en\/wp-json\/wp\/v2\/types\/product"}],"version-history":[{"count":2,"href":"https:\/\/ananasdosacores.pt\/en\/wp-json\/wp\/v2\/product\/5168\/revisions"}],"predecessor-version":[{"id":5171,"href":"https:\/\/ananasdosacores.pt\/en\/wp-json\/wp\/v2\/product\/5168\/revisions\/5171"}],"wp:featuredmedia":[{"embeddable":true,"href":"https:\/\/ananasdosacores.pt\/en\/wp-json\/wp\/v2\/media\/5169"}],"wp:attachment":[{"href":"https:\/\/ananasdosacores.pt\/en\/wp-json\/wp\/v2\/media?parent=5168"}],"wp:term":[{"taxonomy":"product_brand","embeddable":true,"href":"https:\/\/ananasdosacores.pt\/en\/wp-json\/wp\/v2\/product_brand?post=5168"},{"taxonomy":"product_cat","embeddable":true,"href":"https:\/\/ananasdosacores.pt\/en\/wp-json\/wp\/v2\/product_cat?post=5168"},{"taxonomy":"product_tag","embeddable":true,"href":"https:\/\/ananasdosacores.pt\/en\/wp-json\/wp\/v2\/product_tag?post=5168"}],"curies":[{"name":"wp","href":"https:\/\/api.w.org\/{rel}","templated":true}]}}