{"id":5163,"date":"2024-06-17T12:21:55","date_gmt":"2024-06-17T13:21:55","guid":{"rendered":"https:\/\/ananasdosacores.pt\/?post_type=product&#038;p=5163"},"modified":"2024-06-17T12:24:05","modified_gmt":"2024-06-17T13:24:05","slug":"pimenta-da-terra-picante","status":"publish","type":"product","link":"https:\/\/ananasdosacores.pt\/en\/product\/pimenta-da-terra-picante\/","title":{"rendered":"Pimenta da Terra Picante"},"content":{"rendered":"<p>Descubra o segredo da gastronomia a\u00e7oriana com a nossa aut\u00eantica Pimenta da Terra dos A\u00e7ores. Cultivada nas f\u00e9rteis terras vulc\u00e2nicas das ilhas dos A\u00e7ores, esta pimenta malagueta traz um toque especial e <strong>picante<\/strong> aos seus pratos, conferindo um sabor \u00fanico e irresist\u00edvel.<\/p>\n<p>Adquira j\u00e1 a sua Pimenta da Terra dos A\u00e7ores e traga o aut\u00eantico sabor das ilhas para a sua cozinha. Transforme receitas simples em pratos memor\u00e1veis e surpreenda todos com esta iguaria tradicional a\u00e7oriana.<\/p>\n<p>Peso L\u00edquido: 300 gramas<\/p>","protected":false},"excerpt":{"rendered":"<p>Descubra o segredo da gastronomia a\u00e7oriana com a nossa aut\u00eantica Pimenta da Terra dos A\u00e7ores. Cultivada nas f\u00e9rteis terras vulc\u00e2nicas das ilhas dos A\u00e7ores, esta pimenta malagueta traz um toque especial e picante aos seus pratos, conferindo um sabor \u00fanico e irresist\u00edvel. Adquira j\u00e1 a sua Pimenta da Terra dos A\u00e7ores e traga o aut\u00eantico &hellip;<\/p>\n<p class=\"read-more\"> <a class=\"\" href=\"https:\/\/ananasdosacores.pt\/en\/product\/pimenta-da-terra-picante\/\"> <span class=\"screen-reader-text\">Pimenta da Terra Picante<\/span> Read More &raquo;<\/a><\/p>","protected":false},"featured_media":5166,"template":"","meta":{"_monsterinsights_skip_tracking":false,"_monsterinsights_sitenote_active":false,"_monsterinsights_sitenote_note":"","_monsterinsights_sitenote_category":0,"site-sidebar-layout":"default","site-content-layout":"default","ast-main-header-display":"","ast-hfb-above-header-display":"","ast-hfb-below-header-display":"","ast-hfb-mobile-header-display":"","site-post-title":"","ast-breadcrumbs-content":"","ast-featured-img":"","footer-sml-layout":"","theme-transparent-header-meta":"default","adv-header-id-meta":"","stick-header-meta":"","header-above-stick-meta":"","header-main-stick-meta":"","header-below-stick-meta":""},"product_brand":[],"product_cat":[30],"product_tag":[],"class_list":{"0":"post-5163","1":"product","2":"type-product","3":"status-publish","4":"has-post-thumbnail","6":"product_cat-outros","8":"first","9":"instock","10":"taxable","11":"shipping-taxable","12":"purchasable","13":"product-type-simple"},"jetpack_sharing_enabled":true,"_links":{"self":[{"href":"https:\/\/ananasdosacores.pt\/en\/wp-json\/wp\/v2\/product\/5163","targetHints":{"allow":["GET"]}}],"collection":[{"href":"https:\/\/ananasdosacores.pt\/en\/wp-json\/wp\/v2\/product"}],"about":[{"href":"https:\/\/ananasdosacores.pt\/en\/wp-json\/wp\/v2\/types\/product"}],"version-history":[{"count":2,"href":"https:\/\/ananasdosacores.pt\/en\/wp-json\/wp\/v2\/product\/5163\/revisions"}],"predecessor-version":[{"id":5167,"href":"https:\/\/ananasdosacores.pt\/en\/wp-json\/wp\/v2\/product\/5163\/revisions\/5167"}],"wp:featuredmedia":[{"embeddable":true,"href":"https:\/\/ananasdosacores.pt\/en\/wp-json\/wp\/v2\/media\/5166"}],"wp:attachment":[{"href":"https:\/\/ananasdosacores.pt\/en\/wp-json\/wp\/v2\/media?parent=5163"}],"wp:term":[{"taxonomy":"product_brand","embeddable":true,"href":"https:\/\/ananasdosacores.pt\/en\/wp-json\/wp\/v2\/product_brand?post=5163"},{"taxonomy":"product_cat","embeddable":true,"href":"https:\/\/ananasdosacores.pt\/en\/wp-json\/wp\/v2\/product_cat?post=5163"},{"taxonomy":"product_tag","embeddable":true,"href":"https:\/\/ananasdosacores.pt\/en\/wp-json\/wp\/v2\/product_tag?post=5163"}],"curies":[{"name":"wp","href":"https:\/\/api.w.org\/{rel}","templated":true}]}}