{"id":5160,"date":"2024-06-17T12:11:13","date_gmt":"2024-06-17T13:11:13","guid":{"rendered":"https:\/\/ananasdosacores.pt\/?post_type=product&#038;p=5160"},"modified":"2024-06-17T12:23:04","modified_gmt":"2024-06-17T13:23:04","slug":"pimenta-da-terra-moida","status":"publish","type":"product","link":"https:\/\/ananasdosacores.pt\/en\/product\/pimenta-da-terra-moida\/","title":{"rendered":"Pimenta da Terra Mo\u00edda"},"content":{"rendered":"<p>Descubra o segredo da gastronomia a\u00e7oriana com a nossa aut\u00eantica Pimenta da Terra dos A\u00e7ores. Cultivada nas f\u00e9rteis terras vulc\u00e2nicas das ilhas dos A\u00e7ores, esta pimenta malagueta traz um toque especial e <strong>pouco picante<\/strong> aos seus pratos, conferindo um sabor \u00fanico e irresist\u00edvel.<\/p>\n<p>Adquira j\u00e1 a sua Pimenta da Terra dos A\u00e7ores e traga o aut\u00eantico sabor das ilhas para a sua cozinha. Transforme receitas simples em pratos memor\u00e1veis e surpreenda todos com esta iguaria tradicional a\u00e7oriana.<\/p>\n<p>Peso L\u00edquido: 300 gramas<\/p>","protected":false},"excerpt":{"rendered":"<p>Descubra o segredo da gastronomia a\u00e7oriana com a nossa aut\u00eantica Pimenta da Terra dos A\u00e7ores. Cultivada nas f\u00e9rteis terras vulc\u00e2nicas das ilhas dos A\u00e7ores, esta pimenta malagueta traz um toque especial e pouco picante aos seus pratos, conferindo um sabor \u00fanico e irresist\u00edvel. Adquira j\u00e1 a sua Pimenta da Terra dos A\u00e7ores e traga o &hellip;<\/p>\n<p class=\"read-more\"> <a class=\"\" href=\"https:\/\/ananasdosacores.pt\/en\/product\/pimenta-da-terra-moida\/\"> <span class=\"screen-reader-text\">Pimenta da Terra Mo\u00edda<\/span> Read More &raquo;<\/a><\/p>","protected":false},"featured_media":5161,"template":"","meta":{"_monsterinsights_skip_tracking":false,"_monsterinsights_sitenote_active":false,"_monsterinsights_sitenote_note":"","_monsterinsights_sitenote_category":0,"site-sidebar-layout":"default","site-content-layout":"default","ast-main-header-display":"","ast-hfb-above-header-display":"","ast-hfb-below-header-display":"","ast-hfb-mobile-header-display":"","site-post-title":"","ast-breadcrumbs-content":"","ast-featured-img":"","footer-sml-layout":"","theme-transparent-header-meta":"default","adv-header-id-meta":"","stick-header-meta":"","header-above-stick-meta":"","header-main-stick-meta":"","header-below-stick-meta":""},"product_brand":[],"product_cat":[30],"product_tag":[],"class_list":{"0":"post-5160","1":"product","2":"type-product","3":"status-publish","4":"has-post-thumbnail","6":"product_cat-outros","8":"first","9":"instock","10":"taxable","11":"shipping-taxable","12":"purchasable","13":"product-type-simple"},"jetpack_sharing_enabled":true,"_links":{"self":[{"href":"https:\/\/ananasdosacores.pt\/en\/wp-json\/wp\/v2\/product\/5160","targetHints":{"allow":["GET"]}}],"collection":[{"href":"https:\/\/ananasdosacores.pt\/en\/wp-json\/wp\/v2\/product"}],"about":[{"href":"https:\/\/ananasdosacores.pt\/en\/wp-json\/wp\/v2\/types\/product"}],"version-history":[{"count":2,"href":"https:\/\/ananasdosacores.pt\/en\/wp-json\/wp\/v2\/product\/5160\/revisions"}],"predecessor-version":[{"id":5165,"href":"https:\/\/ananasdosacores.pt\/en\/wp-json\/wp\/v2\/product\/5160\/revisions\/5165"}],"wp:featuredmedia":[{"embeddable":true,"href":"https:\/\/ananasdosacores.pt\/en\/wp-json\/wp\/v2\/media\/5161"}],"wp:attachment":[{"href":"https:\/\/ananasdosacores.pt\/en\/wp-json\/wp\/v2\/media?parent=5160"}],"wp:term":[{"taxonomy":"product_brand","embeddable":true,"href":"https:\/\/ananasdosacores.pt\/en\/wp-json\/wp\/v2\/product_brand?post=5160"},{"taxonomy":"product_cat","embeddable":true,"href":"https:\/\/ananasdosacores.pt\/en\/wp-json\/wp\/v2\/product_cat?post=5160"},{"taxonomy":"product_tag","embeddable":true,"href":"https:\/\/ananasdosacores.pt\/en\/wp-json\/wp\/v2\/product_tag?post=5160"}],"curies":[{"name":"wp","href":"https:\/\/api.w.org\/{rel}","templated":true}]}}