{"id":4157,"date":"2022-06-07T15:12:18","date_gmt":"2022-06-07T16:12:18","guid":{"rendered":"https:\/\/ananasdosacores.pt\/?post_type=product&#038;p=4157"},"modified":"2022-09-06T13:01:29","modified_gmt":"2022-09-06T14:01:29","slug":"cerveja-de-ananas-1864","status":"publish","type":"product","link":"https:\/\/ananasdosacores.pt\/en\/product\/cerveja-de-ananas-1864\/","title":{"rendered":"Cerveja de Anan\u00e1s 1864"},"content":{"rendered":"","protected":false},"excerpt":{"rendered":"<p>Esta cerveja quer proporcionar-lhe uma experi\u00eancia \u00fanica. Saborear o melhor Anan\u00e1s do Mundo num registo totalmente desafiante. Juntamos a tradi\u00e7\u00e3o secular da produ\u00e7\u00e3o do nosso Anan\u00e1s ao saber fazer de uma cerveja de alta qualidade. O resultado \u00e9 algo exclusivamente refrescante, arom\u00e1tico e com um toque de acidez, apenas o suficiente para lhe despertar o paladar. Sem igual, esta \u00e9 uma cerjeva para todos os momentos e para grandes recorda\u00e7\u00f5es.<\/p>\n<p>Ingredientes:<br \/>\n\u00c1gua, malte de cevada, flocos de aveia, flocos de trigo, l\u00fapulo, levedura, lactose e Anan\u00e1s dos A\u00e7ores\/S\u00e3o Miguel DOP.<\/p>\n<p>Alerg\u00e9nios: Cont\u00e9m gluten e lactose.<\/p>\n<p>5,2%, 330ml<\/p>","protected":false},"featured_media":4158,"template":"","meta":{"_monsterinsights_skip_tracking":false,"_monsterinsights_sitenote_active":false,"_monsterinsights_sitenote_note":"","_monsterinsights_sitenote_category":0,"site-sidebar-layout":"no-sidebar","site-content-layout":"page-builder","ast-main-header-display":"","ast-hfb-above-header-display":"","ast-hfb-below-header-display":"","ast-hfb-mobile-header-display":"","site-post-title":"disabled","ast-breadcrumbs-content":"","ast-featured-img":"disabled","footer-sml-layout":"","theme-transparent-header-meta":"default","adv-header-id-meta":"","stick-header-meta":"","header-above-stick-meta":"","header-main-stick-meta":"","header-below-stick-meta":""},"product_brand":[],"product_cat":[34],"product_tag":[],"class_list":{"0":"post-4157","1":"product","2":"type-product","3":"status-publish","4":"has-post-thumbnail","6":"product_cat-cerveja","8":"first","9":"instock","10":"taxable","11":"shipping-taxable","12":"purchasable","13":"product-type-simple"},"jetpack_sharing_enabled":true,"_links":{"self":[{"href":"https:\/\/ananasdosacores.pt\/en\/wp-json\/wp\/v2\/product\/4157","targetHints":{"allow":["GET"]}}],"collection":[{"href":"https:\/\/ananasdosacores.pt\/en\/wp-json\/wp\/v2\/product"}],"about":[{"href":"https:\/\/ananasdosacores.pt\/en\/wp-json\/wp\/v2\/types\/product"}],"version-history":[{"count":3,"href":"https:\/\/ananasdosacores.pt\/en\/wp-json\/wp\/v2\/product\/4157\/revisions"}],"predecessor-version":[{"id":4161,"href":"https:\/\/ananasdosacores.pt\/en\/wp-json\/wp\/v2\/product\/4157\/revisions\/4161"}],"wp:featuredmedia":[{"embeddable":true,"href":"https:\/\/ananasdosacores.pt\/en\/wp-json\/wp\/v2\/media\/4158"}],"wp:attachment":[{"href":"https:\/\/ananasdosacores.pt\/en\/wp-json\/wp\/v2\/media?parent=4157"}],"wp:term":[{"taxonomy":"product_brand","embeddable":true,"href":"https:\/\/ananasdosacores.pt\/en\/wp-json\/wp\/v2\/product_brand?post=4157"},{"taxonomy":"product_cat","embeddable":true,"href":"https:\/\/ananasdosacores.pt\/en\/wp-json\/wp\/v2\/product_cat?post=4157"},{"taxonomy":"product_tag","embeddable":true,"href":"https:\/\/ananasdosacores.pt\/en\/wp-json\/wp\/v2\/product_tag?post=4157"}],"curies":[{"name":"wp","href":"https:\/\/api.w.org\/{rel}","templated":true}]}}