{"id":3864,"date":"2022-01-10T14:54:28","date_gmt":"2022-01-10T15:54:28","guid":{"rendered":"https:\/\/ananasdosacores.pt\/?post_type=product&#038;p=3864"},"modified":"2023-06-16T16:15:27","modified_gmt":"2023-06-16T17:15:27","slug":"bombons-de-ananas","status":"publish","type":"product","link":"https:\/\/ananasdosacores.pt\/en\/product\/bombons-de-ananas\/","title":{"rendered":"Bombons de Anan\u00e1s 1864"},"content":{"rendered":"","protected":false},"excerpt":{"rendered":"<p>Produzidos com o Anan\u00e1s dos A\u00e7ores, o fruto mais emblem\u00e1tico da Regi\u00e3o Aut\u00f3noma dos A\u00e7ores, os Bombons de Anan\u00e1s 1864 representam todo o esplendor do fruto rei, numa receita \u00fanica e que nos transporta pela cultura centen\u00e1ria e tradicional do extraordin\u00e1rio fruto rei.<br \/>\nDispon\u00edvel em caixa de 120gr.<\/p>\n<p>Declara\u00e7\u00e3o Nutricional (valores m\u00e9dios por 100g): Energia: 1465,3kj\/350kcal; L\u00edpidos: 11,7g, dos quais saturados: 7,2g; Hidratos de Carbono: 54,3g dos quais a\u00e7\u00facares: 41,4g; Prote\u00ednas: 2,2g; Fibra: 2,6g; Sal: 0.1g.<\/p>","protected":false},"featured_media":3872,"template":"","meta":{"_monsterinsights_skip_tracking":false,"_monsterinsights_sitenote_active":false,"_monsterinsights_sitenote_note":"","_monsterinsights_sitenote_category":0,"site-sidebar-layout":"default","site-content-layout":"default","ast-main-header-display":"","ast-hfb-above-header-display":"","ast-hfb-below-header-display":"","ast-hfb-mobile-header-display":"","site-post-title":"","ast-breadcrumbs-content":"","ast-featured-img":"","footer-sml-layout":"","theme-transparent-header-meta":"default","adv-header-id-meta":"","stick-header-meta":"","header-above-stick-meta":"","header-main-stick-meta":"","header-below-stick-meta":""},"product_brand":[],"product_cat":[33],"product_tag":[],"class_list":{"0":"post-3864","1":"product","2":"type-product","3":"status-publish","4":"has-post-thumbnail","6":"product_cat-bombons","8":"first","9":"outofstock","10":"taxable","11":"shipping-taxable","12":"purchasable","13":"product-type-simple"},"jetpack_sharing_enabled":true,"_links":{"self":[{"href":"https:\/\/ananasdosacores.pt\/en\/wp-json\/wp\/v2\/product\/3864","targetHints":{"allow":["GET"]}}],"collection":[{"href":"https:\/\/ananasdosacores.pt\/en\/wp-json\/wp\/v2\/product"}],"about":[{"href":"https:\/\/ananasdosacores.pt\/en\/wp-json\/wp\/v2\/types\/product"}],"version-history":[{"count":2,"href":"https:\/\/ananasdosacores.pt\/en\/wp-json\/wp\/v2\/product\/3864\/revisions"}],"predecessor-version":[{"id":4433,"href":"https:\/\/ananasdosacores.pt\/en\/wp-json\/wp\/v2\/product\/3864\/revisions\/4433"}],"wp:featuredmedia":[{"embeddable":true,"href":"https:\/\/ananasdosacores.pt\/en\/wp-json\/wp\/v2\/media\/3872"}],"wp:attachment":[{"href":"https:\/\/ananasdosacores.pt\/en\/wp-json\/wp\/v2\/media?parent=3864"}],"wp:term":[{"taxonomy":"product_brand","embeddable":true,"href":"https:\/\/ananasdosacores.pt\/en\/wp-json\/wp\/v2\/product_brand?post=3864"},{"taxonomy":"product_cat","embeddable":true,"href":"https:\/\/ananasdosacores.pt\/en\/wp-json\/wp\/v2\/product_cat?post=3864"},{"taxonomy":"product_tag","embeddable":true,"href":"https:\/\/ananasdosacores.pt\/en\/wp-json\/wp\/v2\/product_tag?post=3864"}],"curies":[{"name":"wp","href":"https:\/\/api.w.org\/{rel}","templated":true}]}}