{"id":3517,"date":"2021-07-27T08:58:48","date_gmt":"2021-07-27T09:58:48","guid":{"rendered":"https:\/\/ananasdosacores.pt\/?page_id=3517"},"modified":"2021-07-27T09:01:21","modified_gmt":"2021-07-27T10:01:21","slug":"zbiory","status":"publish","type":"page","link":"https:\/\/ananasdosacores.pt\/en\/zbiory\/","title":{"rendered":"Zbiory"},"content":{"rendered":"<div data-elementor-type=\"wp-page\" data-elementor-id=\"3517\" class=\"elementor elementor-3517\" data-elementor-post-type=\"page\">\n\t\t\t\t\t\t<section class=\"elementor-section elementor-top-section elementor-element elementor-element-86005d6 elementor-section-boxed elementor-section-height-default elementor-section-height-default\" data-id=\"86005d6\" data-element_type=\"section\" data-e-type=\"section\">\n\t\t\t\t\t\t<div class=\"elementor-container elementor-column-gap-default\">\n\t\t\t\t\t<div class=\"elementor-column elementor-col-100 elementor-top-column elementor-element elementor-element-03b2095\" data-id=\"03b2095\" data-element_type=\"column\" data-e-type=\"column\">\n\t\t\t<div class=\"elementor-widget-wrap elementor-element-populated\">\n\t\t\t\t\t\t<div class=\"elementor-element elementor-element-c268d42 elementor-widget elementor-widget-heading\" data-id=\"c268d42\" data-element_type=\"widget\" data-e-type=\"widget\" data-widget_type=\"heading.default\">\n\t\t\t\t<div class=\"elementor-widget-container\">\n\t\t\t\t\t<h2 class=\"elementor-heading-title elementor-size-default\">Zbiory<\/h2>\t\t\t\t<\/div>\n\t\t\t\t<\/div>\n\t\t\t\t\t<\/div>\n\t\t<\/div>\n\t\t\t\t\t<\/div>\n\t\t<\/section>\n\t\t\t\t<section class=\"elementor-section elementor-top-section elementor-element elementor-element-54192c6 elementor-section-boxed elementor-section-height-default elementor-section-height-default\" data-id=\"54192c6\" data-element_type=\"section\" data-e-type=\"section\">\n\t\t\t\t\t\t<div class=\"elementor-container elementor-column-gap-default\">\n\t\t\t\t\t<div class=\"elementor-column elementor-col-100 elementor-top-column elementor-element elementor-element-e882bdd\" data-id=\"e882bdd\" data-element_type=\"column\" data-e-type=\"column\">\n\t\t\t<div class=\"elementor-widget-wrap elementor-element-populated\">\n\t\t\t\t\t\t<div class=\"elementor-element elementor-element-859c4f5 elementor-widget elementor-widget-image\" data-id=\"859c4f5\" data-element_type=\"widget\" data-e-type=\"widget\" data-widget_type=\"image.default\">\n\t\t\t\t<div class=\"elementor-widget-container\">\n\t\t\t\t\t\t\t\t\t\t\t\t\t\t\t<img fetchpriority=\"high\" decoding=\"async\" width=\"820\" height=\"360\" src=\"https:\/\/ananasdosacores.pt\/wp-content\/uploads\/2021\/07\/colheita-9.png\" class=\"attachment-large size-large wp-image-3518\" alt=\"\" srcset=\"https:\/\/ananasdosacores.pt\/wp-content\/uploads\/2021\/07\/colheita-9.png 820w, https:\/\/ananasdosacores.pt\/wp-content\/uploads\/2021\/07\/colheita-9-300x132.png 300w, https:\/\/ananasdosacores.pt\/wp-content\/uploads\/2021\/07\/colheita-9-768x337.png 768w, https:\/\/ananasdosacores.pt\/wp-content\/uploads\/2021\/07\/colheita-9-16x7.png 16w, https:\/\/ananasdosacores.pt\/wp-content\/uploads\/2021\/07\/colheita-9-600x263.png 600w\" sizes=\"(max-width: 820px) 100vw, 820px\" \/>\t\t\t\t\t\t\t\t\t\t\t\t\t\t\t<\/div>\n\t\t\t\t<\/div>\n\t\t\t\t\t<\/div>\n\t\t<\/div>\n\t\t\t\t\t<\/div>\n\t\t<\/section>\n\t\t\t\t<section class=\"elementor-section elementor-top-section elementor-element elementor-element-91cb6e9 elementor-section-boxed elementor-section-height-default elementor-section-height-default\" data-id=\"91cb6e9\" data-element_type=\"section\" data-e-type=\"section\">\n\t\t\t\t\t\t<div class=\"elementor-container elementor-column-gap-default\">\n\t\t\t\t\t<div class=\"elementor-column elementor-col-100 elementor-top-column elementor-element elementor-element-b90aa84\" data-id=\"b90aa84\" data-element_type=\"column\" data-e-type=\"column\">\n\t\t\t<div class=\"elementor-widget-wrap elementor-element-populated\">\n\t\t\t\t\t\t<div class=\"elementor-element elementor-element-ec70b4f elementor-widget elementor-widget-text-editor\" data-id=\"ec70b4f\" data-element_type=\"widget\" data-e-type=\"widget\" data-widget_type=\"text-editor.default\">\n\t\t\t\t<div class=\"elementor-widget-container\">\n\t\t\t\t\t\t\t\t\t<p>Ananas uwa\u017cany jest za owoc nieklimakteryczny, to znaczy taki, kt\u00f3ry nie dojrzewa po zbiorach. Proces gromadzenia si\u0119 cukr\u00f3w w owocach zachodzi w ci\u0105gu ostatnich sze\u015bciu do o\u015bmiu tygodni.<\/p><p>Owoce musz\u0105 dojrzewa\u0107 na ro\u015blinie i by\u0107 zbierane, gdy \u201eszyszki\u201d (jagody) maj\u0105 co najmniej 25% pomara\u0144czowawej pigmentacji, aby zagwarantowa\u0107 \u017c\u00f3\u0142ty odcie\u0144 i s\u0142odki smak owocu.<\/p><p>Najlepszy Ananas \u015awiata jest bardziej aromatyczny, s\u0142odszy i mniej kwaskowaty w miesi\u0105cach letnich ni\u017c w miesi\u0105cach zimowych.<\/p><p>Ananasa najlepiej jest kroi\u0107 w plastry w linii pionowej, poniewa\u017c st\u0119\u017cenie cukru jest najwy\u017csze u podstawy owocu. W ten spos\u00f3b poziom s\u0142odyczy b\u0119dzie r\u00f3wny w ka\u017cdym plastrze, kt\u00f3ry b\u0119dzie zawiera\u0142 jednocze\u015bnie t\u0119 s\u0142odsz\u0105, i t\u0119 kwa\u015bniejsz\u0105 cz\u0119\u015b\u0107 owocu.<\/p><p>Aby wybra\u0107 dobrego ananasa, nale\u017cy wzi\u0105\u0107 pod uwag\u0119 dwa podstawowe aspekty, a mianowicie ubarwienie owocu i jego aromat. Im bardziej pomara\u0144czowy i aromatyczny ananas, tym b\u0119dzie on s\u0142odszy. Ponadto nale\u017cy zwr\u00f3ci\u0107 uwag\u0119 na rozmiar owocu \u2013 im wi\u0119kszy ananas, tym lepszy.<\/p>\t\t\t\t\t\t\t\t<\/div>\n\t\t\t\t<\/div>\n\t\t\t\t\t<\/div>\n\t\t<\/div>\n\t\t\t\t\t<\/div>\n\t\t<\/section>\n\t\t\t\t<\/div>","protected":false},"excerpt":{"rendered":"<p>Zbiory Ananas uwa\u017cany jest za owoc nieklimakteryczny, to znaczy taki, kt\u00f3ry nie dojrzewa po zbiorach. Proces gromadzenia si\u0119 cukr\u00f3w w owocach zachodzi w ci\u0105gu ostatnich sze\u015bciu do o\u015bmiu tygodni. Owoce musz\u0105 dojrzewa\u0107 na ro\u015blinie i by\u0107 zbierane, gdy \u201eszyszki\u201d (jagody) maj\u0105 co najmniej 25% pomara\u0144czowawej pigmentacji, aby zagwarantowa\u0107 \u017c\u00f3\u0142ty odcie\u0144 i s\u0142odki smak owocu. Najlepszy &hellip;<\/p>\n<p class=\"read-more\"> <a class=\"\" href=\"https:\/\/ananasdosacores.pt\/en\/zbiory\/\"> <span class=\"screen-reader-text\">Zbiory<\/span> Read More &raquo;<\/a><\/p>","protected":false},"author":1,"featured_media":0,"parent":0,"menu_order":0,"comment_status":"closed","ping_status":"closed","template":"","meta":{"_monsterinsights_skip_tracking":false,"_monsterinsights_sitenote_active":false,"_monsterinsights_sitenote_note":"","_monsterinsights_sitenote_category":0,"site-sidebar-layout":"no-sidebar","site-content-layout":"page-builder","ast-main-header-display":"","ast-hfb-above-header-display":"","ast-hfb-below-header-display":"","ast-hfb-mobile-header-display":"","site-post-title":"disabled","ast-breadcrumbs-content":"","ast-featured-img":"disabled","footer-sml-layout":"","theme-transparent-header-meta":"","adv-header-id-meta":"","stick-header-meta":"","header-above-stick-meta":"","header-main-stick-meta":"","header-below-stick-meta":"","footnotes":""},"class_list":["post-3517","page","type-page","status-publish","hentry"],"jetpack_sharing_enabled":true,"_links":{"self":[{"href":"https:\/\/ananasdosacores.pt\/en\/wp-json\/wp\/v2\/pages\/3517","targetHints":{"allow":["GET"]}}],"collection":[{"href":"https:\/\/ananasdosacores.pt\/en\/wp-json\/wp\/v2\/pages"}],"about":[{"href":"https:\/\/ananasdosacores.pt\/en\/wp-json\/wp\/v2\/types\/page"}],"author":[{"embeddable":true,"href":"https:\/\/ananasdosacores.pt\/en\/wp-json\/wp\/v2\/users\/1"}],"replies":[{"embeddable":true,"href":"https:\/\/ananasdosacores.pt\/en\/wp-json\/wp\/v2\/comments?post=3517"}],"version-history":[{"count":0,"href":"https:\/\/ananasdosacores.pt\/en\/wp-json\/wp\/v2\/pages\/3517\/revisions"}],"wp:attachment":[{"href":"https:\/\/ananasdosacores.pt\/en\/wp-json\/wp\/v2\/media?parent=3517"}],"curies":[{"name":"wp","href":"https:\/\/api.w.org\/{rel}","templated":true}]}}