{"id":3512,"date":"2021-07-27T08:47:24","date_gmt":"2021-07-27T09:47:24","guid":{"rendered":"https:\/\/ananasdosacores.pt\/?page_id=3512"},"modified":"2021-07-27T09:34:52","modified_gmt":"2021-07-27T10:34:52","slug":"minimalizacja-korony","status":"publish","type":"page","link":"https:\/\/ananasdosacores.pt\/en\/minimalizacja-korony\/","title":{"rendered":"Minimalizacja korony"},"content":{"rendered":"<div data-elementor-type=\"wp-page\" data-elementor-id=\"3512\" class=\"elementor elementor-3512\" data-elementor-post-type=\"page\">\n\t\t\t\t\t\t<section class=\"elementor-section elementor-top-section elementor-element elementor-element-496f2b0 elementor-section-boxed elementor-section-height-default elementor-section-height-default\" data-id=\"496f2b0\" data-element_type=\"section\" data-e-type=\"section\">\n\t\t\t\t\t\t<div class=\"elementor-container elementor-column-gap-default\">\n\t\t\t\t\t<div class=\"elementor-column elementor-col-100 elementor-top-column elementor-element elementor-element-8097437\" data-id=\"8097437\" data-element_type=\"column\" data-e-type=\"column\">\n\t\t\t<div class=\"elementor-widget-wrap elementor-element-populated\">\n\t\t\t\t\t\t<div class=\"elementor-element elementor-element-b02bbd1 elementor-widget elementor-widget-heading\" data-id=\"b02bbd1\" data-element_type=\"widget\" data-e-type=\"widget\" data-widget_type=\"heading.default\">\n\t\t\t\t<div class=\"elementor-widget-container\">\n\t\t\t\t\t<h2 class=\"elementor-heading-title elementor-size-default\">Minimalizacja korony<\/h2>\t\t\t\t<\/div>\n\t\t\t\t<\/div>\n\t\t\t\t\t<\/div>\n\t\t<\/div>\n\t\t\t\t\t<\/div>\n\t\t<\/section>\n\t\t\t\t<section class=\"elementor-section elementor-top-section elementor-element elementor-element-66f2524 elementor-section-boxed elementor-section-height-default elementor-section-height-default\" data-id=\"66f2524\" data-element_type=\"section\" data-e-type=\"section\">\n\t\t\t\t\t\t<div class=\"elementor-container elementor-column-gap-default\">\n\t\t\t\t\t<div class=\"elementor-column elementor-col-100 elementor-top-column elementor-element elementor-element-721356e\" data-id=\"721356e\" data-element_type=\"column\" data-e-type=\"column\">\n\t\t\t<div class=\"elementor-widget-wrap elementor-element-populated\">\n\t\t\t\t\t\t<div class=\"elementor-element elementor-element-e08b022 elementor-widget elementor-widget-image\" data-id=\"e08b022\" data-element_type=\"widget\" data-e-type=\"widget\" data-widget_type=\"image.default\">\n\t\t\t\t<div class=\"elementor-widget-container\">\n\t\t\t\t\t\t\t\t\t\t\t\t\t\t\t<img fetchpriority=\"high\" decoding=\"async\" width=\"820\" height=\"360\" src=\"https:\/\/ananasdosacores.pt\/wp-content\/uploads\/2021\/07\/capacao-da-coroa.jpg\" class=\"attachment-large size-large wp-image-3513\" alt=\"\" srcset=\"https:\/\/ananasdosacores.pt\/wp-content\/uploads\/2021\/07\/capacao-da-coroa.jpg 820w, https:\/\/ananasdosacores.pt\/wp-content\/uploads\/2021\/07\/capacao-da-coroa-300x132.jpg 300w, https:\/\/ananasdosacores.pt\/wp-content\/uploads\/2021\/07\/capacao-da-coroa-768x337.jpg 768w, https:\/\/ananasdosacores.pt\/wp-content\/uploads\/2021\/07\/capacao-da-coroa-16x7.jpg 16w, https:\/\/ananasdosacores.pt\/wp-content\/uploads\/2021\/07\/capacao-da-coroa-600x263.jpg 600w\" sizes=\"(max-width: 820px) 100vw, 820px\" \/>\t\t\t\t\t\t\t\t\t\t\t\t\t\t\t<\/div>\n\t\t\t\t<\/div>\n\t\t\t\t\t<\/div>\n\t\t<\/div>\n\t\t\t\t\t<\/div>\n\t\t<\/section>\n\t\t\t\t<section class=\"elementor-section elementor-top-section elementor-element elementor-element-ee682e8 elementor-section-boxed elementor-section-height-default elementor-section-height-default\" data-id=\"ee682e8\" data-element_type=\"section\" data-e-type=\"section\">\n\t\t\t\t\t\t<div class=\"elementor-container elementor-column-gap-default\">\n\t\t\t\t\t<div class=\"elementor-column elementor-col-100 elementor-top-column elementor-element elementor-element-92266d3\" data-id=\"92266d3\" data-element_type=\"column\" data-e-type=\"column\">\n\t\t\t<div class=\"elementor-widget-wrap elementor-element-populated\">\n\t\t\t\t\t\t<div class=\"elementor-element elementor-element-56da91c elementor-widget elementor-widget-text-editor\" data-id=\"56da91c\" data-element_type=\"widget\" data-e-type=\"widget\" data-widget_type=\"text-editor.default\">\n\t\t\t\t<div class=\"elementor-widget-container\">\n\t\t\t\t\t\t\t\t\t<p>Kiedy korona ananasa osi\u0105gnie oko\u0142o 1\/3 ostatecznej wielko\u015bci owocu (czyli, zasadniczo, w dwa miesi\u0105ce po pojawieniu si\u0119 kwiatu), usuwa si\u0119 centralny sto\u017cek wzrostu z wierzcho\u0142ka pi\u00f3ropusza.<\/p><p>Ta procedura, opr\u00f3cz zmiany ostatecznego wygl\u0105du owocu, pozwala ro\u015blinie skoncentrowa\u0107 swoj\u0105 energi\u0119 na wzro\u015bcie owocu, przy zminimalizowaniu korony. Ponadto technika usuwania merystem\u00f3w, wykonywana drewnian\u0105 szpatu\u0142k\u0105, powoduje, \u017ce \u015bwiat\u0142o pada bezpo\u015brednio na owoc, co sprzyja jego naturalnemu dojrzewaniu.<\/p><p>Z tego wzgl\u0119du wierzcho\u0142ek Najlepszego Ananasa \u015awiata jest bardziej zaokr\u0105glony, a jego korona jest znacznie mniejsza ni\u017c u innych ananas\u00f3w.<\/p>\t\t\t\t\t\t\t\t<\/div>\n\t\t\t\t<\/div>\n\t\t\t\t\t<\/div>\n\t\t<\/div>\n\t\t\t\t\t<\/div>\n\t\t<\/section>\n\t\t\t\t<\/div>","protected":false},"excerpt":{"rendered":"<p>Minimalizacja korony Kiedy korona ananasa osi\u0105gnie oko\u0142o 1\/3 ostatecznej wielko\u015bci owocu (czyli, zasadniczo, w dwa miesi\u0105ce po pojawieniu si\u0119 kwiatu), usuwa si\u0119 centralny sto\u017cek wzrostu z wierzcho\u0142ka pi\u00f3ropusza. Ta procedura, opr\u00f3cz zmiany ostatecznego wygl\u0105du owocu, pozwala ro\u015blinie skoncentrowa\u0107 swoj\u0105 energi\u0119 na wzro\u015bcie owocu, przy zminimalizowaniu korony. Ponadto technika usuwania merystem\u00f3w, wykonywana drewnian\u0105 szpatu\u0142k\u0105, powoduje, \u017ce &hellip;<\/p>\n<p class=\"read-more\"> <a class=\"\" href=\"https:\/\/ananasdosacores.pt\/en\/minimalizacja-korony\/\"> <span class=\"screen-reader-text\">Minimalizacja korony<\/span> Read More &raquo;<\/a><\/p>","protected":false},"author":1,"featured_media":0,"parent":0,"menu_order":0,"comment_status":"closed","ping_status":"closed","template":"","meta":{"_monsterinsights_skip_tracking":false,"_monsterinsights_sitenote_active":false,"_monsterinsights_sitenote_note":"","_monsterinsights_sitenote_category":0,"site-sidebar-layout":"no-sidebar","site-content-layout":"page-builder","ast-main-header-display":"","ast-hfb-above-header-display":"","ast-hfb-below-header-display":"","ast-hfb-mobile-header-display":"","site-post-title":"disabled","ast-breadcrumbs-content":"","ast-featured-img":"disabled","footer-sml-layout":"","theme-transparent-header-meta":"","adv-header-id-meta":"","stick-header-meta":"","header-above-stick-meta":"","header-main-stick-meta":"","header-below-stick-meta":"","footnotes":""},"class_list":["post-3512","page","type-page","status-publish","hentry"],"jetpack_sharing_enabled":true,"_links":{"self":[{"href":"https:\/\/ananasdosacores.pt\/en\/wp-json\/wp\/v2\/pages\/3512","targetHints":{"allow":["GET"]}}],"collection":[{"href":"https:\/\/ananasdosacores.pt\/en\/wp-json\/wp\/v2\/pages"}],"about":[{"href":"https:\/\/ananasdosacores.pt\/en\/wp-json\/wp\/v2\/types\/page"}],"author":[{"embeddable":true,"href":"https:\/\/ananasdosacores.pt\/en\/wp-json\/wp\/v2\/users\/1"}],"replies":[{"embeddable":true,"href":"https:\/\/ananasdosacores.pt\/en\/wp-json\/wp\/v2\/comments?post=3512"}],"version-history":[{"count":0,"href":"https:\/\/ananasdosacores.pt\/en\/wp-json\/wp\/v2\/pages\/3512\/revisions"}],"wp:attachment":[{"href":"https:\/\/ananasdosacores.pt\/en\/wp-json\/wp\/v2\/media?parent=3512"}],"curies":[{"name":"wp","href":"https:\/\/api.w.org\/{rel}","templated":true}]}}