{"id":3503,"date":"2021-07-26T15:55:18","date_gmt":"2021-07-26T16:55:18","guid":{"rendered":"https:\/\/ananasdosacores.pt\/?page_id=3503"},"modified":"2021-07-27T09:43:24","modified_gmt":"2021-07-27T10:43:24","slug":"ostatni-etap-produkcji-owocow","status":"publish","type":"page","link":"https:\/\/ananasdosacores.pt\/en\/ostatni-etap-produkcji-owocow\/","title":{"rendered":"Ostatni etap produkcji owoc\u00f3w"},"content":{"rendered":"<div data-elementor-type=\"wp-page\" data-elementor-id=\"3503\" class=\"elementor elementor-3503\" data-elementor-post-type=\"page\">\n\t\t\t\t\t\t<section class=\"elementor-section elementor-top-section elementor-element elementor-element-c69a8e4 elementor-section-boxed elementor-section-height-default elementor-section-height-default\" data-id=\"c69a8e4\" data-element_type=\"section\" data-e-type=\"section\">\n\t\t\t\t\t\t<div class=\"elementor-container elementor-column-gap-default\">\n\t\t\t\t\t<div class=\"elementor-column elementor-col-100 elementor-top-column elementor-element elementor-element-3a64b38\" data-id=\"3a64b38\" data-element_type=\"column\" data-e-type=\"column\">\n\t\t\t<div class=\"elementor-widget-wrap elementor-element-populated\">\n\t\t\t\t\t\t<div class=\"elementor-element elementor-element-504526f elementor-widget elementor-widget-heading\" data-id=\"504526f\" data-element_type=\"widget\" data-e-type=\"widget\" data-widget_type=\"heading.default\">\n\t\t\t\t<div class=\"elementor-widget-container\">\n\t\t\t\t\t<h2 class=\"elementor-heading-title elementor-size-default\">Ostatni etap produkcji owoc\u00f3w<\/h2>\t\t\t\t<\/div>\n\t\t\t\t<\/div>\n\t\t\t\t\t<\/div>\n\t\t<\/div>\n\t\t\t\t\t<\/div>\n\t\t<\/section>\n\t\t\t\t<section class=\"elementor-section elementor-top-section elementor-element elementor-element-d39819f elementor-section-boxed elementor-section-height-default elementor-section-height-default\" data-id=\"d39819f\" data-element_type=\"section\" data-e-type=\"section\">\n\t\t\t\t\t\t<div class=\"elementor-container elementor-column-gap-default\">\n\t\t\t\t\t<div class=\"elementor-column elementor-col-100 elementor-top-column elementor-element elementor-element-036c496\" data-id=\"036c496\" data-element_type=\"column\" data-e-type=\"column\">\n\t\t\t<div class=\"elementor-widget-wrap elementor-element-populated\">\n\t\t\t\t\t\t<div class=\"elementor-element elementor-element-2bb7e77 elementor-widget elementor-widget-image\" data-id=\"2bb7e77\" data-element_type=\"widget\" data-e-type=\"widget\" data-widget_type=\"image.default\">\n\t\t\t\t<div class=\"elementor-widget-container\">\n\t\t\t\t\t\t\t\t\t\t\t\t\t\t\t<img fetchpriority=\"high\" decoding=\"async\" width=\"820\" height=\"360\" src=\"https:\/\/ananasdosacores.pt\/wp-content\/uploads\/2020\/07\/fase-definitiva.jpg\" class=\"attachment-full size-full wp-image-1686\" alt=\"\" srcset=\"https:\/\/ananasdosacores.pt\/wp-content\/uploads\/2020\/07\/fase-definitiva.jpg 820w, https:\/\/ananasdosacores.pt\/wp-content\/uploads\/2020\/07\/fase-definitiva-600x263.jpg 600w, https:\/\/ananasdosacores.pt\/wp-content\/uploads\/2020\/07\/fase-definitiva-300x132.jpg 300w, https:\/\/ananasdosacores.pt\/wp-content\/uploads\/2020\/07\/fase-definitiva-768x337.jpg 768w\" sizes=\"(max-width: 820px) 100vw, 820px\" \/>\t\t\t\t\t\t\t\t\t\t\t\t\t\t\t<\/div>\n\t\t\t\t<\/div>\n\t\t\t\t\t<\/div>\n\t\t<\/div>\n\t\t\t\t\t<\/div>\n\t\t<\/section>\n\t\t\t\t<section class=\"elementor-section elementor-top-section elementor-element elementor-element-f18b113 elementor-section-boxed elementor-section-height-default elementor-section-height-default\" data-id=\"f18b113\" data-element_type=\"section\" data-e-type=\"section\">\n\t\t\t\t\t\t<div class=\"elementor-container elementor-column-gap-default\">\n\t\t\t\t\t<div class=\"elementor-column elementor-col-100 elementor-top-column elementor-element elementor-element-09475ad\" data-id=\"09475ad\" data-element_type=\"column\" data-e-type=\"column\">\n\t\t\t<div class=\"elementor-widget-wrap elementor-element-populated\">\n\t\t\t\t\t\t<div class=\"elementor-element elementor-element-776277e elementor-widget elementor-widget-text-editor\" data-id=\"776277e\" data-element_type=\"widget\" data-e-type=\"widget\" data-widget_type=\"text-editor.default\">\n\t\t\t\t<div class=\"elementor-widget-container\">\n\t\t\t\t\t\t\t\t\t<p>Ostatni etap produkcji obejmuje przesadzenie ro\u015blin do szklarni docelowej, w kt\u00f3rej pozostaj\u0105 one a\u017c do momentu zbior\u00f3w. Po sze\u015bciu miesi\u0105cach od ostatecznego zasadzenia ro\u015blin nadchodzi czas na odymianie, czyli <em>fumos<\/em>.<\/p><p>Z zebranych ro\u015blin pobierany jest p\u0119d, kt\u00f3ry zostanie wykorzystany do wyhodowania nowych sadzonek, inicjuj\u0105c tym samym nowy cykl produkcyjny Ananasa z Azor\u00f3w.<\/p><p>Ca\u0142y proces produkcji i uprawy Ananasa z Azor\u00f3w trwa oko\u0142o dwunastu miesi\u0119cy, licz\u0105c od zasadzenia k\u0142\u0105cza do momentu, gdy owoc jest gotowy do zbioru.<\/p>\t\t\t\t\t\t\t\t<\/div>\n\t\t\t\t<\/div>\n\t\t\t\t\t<\/div>\n\t\t<\/div>\n\t\t\t\t\t<\/div>\n\t\t<\/section>\n\t\t\t\t<\/div>","protected":false},"excerpt":{"rendered":"<p>Ostatni etap produkcji owoc\u00f3w Ostatni etap produkcji obejmuje przesadzenie ro\u015blin do szklarni docelowej, w kt\u00f3rej pozostaj\u0105 one a\u017c do momentu zbior\u00f3w. Po sze\u015bciu miesi\u0105cach od ostatecznego zasadzenia ro\u015blin nadchodzi czas na odymianie, czyli fumos. Z zebranych ro\u015blin pobierany jest p\u0119d, kt\u00f3ry zostanie wykorzystany do wyhodowania nowych sadzonek, inicjuj\u0105c tym samym nowy cykl produkcyjny Ananasa z &hellip;<\/p>\n<p class=\"read-more\"> <a class=\"\" href=\"https:\/\/ananasdosacores.pt\/en\/ostatni-etap-produkcji-owocow\/\"> <span class=\"screen-reader-text\">Ostatni etap produkcji owoc\u00f3w<\/span> Read More &raquo;<\/a><\/p>","protected":false},"author":1,"featured_media":0,"parent":0,"menu_order":0,"comment_status":"closed","ping_status":"closed","template":"","meta":{"_monsterinsights_skip_tracking":false,"_monsterinsights_sitenote_active":false,"_monsterinsights_sitenote_note":"","_monsterinsights_sitenote_category":0,"site-sidebar-layout":"no-sidebar","site-content-layout":"page-builder","ast-main-header-display":"","ast-hfb-above-header-display":"","ast-hfb-below-header-display":"","ast-hfb-mobile-header-display":"","site-post-title":"disabled","ast-breadcrumbs-content":"","ast-featured-img":"disabled","footer-sml-layout":"","theme-transparent-header-meta":"","adv-header-id-meta":"","stick-header-meta":"","header-above-stick-meta":"","header-main-stick-meta":"","header-below-stick-meta":"","footnotes":""},"class_list":["post-3503","page","type-page","status-publish","hentry"],"jetpack_sharing_enabled":true,"_links":{"self":[{"href":"https:\/\/ananasdosacores.pt\/en\/wp-json\/wp\/v2\/pages\/3503","targetHints":{"allow":["GET"]}}],"collection":[{"href":"https:\/\/ananasdosacores.pt\/en\/wp-json\/wp\/v2\/pages"}],"about":[{"href":"https:\/\/ananasdosacores.pt\/en\/wp-json\/wp\/v2\/types\/page"}],"author":[{"embeddable":true,"href":"https:\/\/ananasdosacores.pt\/en\/wp-json\/wp\/v2\/users\/1"}],"replies":[{"embeddable":true,"href":"https:\/\/ananasdosacores.pt\/en\/wp-json\/wp\/v2\/comments?post=3503"}],"version-history":[{"count":0,"href":"https:\/\/ananasdosacores.pt\/en\/wp-json\/wp\/v2\/pages\/3503\/revisions"}],"wp:attachment":[{"href":"https:\/\/ananasdosacores.pt\/en\/wp-json\/wp\/v2\/media?parent=3503"}],"curies":[{"name":"wp","href":"https:\/\/api.w.org\/{rel}","templated":true}]}}