{"id":3499,"date":"2021-07-26T15:48:33","date_gmt":"2021-07-26T16:48:33","guid":{"rendered":"https:\/\/ananasdosacores.pt\/?page_id=3499"},"modified":"2021-07-27T09:46:34","modified_gmt":"2021-07-27T10:46:34","slug":"oddzielanie-i-sadzenie-sadzonek","status":"publish","type":"page","link":"https:\/\/ananasdosacores.pt\/en\/oddzielanie-i-sadzenie-sadzonek\/","title":{"rendered":"Oddzielanie i sadzenie sadzonek"},"content":{"rendered":"<div data-elementor-type=\"wp-page\" data-elementor-id=\"3499\" class=\"elementor elementor-3499\" data-elementor-post-type=\"page\">\n\t\t\t\t\t\t<section class=\"elementor-section elementor-top-section elementor-element elementor-element-80a1a19 elementor-section-boxed elementor-section-height-default elementor-section-height-default\" data-id=\"80a1a19\" data-element_type=\"section\" data-e-type=\"section\">\n\t\t\t\t\t\t<div class=\"elementor-container elementor-column-gap-default\">\n\t\t\t\t\t<div class=\"elementor-column elementor-col-100 elementor-top-column elementor-element elementor-element-5ed4ea8\" data-id=\"5ed4ea8\" data-element_type=\"column\" data-e-type=\"column\">\n\t\t\t<div class=\"elementor-widget-wrap elementor-element-populated\">\n\t\t\t\t\t\t<div class=\"elementor-element elementor-element-f8442e6 elementor-widget elementor-widget-heading\" data-id=\"f8442e6\" data-element_type=\"widget\" data-e-type=\"widget\" data-widget_type=\"heading.default\">\n\t\t\t\t<div class=\"elementor-widget-container\">\n\t\t\t\t\t<h2 class=\"elementor-heading-title elementor-size-default\">Oddzielanie i sadzenie sadzonek<\/h2>\t\t\t\t<\/div>\n\t\t\t\t<\/div>\n\t\t\t\t\t<\/div>\n\t\t<\/div>\n\t\t\t\t\t<\/div>\n\t\t<\/section>\n\t\t\t\t<section class=\"elementor-section elementor-top-section elementor-element elementor-element-b4dc7f4 elementor-section-boxed elementor-section-height-default elementor-section-height-default\" data-id=\"b4dc7f4\" data-element_type=\"section\" data-e-type=\"section\">\n\t\t\t\t\t\t<div class=\"elementor-container elementor-column-gap-default\">\n\t\t\t\t\t<div class=\"elementor-column elementor-col-100 elementor-top-column elementor-element elementor-element-faee491\" data-id=\"faee491\" data-element_type=\"column\" data-e-type=\"column\">\n\t\t\t<div class=\"elementor-widget-wrap elementor-element-populated\">\n\t\t\t\t\t\t<div class=\"elementor-element elementor-element-8aae419 elementor-widget elementor-widget-image\" data-id=\"8aae419\" data-element_type=\"widget\" data-e-type=\"widget\" data-widget_type=\"image.default\">\n\t\t\t\t<div class=\"elementor-widget-container\">\n\t\t\t\t\t\t\t\t\t\t\t\t\t\t\t<img fetchpriority=\"high\" decoding=\"async\" width=\"600\" height=\"263\" src=\"https:\/\/ananasdosacores.pt\/wp-content\/uploads\/2021\/07\/brolho-600x263.jpg\" class=\"attachment-woocommerce_single size-woocommerce_single wp-image-3544\" alt=\"\" srcset=\"https:\/\/ananasdosacores.pt\/wp-content\/uploads\/2021\/07\/brolho-600x263.jpg 600w, https:\/\/ananasdosacores.pt\/wp-content\/uploads\/2021\/07\/brolho-300x132.jpg 300w, https:\/\/ananasdosacores.pt\/wp-content\/uploads\/2021\/07\/brolho-768x337.jpg 768w, https:\/\/ananasdosacores.pt\/wp-content\/uploads\/2021\/07\/brolho-16x7.jpg 16w, https:\/\/ananasdosacores.pt\/wp-content\/uploads\/2021\/07\/brolho.jpg 820w\" sizes=\"(max-width: 600px) 100vw, 600px\" \/>\t\t\t\t\t\t\t\t\t\t\t\t\t\t\t<\/div>\n\t\t\t\t<\/div>\n\t\t\t\t\t<\/div>\n\t\t<\/div>\n\t\t\t\t\t<\/div>\n\t\t<\/section>\n\t\t\t\t<section class=\"elementor-section elementor-top-section elementor-element elementor-element-3cd3b4c elementor-section-boxed elementor-section-height-default elementor-section-height-default\" data-id=\"3cd3b4c\" data-element_type=\"section\" data-e-type=\"section\">\n\t\t\t\t\t\t<div class=\"elementor-container elementor-column-gap-default\">\n\t\t\t\t\t<div class=\"elementor-column elementor-col-100 elementor-top-column elementor-element elementor-element-367b04f\" data-id=\"367b04f\" data-element_type=\"column\" data-e-type=\"column\">\n\t\t\t<div class=\"elementor-widget-wrap elementor-element-populated\">\n\t\t\t\t\t\t<div class=\"elementor-element elementor-element-60db2df elementor-widget elementor-widget-text-editor\" data-id=\"60db2df\" data-element_type=\"widget\" data-e-type=\"widget\" data-widget_type=\"text-editor.default\">\n\t\t\t\t<div class=\"elementor-widget-container\">\n\t\t\t\t\t\t\t\t\t<p>Po oko\u0142o sze\u015bciu miesi\u0105cach od ulokowania k\u0142\u0105cza w glebie sadzonki mo\u017cna od\u0142\u0105czy\u0107 od p\u0119du-matki i przenie\u015b\u0107 do innej szklarni. W ramach tego procesu odcinane s\u0105 korzenie i li\u015bcie u podstawy \u0142odygi, co sprzyja wzrostowi nowych korzeni. Ka\u017cda <em>toca<\/em> wytwarza od trzech do czterech odn\u00f3\u017cek, z kt\u00f3rych wybiera si\u0119 zwykle dwie.<\/p><p>Po sze\u015bciu-o\u015bmiu miesi\u0105cach uprawy ro\u015bliny s\u0105 gotowe do przesadzenia do szklarni docelowej, zbudowanej z drewna i szklanych p\u0142yt.<\/p>\t\t\t\t\t\t\t\t<\/div>\n\t\t\t\t<\/div>\n\t\t\t\t\t<\/div>\n\t\t<\/div>\n\t\t\t\t\t<\/div>\n\t\t<\/section>\n\t\t\t\t<\/div>","protected":false},"excerpt":{"rendered":"<p>Oddzielanie i sadzenie sadzonek Po oko\u0142o sze\u015bciu miesi\u0105cach od ulokowania k\u0142\u0105cza w glebie sadzonki mo\u017cna od\u0142\u0105czy\u0107 od p\u0119du-matki i przenie\u015b\u0107 do innej szklarni. W ramach tego procesu odcinane s\u0105 korzenie i li\u015bcie u podstawy \u0142odygi, co sprzyja wzrostowi nowych korzeni. Ka\u017cda toca wytwarza od trzech do czterech odn\u00f3\u017cek, z kt\u00f3rych wybiera si\u0119 zwykle dwie. Po &hellip;<\/p>\n<p class=\"read-more\"> <a class=\"\" href=\"https:\/\/ananasdosacores.pt\/en\/oddzielanie-i-sadzenie-sadzonek\/\"> <span class=\"screen-reader-text\">Oddzielanie i sadzenie sadzonek<\/span> Read More &raquo;<\/a><\/p>","protected":false},"author":1,"featured_media":0,"parent":0,"menu_order":0,"comment_status":"closed","ping_status":"closed","template":"","meta":{"_monsterinsights_skip_tracking":false,"_monsterinsights_sitenote_active":false,"_monsterinsights_sitenote_note":"","_monsterinsights_sitenote_category":0,"site-sidebar-layout":"no-sidebar","site-content-layout":"page-builder","ast-main-header-display":"","ast-hfb-above-header-display":"","ast-hfb-below-header-display":"","ast-hfb-mobile-header-display":"","site-post-title":"disabled","ast-breadcrumbs-content":"","ast-featured-img":"disabled","footer-sml-layout":"","theme-transparent-header-meta":"","adv-header-id-meta":"","stick-header-meta":"","header-above-stick-meta":"","header-main-stick-meta":"","header-below-stick-meta":"","footnotes":""},"class_list":["post-3499","page","type-page","status-publish","hentry"],"jetpack_sharing_enabled":true,"_links":{"self":[{"href":"https:\/\/ananasdosacores.pt\/en\/wp-json\/wp\/v2\/pages\/3499","targetHints":{"allow":["GET"]}}],"collection":[{"href":"https:\/\/ananasdosacores.pt\/en\/wp-json\/wp\/v2\/pages"}],"about":[{"href":"https:\/\/ananasdosacores.pt\/en\/wp-json\/wp\/v2\/types\/page"}],"author":[{"embeddable":true,"href":"https:\/\/ananasdosacores.pt\/en\/wp-json\/wp\/v2\/users\/1"}],"replies":[{"embeddable":true,"href":"https:\/\/ananasdosacores.pt\/en\/wp-json\/wp\/v2\/comments?post=3499"}],"version-history":[{"count":0,"href":"https:\/\/ananasdosacores.pt\/en\/wp-json\/wp\/v2\/pages\/3499\/revisions"}],"wp:attachment":[{"href":"https:\/\/ananasdosacores.pt\/en\/wp-json\/wp\/v2\/media?parent=3499"}],"curies":[{"name":"wp","href":"https:\/\/api.w.org\/{rel}","templated":true}]}}