{"id":3494,"date":"2021-07-26T15:35:22","date_gmt":"2021-07-26T16:35:22","guid":{"rendered":"https:\/\/ananasdosacores.pt\/?page_id=3494"},"modified":"2021-07-26T15:38:27","modified_gmt":"2021-07-26T16:38:27","slug":"sadzonki","status":"publish","type":"page","link":"https:\/\/ananasdosacores.pt\/en\/sadzonki\/","title":{"rendered":"Od p\u0119du do sadzonki"},"content":{"rendered":"<div data-elementor-type=\"wp-page\" data-elementor-id=\"3494\" class=\"elementor elementor-3494\" data-elementor-post-type=\"page\">\n\t\t\t\t\t\t<section class=\"elementor-section elementor-top-section elementor-element elementor-element-3b289bb elementor-section-boxed elementor-section-height-default elementor-section-height-default\" data-id=\"3b289bb\" data-element_type=\"section\" data-e-type=\"section\">\n\t\t\t\t\t\t<div class=\"elementor-container elementor-column-gap-default\">\n\t\t\t\t\t<div class=\"elementor-column elementor-col-100 elementor-top-column elementor-element elementor-element-177399d\" data-id=\"177399d\" data-element_type=\"column\" data-e-type=\"column\">\n\t\t\t<div class=\"elementor-widget-wrap elementor-element-populated\">\n\t\t\t\t\t\t<div class=\"elementor-element elementor-element-deca22c elementor-widget elementor-widget-heading\" data-id=\"deca22c\" data-element_type=\"widget\" data-e-type=\"widget\" data-widget_type=\"heading.default\">\n\t\t\t\t<div class=\"elementor-widget-container\">\n\t\t\t\t\t<h2 class=\"elementor-heading-title elementor-size-default\">Od p\u0119du do sadzonki<\/h2>\t\t\t\t<\/div>\n\t\t\t\t<\/div>\n\t\t\t\t\t<\/div>\n\t\t<\/div>\n\t\t\t\t\t<\/div>\n\t\t<\/section>\n\t\t\t\t<section class=\"elementor-section elementor-top-section elementor-element elementor-element-7ce8a1d elementor-section-boxed elementor-section-height-default elementor-section-height-default\" data-id=\"7ce8a1d\" data-element_type=\"section\" data-e-type=\"section\">\n\t\t\t\t\t\t<div class=\"elementor-container elementor-column-gap-default\">\n\t\t\t\t\t<div class=\"elementor-column elementor-col-100 elementor-top-column elementor-element elementor-element-354cb2b\" data-id=\"354cb2b\" data-element_type=\"column\" data-e-type=\"column\">\n\t\t\t<div class=\"elementor-widget-wrap elementor-element-populated\">\n\t\t\t\t\t\t<div class=\"elementor-element elementor-element-c266e54 elementor-widget elementor-widget-image\" data-id=\"c266e54\" data-element_type=\"widget\" data-e-type=\"widget\" data-widget_type=\"image.default\">\n\t\t\t\t<div class=\"elementor-widget-container\">\n\t\t\t\t\t\t\t\t\t\t\t\t\t\t\t<img fetchpriority=\"high\" decoding=\"async\" width=\"768\" height=\"337\" src=\"https:\/\/ananasdosacores.pt\/wp-content\/uploads\/2020\/07\/tocas-768x337.jpg\" class=\"attachment-medium_large size-medium_large wp-image-1720\" alt=\"\" srcset=\"https:\/\/ananasdosacores.pt\/wp-content\/uploads\/2020\/07\/tocas-768x337.jpg 768w, https:\/\/ananasdosacores.pt\/wp-content\/uploads\/2020\/07\/tocas-600x263.jpg 600w, https:\/\/ananasdosacores.pt\/wp-content\/uploads\/2020\/07\/tocas-300x132.jpg 300w, https:\/\/ananasdosacores.pt\/wp-content\/uploads\/2020\/07\/tocas.jpg 820w\" sizes=\"(max-width: 768px) 100vw, 768px\" \/>\t\t\t\t\t\t\t\t\t\t\t\t\t\t\t<\/div>\n\t\t\t\t<\/div>\n\t\t\t\t\t<\/div>\n\t\t<\/div>\n\t\t\t\t\t<\/div>\n\t\t<\/section>\n\t\t\t\t<section class=\"elementor-section elementor-top-section elementor-element elementor-element-fe5c40a elementor-section-boxed elementor-section-height-default elementor-section-height-default\" data-id=\"fe5c40a\" data-element_type=\"section\" data-e-type=\"section\">\n\t\t\t\t\t\t<div class=\"elementor-container elementor-column-gap-default\">\n\t\t\t\t\t<div class=\"elementor-column elementor-col-100 elementor-top-column elementor-element elementor-element-f2bdc74\" data-id=\"f2bdc74\" data-element_type=\"column\" data-e-type=\"column\">\n\t\t\t<div class=\"elementor-widget-wrap elementor-element-populated\">\n\t\t\t\t\t\t<div class=\"elementor-element elementor-element-5635e70 elementor-widget elementor-widget-text-editor\" data-id=\"5635e70\" data-element_type=\"widget\" data-e-type=\"widget\" data-widget_type=\"text-editor.default\">\n\t\t\t\t<div class=\"elementor-widget-container\">\n\t\t\t\t\t\t\t\t\t<p>Proces uprawy ananasa sk\u0142ada si\u0119 z trzech odr\u0119bnych etap\u00f3w. Etap pocz\u0105tkowy obejmuje doprowadzenie wyselekcjonowanych p\u0119d\u00f3w ro\u015bliny do kie\u0142kowania, w celu uzyskania sadzonek, kt\u00f3re nast\u0119pnie s\u0105 oddzielane i \u00a0umieszczane w ziemi, aby ostatecznie uzyska\u0107 z nich <strong>owoce.<\/strong><\/p><p>Cykl produkcji i sadzenia Ananasa z Azor\u00f3w rozpoczyna si\u0119 od oddzielenia i defoliacji k\u0142\u0105czy (pt. <em>toca<\/em>) ro\u015blin, kt\u00f3re wyprodukowa\u0142y wysokiej jako\u015bci owoce w poprzednim cyklu. Nast\u0119pnie te zgrubia\u0142e p\u0119dy, w celu doprowadzenia do kie\u0142kowania, s\u0105 natychmiast umieszczane w tzw. \u201eciep\u0142ym legowisku\u201d (pt. <em>camas quentes<\/em>), czyli w bardzo \u017cyznej glebie i sprzyjaj\u0105cych warunkach, aby uzyska\u0107 Najlepsze Ananasy \u015awiata. Ta wilgotna, bogata w materi\u0119 organiczn\u0105 gleba wulkaniczna, wzbogacona o \u015bci\u00f3\u0142k\u0119 z poprzednich plon\u00f3w, zr\u0119bki pospornicy falistej (<em>Pittosporum Undulatum Vent)<\/em> i trociny (pt. <em>farelo<\/em>), dzi\u0119ki wysokiemu poziomowi fermentacji sprzyja produkcji ciep\u0142a. Ponadto tutejsze gleby s\u0105 niezwykle \u017cyzne, co zapewnia unikalne cechy Najlepszego Ananasa \u015awiata, pocz\u0105wszy od wygl\u0105du, a sko\u0144czywszy na niepowtarzalnym smaku.<\/p><p>Pierwszy etap trwa oko\u0142o 4 do 6 miesi\u0119cy i odbywa si\u0119 w szklarniach z tworzywa sztucznego, tzw. <em>estufins<\/em>. Ka\u017cdy z umieszczonych w glebie p\u0119d\u00f3w daje pocz\u0105tek ma\u0142ym ro\u015blinom, kie\u0142kuj\u0105cym sadzonkom okre\u015blanym tu mianem <em>brolhos<\/em>.<\/p>\t\t\t\t\t\t\t\t<\/div>\n\t\t\t\t<\/div>\n\t\t\t\t\t<\/div>\n\t\t<\/div>\n\t\t\t\t\t<\/div>\n\t\t<\/section>\n\t\t\t\t<\/div>","protected":false},"excerpt":{"rendered":"<p>Od p\u0119du do sadzonki Proces uprawy ananasa sk\u0142ada si\u0119 z trzech odr\u0119bnych etap\u00f3w. Etap pocz\u0105tkowy obejmuje doprowadzenie wyselekcjonowanych p\u0119d\u00f3w ro\u015bliny do kie\u0142kowania, w celu uzyskania sadzonek, kt\u00f3re nast\u0119pnie s\u0105 oddzielane i \u00a0umieszczane w ziemi, aby ostatecznie uzyska\u0107 z nich owoce. Cykl produkcji i sadzenia Ananasa z Azor\u00f3w rozpoczyna si\u0119 od oddzielenia i defoliacji k\u0142\u0105czy (pt. &hellip;<\/p>\n<p class=\"read-more\"> <a class=\"\" href=\"https:\/\/ananasdosacores.pt\/en\/sadzonki\/\"> <span class=\"screen-reader-text\">Od p\u0119du do sadzonki<\/span> Read More &raquo;<\/a><\/p>","protected":false},"author":1,"featured_media":0,"parent":0,"menu_order":0,"comment_status":"closed","ping_status":"closed","template":"","meta":{"_monsterinsights_skip_tracking":false,"_monsterinsights_sitenote_active":false,"_monsterinsights_sitenote_note":"","_monsterinsights_sitenote_category":0,"site-sidebar-layout":"no-sidebar","site-content-layout":"page-builder","ast-main-header-display":"","ast-hfb-above-header-display":"","ast-hfb-below-header-display":"","ast-hfb-mobile-header-display":"","site-post-title":"disabled","ast-breadcrumbs-content":"","ast-featured-img":"disabled","footer-sml-layout":"","theme-transparent-header-meta":"default","adv-header-id-meta":"","stick-header-meta":"","header-above-stick-meta":"","header-main-stick-meta":"","header-below-stick-meta":"","footnotes":""},"class_list":["post-3494","page","type-page","status-publish","hentry"],"jetpack_sharing_enabled":true,"_links":{"self":[{"href":"https:\/\/ananasdosacores.pt\/en\/wp-json\/wp\/v2\/pages\/3494","targetHints":{"allow":["GET"]}}],"collection":[{"href":"https:\/\/ananasdosacores.pt\/en\/wp-json\/wp\/v2\/pages"}],"about":[{"href":"https:\/\/ananasdosacores.pt\/en\/wp-json\/wp\/v2\/types\/page"}],"author":[{"embeddable":true,"href":"https:\/\/ananasdosacores.pt\/en\/wp-json\/wp\/v2\/users\/1"}],"replies":[{"embeddable":true,"href":"https:\/\/ananasdosacores.pt\/en\/wp-json\/wp\/v2\/comments?post=3494"}],"version-history":[{"count":0,"href":"https:\/\/ananasdosacores.pt\/en\/wp-json\/wp\/v2\/pages\/3494\/revisions"}],"wp:attachment":[{"href":"https:\/\/ananasdosacores.pt\/en\/wp-json\/wp\/v2\/media?parent=3494"}],"curies":[{"name":"wp","href":"https:\/\/api.w.org\/{rel}","templated":true}]}}