{"id":3484,"date":"2021-07-26T15:16:38","date_gmt":"2021-07-26T16:16:38","guid":{"rendered":"https:\/\/ananasdosacores.pt\/?page_id=3484"},"modified":"2021-07-27T09:54:46","modified_gmt":"2021-07-27T10:54:46","slug":"wyjatkowa-charakterystyka","status":"publish","type":"page","link":"https:\/\/ananasdosacores.pt\/en\/wyjatkowa-charakterystyka\/","title":{"rendered":"Wyj\u0105tkowa charakterystyka"},"content":{"rendered":"<div data-elementor-type=\"wp-page\" data-elementor-id=\"3484\" class=\"elementor elementor-3484\" data-elementor-post-type=\"page\">\n\t\t\t\t\t\t<section class=\"elementor-section elementor-top-section elementor-element elementor-element-b1396ef elementor-section-boxed elementor-section-height-default elementor-section-height-default\" data-id=\"b1396ef\" data-element_type=\"section\" data-e-type=\"section\">\n\t\t\t\t\t\t<div class=\"elementor-container elementor-column-gap-default\">\n\t\t\t\t\t<div class=\"elementor-column elementor-col-100 elementor-top-column elementor-element elementor-element-fc0cd88\" data-id=\"fc0cd88\" data-element_type=\"column\" data-e-type=\"column\">\n\t\t\t<div class=\"elementor-widget-wrap elementor-element-populated\">\n\t\t\t\t\t\t<div class=\"elementor-element elementor-element-c889bd9 elementor-widget elementor-widget-heading\" data-id=\"c889bd9\" data-element_type=\"widget\" data-e-type=\"widget\" data-widget_type=\"heading.default\">\n\t\t\t\t<div class=\"elementor-widget-container\">\n\t\t\t\t\t<h2 class=\"elementor-heading-title elementor-size-default\">Wyj\u0105tkowa charakterystyka<\/h2>\t\t\t\t<\/div>\n\t\t\t\t<\/div>\n\t\t\t\t\t<\/div>\n\t\t<\/div>\n\t\t\t\t\t<\/div>\n\t\t<\/section>\n\t\t\t\t<section class=\"elementor-section elementor-top-section elementor-element elementor-element-080a2d0 elementor-section-boxed elementor-section-height-default elementor-section-height-default\" data-id=\"080a2d0\" data-element_type=\"section\" data-e-type=\"section\">\n\t\t\t\t\t\t<div class=\"elementor-container elementor-column-gap-default\">\n\t\t\t\t\t<div class=\"elementor-column elementor-col-100 elementor-top-column elementor-element elementor-element-85211ae\" data-id=\"85211ae\" data-element_type=\"column\" data-e-type=\"column\">\n\t\t\t<div class=\"elementor-widget-wrap elementor-element-populated\">\n\t\t\t\t\t\t<div class=\"elementor-element elementor-element-5f8dbc5 elementor-widget elementor-widget-image\" data-id=\"5f8dbc5\" data-element_type=\"widget\" data-e-type=\"widget\" data-widget_type=\"image.default\">\n\t\t\t\t<div class=\"elementor-widget-container\">\n\t\t\t\t\t\t\t\t\t\t\t\t\t\t\t<img fetchpriority=\"high\" decoding=\"async\" width=\"820\" height=\"360\" src=\"https:\/\/ananasdosacores.pt\/wp-content\/uploads\/2021\/07\/caracteristicas-diferenciadoras.jpg\" class=\"attachment-large size-large wp-image-3548\" alt=\"\" srcset=\"https:\/\/ananasdosacores.pt\/wp-content\/uploads\/2021\/07\/caracteristicas-diferenciadoras.jpg 820w, https:\/\/ananasdosacores.pt\/wp-content\/uploads\/2021\/07\/caracteristicas-diferenciadoras-300x132.jpg 300w, https:\/\/ananasdosacores.pt\/wp-content\/uploads\/2021\/07\/caracteristicas-diferenciadoras-768x337.jpg 768w, https:\/\/ananasdosacores.pt\/wp-content\/uploads\/2021\/07\/caracteristicas-diferenciadoras-16x7.jpg 16w, https:\/\/ananasdosacores.pt\/wp-content\/uploads\/2021\/07\/caracteristicas-diferenciadoras-600x263.jpg 600w\" sizes=\"(max-width: 820px) 100vw, 820px\" \/>\t\t\t\t\t\t\t\t\t\t\t\t\t\t\t<\/div>\n\t\t\t\t<\/div>\n\t\t\t\t\t<\/div>\n\t\t<\/div>\n\t\t\t\t\t<\/div>\n\t\t<\/section>\n\t\t\t\t<section class=\"elementor-section elementor-top-section elementor-element elementor-element-572cf84 elementor-section-boxed elementor-section-height-default elementor-section-height-default\" data-id=\"572cf84\" data-element_type=\"section\" data-e-type=\"section\">\n\t\t\t\t\t\t<div class=\"elementor-container elementor-column-gap-default\">\n\t\t\t\t\t<div class=\"elementor-column elementor-col-100 elementor-top-column elementor-element elementor-element-ebb8890\" data-id=\"ebb8890\" data-element_type=\"column\" data-e-type=\"column\">\n\t\t\t<div class=\"elementor-widget-wrap elementor-element-populated\">\n\t\t\t\t\t\t<div class=\"elementor-element elementor-element-b73c5fe elementor-widget elementor-widget-text-editor\" data-id=\"b73c5fe\" data-element_type=\"widget\" data-e-type=\"widget\" data-widget_type=\"text-editor.default\">\n\t\t\t\t<div class=\"elementor-widget-container\">\n\t\t\t\t\t\t\t\t\t<p>Najlepszy Ananas \u015awiata wyr\u00f3\u017cnia si\u0119 tradycyjnym sposobem uprawy w szklarniach zlokalizowanych na \u017cyznych, bogatych w materi\u0119 organiczn\u0105 glebach, bez stosowania jakichkolwiek \u015brodk\u00f3w owadob\u00f3jczych lub pestycyd\u00f3w. Uprawiana na Azorach odmiana to <em>Smooth Cayenne<\/em>, zwana te\u017c ananasem \u201eg\u0142adkolistnym\u201d.<\/p><p>Ananas z Azor\u00f3w jest bardziej aromatyczny, poniewa\u017c jest produkowany w regionie o wyj\u0105tkowych warunkach edafoklimatycznych, w \u015brodowisku wolnym od zanieczyszcze\u0144. Ponadto zawiera mniej cukr\u00f3w, jest bogaty w potas, magnez, \u017celazo i cynk, a przy tym ma wysokie st\u0119\u017cenie bromeliny, kt\u00f3ra posiada naturalne w\u0142a\u015bciwo\u015bci przeciwzapalne.<\/p>\t\t\t\t\t\t\t\t<\/div>\n\t\t\t\t<\/div>\n\t\t\t\t\t<\/div>\n\t\t<\/div>\n\t\t\t\t\t<\/div>\n\t\t<\/section>\n\t\t\t\t<\/div>","protected":false},"excerpt":{"rendered":"<p>Wyj\u0105tkowa charakterystyka Najlepszy Ananas \u015awiata wyr\u00f3\u017cnia si\u0119 tradycyjnym sposobem uprawy w szklarniach zlokalizowanych na \u017cyznych, bogatych w materi\u0119 organiczn\u0105 glebach, bez stosowania jakichkolwiek \u015brodk\u00f3w owadob\u00f3jczych lub pestycyd\u00f3w. Uprawiana na Azorach odmiana to Smooth Cayenne, zwana te\u017c ananasem \u201eg\u0142adkolistnym\u201d. Ananas z Azor\u00f3w jest bardziej aromatyczny, poniewa\u017c jest produkowany w regionie o wyj\u0105tkowych warunkach edafoklimatycznych, w \u015brodowisku &hellip;<\/p>\n<p class=\"read-more\"> <a class=\"\" href=\"https:\/\/ananasdosacores.pt\/en\/wyjatkowa-charakterystyka\/\"> <span class=\"screen-reader-text\">Wyj\u0105tkowa charakterystyka<\/span> Read More &raquo;<\/a><\/p>","protected":false},"author":1,"featured_media":0,"parent":0,"menu_order":0,"comment_status":"closed","ping_status":"closed","template":"","meta":{"_monsterinsights_skip_tracking":false,"_monsterinsights_sitenote_active":false,"_monsterinsights_sitenote_note":"","_monsterinsights_sitenote_category":0,"site-sidebar-layout":"no-sidebar","site-content-layout":"page-builder","ast-main-header-display":"","ast-hfb-above-header-display":"","ast-hfb-below-header-display":"","ast-hfb-mobile-header-display":"","site-post-title":"disabled","ast-breadcrumbs-content":"","ast-featured-img":"disabled","footer-sml-layout":"","theme-transparent-header-meta":"","adv-header-id-meta":"","stick-header-meta":"","header-above-stick-meta":"","header-main-stick-meta":"","header-below-stick-meta":"","footnotes":""},"class_list":["post-3484","page","type-page","status-publish","hentry"],"jetpack_sharing_enabled":true,"_links":{"self":[{"href":"https:\/\/ananasdosacores.pt\/en\/wp-json\/wp\/v2\/pages\/3484","targetHints":{"allow":["GET"]}}],"collection":[{"href":"https:\/\/ananasdosacores.pt\/en\/wp-json\/wp\/v2\/pages"}],"about":[{"href":"https:\/\/ananasdosacores.pt\/en\/wp-json\/wp\/v2\/types\/page"}],"author":[{"embeddable":true,"href":"https:\/\/ananasdosacores.pt\/en\/wp-json\/wp\/v2\/users\/1"}],"replies":[{"embeddable":true,"href":"https:\/\/ananasdosacores.pt\/en\/wp-json\/wp\/v2\/comments?post=3484"}],"version-history":[{"count":0,"href":"https:\/\/ananasdosacores.pt\/en\/wp-json\/wp\/v2\/pages\/3484\/revisions"}],"wp:attachment":[{"href":"https:\/\/ananasdosacores.pt\/en\/wp-json\/wp\/v2\/media?parent=3484"}],"curies":[{"name":"wp","href":"https:\/\/api.w.org\/{rel}","templated":true}]}}