{"id":3478,"date":"2021-07-26T14:55:35","date_gmt":"2021-07-26T15:55:35","guid":{"rendered":"https:\/\/ananasdosacores.pt\/?page_id=3478"},"modified":"2021-07-27T09:59:15","modified_gmt":"2021-07-27T10:59:15","slug":"chroniona-nazwa-pochodzenia-chnp","status":"publish","type":"page","link":"https:\/\/ananasdosacores.pt\/en\/chroniona-nazwa-pochodzenia-chnp\/","title":{"rendered":"Chroniona Nazwa Pochodzenia (ChNP)"},"content":{"rendered":"<div data-elementor-type=\"wp-page\" data-elementor-id=\"3478\" class=\"elementor elementor-3478\" data-elementor-post-type=\"page\">\n\t\t\t\t\t\t<section class=\"elementor-section elementor-top-section elementor-element elementor-element-11ae3b1 elementor-section-boxed elementor-section-height-default elementor-section-height-default\" data-id=\"11ae3b1\" data-element_type=\"section\" data-e-type=\"section\">\n\t\t\t\t\t\t<div class=\"elementor-container elementor-column-gap-default\">\n\t\t\t\t\t<div class=\"elementor-column elementor-col-100 elementor-top-column elementor-element elementor-element-294bd6d\" data-id=\"294bd6d\" data-element_type=\"column\" data-e-type=\"column\">\n\t\t\t<div class=\"elementor-widget-wrap elementor-element-populated\">\n\t\t\t\t\t\t<div class=\"elementor-element elementor-element-acd5ff9 elementor-widget elementor-widget-heading\" data-id=\"acd5ff9\" data-element_type=\"widget\" data-e-type=\"widget\" data-widget_type=\"heading.default\">\n\t\t\t\t<div class=\"elementor-widget-container\">\n\t\t\t\t\t<h2 class=\"elementor-heading-title elementor-size-default\">Chroniona Nazwa Pochodzenia (ChNP)<\/h2>\t\t\t\t<\/div>\n\t\t\t\t<\/div>\n\t\t\t\t\t<\/div>\n\t\t<\/div>\n\t\t\t\t\t<\/div>\n\t\t<\/section>\n\t\t\t\t<section class=\"elementor-section elementor-top-section elementor-element elementor-element-668b96f elementor-section-boxed elementor-section-height-default elementor-section-height-default\" data-id=\"668b96f\" data-element_type=\"section\" data-e-type=\"section\">\n\t\t\t\t\t\t<div class=\"elementor-container elementor-column-gap-default\">\n\t\t\t\t\t<div class=\"elementor-column elementor-col-100 elementor-top-column elementor-element elementor-element-5801660\" data-id=\"5801660\" data-element_type=\"column\" data-e-type=\"column\">\n\t\t\t<div class=\"elementor-widget-wrap elementor-element-populated\">\n\t\t\t\t\t\t<div class=\"elementor-element elementor-element-7292552 elementor-widget elementor-widget-image\" data-id=\"7292552\" data-element_type=\"widget\" data-e-type=\"widget\" data-widget_type=\"image.default\">\n\t\t\t\t<div class=\"elementor-widget-container\">\n\t\t\t\t\t\t\t\t\t\t\t\t\t\t\t<img fetchpriority=\"high\" decoding=\"async\" width=\"820\" height=\"360\" src=\"https:\/\/ananasdosacores.pt\/wp-content\/uploads\/2021\/07\/dop.jpg\" class=\"attachment-large size-large wp-image-3552\" alt=\"\" srcset=\"https:\/\/ananasdosacores.pt\/wp-content\/uploads\/2021\/07\/dop.jpg 820w, https:\/\/ananasdosacores.pt\/wp-content\/uploads\/2021\/07\/dop-300x132.jpg 300w, https:\/\/ananasdosacores.pt\/wp-content\/uploads\/2021\/07\/dop-768x337.jpg 768w, https:\/\/ananasdosacores.pt\/wp-content\/uploads\/2021\/07\/dop-16x7.jpg 16w, https:\/\/ananasdosacores.pt\/wp-content\/uploads\/2021\/07\/dop-600x263.jpg 600w\" sizes=\"(max-width: 820px) 100vw, 820px\" \/>\t\t\t\t\t\t\t\t\t\t\t\t\t\t\t<\/div>\n\t\t\t\t<\/div>\n\t\t\t\t\t<\/div>\n\t\t<\/div>\n\t\t\t\t\t<\/div>\n\t\t<\/section>\n\t\t\t\t<section class=\"elementor-section elementor-top-section elementor-element elementor-element-7f730d7 elementor-section-boxed elementor-section-height-default elementor-section-height-default\" data-id=\"7f730d7\" data-element_type=\"section\" data-e-type=\"section\">\n\t\t\t\t\t\t<div class=\"elementor-container elementor-column-gap-default\">\n\t\t\t\t\t<div class=\"elementor-column elementor-col-100 elementor-top-column elementor-element elementor-element-1954ff7\" data-id=\"1954ff7\" data-element_type=\"column\" data-e-type=\"column\">\n\t\t\t<div class=\"elementor-widget-wrap elementor-element-populated\">\n\t\t\t\t\t\t<div class=\"elementor-element elementor-element-d2219b3 elementor-widget elementor-widget-text-editor\" data-id=\"d2219b3\" data-element_type=\"widget\" data-e-type=\"widget\" data-widget_type=\"text-editor.default\">\n\t\t\t\t<div class=\"elementor-widget-container\">\n\t\t\t\t\t\t\t\t\t<p>ChNP to oznakowanie geograficzne lub r\u00f3wnowa\u017cne, kt\u00f3re okre\u015bla i\u00a0identyfikuje produkt wywodz\u0105cy si\u0119 z konkretnego miejsca lub regionu, taki kt\u00f3rego cechy w spos\u00f3b zasadniczy lub wy\u0142\u0105czny s\u0105 powi\u0105zane ze szczeg\u00f3lnym \u015brodowiskiem geograficznym, w jakim jest wytwarzany, w tym z czynnikami naturalnymi i\u00a0ludzkimi.<\/p><p>Od 1996 r. Ananas z Azor\u00f3w posiada certyfikat Chronionej Nazwy Pochodzenia (ChNP). Oznacza to, \u017ce przestrzegane s\u0105 okre\u015blone zasady produkcji i\u00a0sprzeda\u017cy, kt\u00f3re gwarantuj\u0105 jego pochodzenie i\u00a0jako\u015b\u0107. Umieszczane na koronie Najlepszego Ananasa \u015awiata oznaczenie ChNP \u015bwiadczy o tym, i\u017c proces jego produkcji jest kontrolowany przez Instytut ds. \u017bywienia i\u00a0Rynk\u00f3w Spo\u017cywczych.<\/p>\t\t\t\t\t\t\t\t<\/div>\n\t\t\t\t<\/div>\n\t\t\t\t\t<\/div>\n\t\t<\/div>\n\t\t\t\t\t<\/div>\n\t\t<\/section>\n\t\t\t\t<\/div>","protected":false},"excerpt":{"rendered":"<p>Chroniona Nazwa Pochodzenia (ChNP) ChNP to oznakowanie geograficzne lub r\u00f3wnowa\u017cne, kt\u00f3re okre\u015bla i\u00a0identyfikuje produkt wywodz\u0105cy si\u0119 z konkretnego miejsca lub regionu, taki kt\u00f3rego cechy w spos\u00f3b zasadniczy lub wy\u0142\u0105czny s\u0105 powi\u0105zane ze szczeg\u00f3lnym \u015brodowiskiem geograficznym, w jakim jest wytwarzany, w tym z czynnikami naturalnymi i\u00a0ludzkimi. Od 1996 r. Ananas z Azor\u00f3w posiada certyfikat Chronionej Nazwy &hellip;<\/p>\n<p class=\"read-more\"> <a class=\"\" href=\"https:\/\/ananasdosacores.pt\/en\/chroniona-nazwa-pochodzenia-chnp\/\"> <span class=\"screen-reader-text\">Chroniona Nazwa Pochodzenia (ChNP)<\/span> Read More &raquo;<\/a><\/p>","protected":false},"author":1,"featured_media":0,"parent":0,"menu_order":0,"comment_status":"closed","ping_status":"closed","template":"","meta":{"_monsterinsights_skip_tracking":false,"_monsterinsights_sitenote_active":false,"_monsterinsights_sitenote_note":"","_monsterinsights_sitenote_category":0,"site-sidebar-layout":"no-sidebar","site-content-layout":"page-builder","ast-main-header-display":"","ast-hfb-above-header-display":"","ast-hfb-below-header-display":"","ast-hfb-mobile-header-display":"","site-post-title":"disabled","ast-breadcrumbs-content":"","ast-featured-img":"disabled","footer-sml-layout":"","theme-transparent-header-meta":"","adv-header-id-meta":"","stick-header-meta":"","header-above-stick-meta":"","header-main-stick-meta":"","header-below-stick-meta":"","footnotes":""},"class_list":["post-3478","page","type-page","status-publish","hentry"],"jetpack_sharing_enabled":true,"_links":{"self":[{"href":"https:\/\/ananasdosacores.pt\/en\/wp-json\/wp\/v2\/pages\/3478","targetHints":{"allow":["GET"]}}],"collection":[{"href":"https:\/\/ananasdosacores.pt\/en\/wp-json\/wp\/v2\/pages"}],"about":[{"href":"https:\/\/ananasdosacores.pt\/en\/wp-json\/wp\/v2\/types\/page"}],"author":[{"embeddable":true,"href":"https:\/\/ananasdosacores.pt\/en\/wp-json\/wp\/v2\/users\/1"}],"replies":[{"embeddable":true,"href":"https:\/\/ananasdosacores.pt\/en\/wp-json\/wp\/v2\/comments?post=3478"}],"version-history":[{"count":0,"href":"https:\/\/ananasdosacores.pt\/en\/wp-json\/wp\/v2\/pages\/3478\/revisions"}],"wp:attachment":[{"href":"https:\/\/ananasdosacores.pt\/en\/wp-json\/wp\/v2\/media?parent=3478"}],"curies":[{"name":"wp","href":"https:\/\/api.w.org\/{rel}","templated":true}]}}