{"id":3472,"date":"2021-07-26T14:46:49","date_gmt":"2021-07-26T15:46:49","guid":{"rendered":"https:\/\/ananasdosacores.pt\/?page_id=3472"},"modified":"2021-07-27T10:04:16","modified_gmt":"2021-07-27T11:04:16","slug":"podlewanie","status":"publish","type":"page","link":"https:\/\/ananasdosacores.pt\/en\/podlewanie\/","title":{"rendered":"Podlewanie"},"content":{"rendered":"<div data-elementor-type=\"wp-page\" data-elementor-id=\"3472\" class=\"elementor elementor-3472\" data-elementor-post-type=\"page\">\n\t\t\t\t\t\t<section class=\"elementor-section elementor-top-section elementor-element elementor-element-34a9b91 elementor-section-boxed elementor-section-height-default elementor-section-height-default\" data-id=\"34a9b91\" data-element_type=\"section\" data-e-type=\"section\">\n\t\t\t\t\t\t<div class=\"elementor-container elementor-column-gap-default\">\n\t\t\t\t\t<div class=\"elementor-column elementor-col-100 elementor-top-column elementor-element elementor-element-ee9d327\" data-id=\"ee9d327\" data-element_type=\"column\" data-e-type=\"column\">\n\t\t\t<div class=\"elementor-widget-wrap elementor-element-populated\">\n\t\t\t\t\t\t<div class=\"elementor-element elementor-element-24e328e elementor-widget elementor-widget-heading\" data-id=\"24e328e\" data-element_type=\"widget\" data-e-type=\"widget\" data-widget_type=\"heading.default\">\n\t\t\t\t<div class=\"elementor-widget-container\">\n\t\t\t\t\t<h2 class=\"elementor-heading-title elementor-size-default\">Podlewanie<\/h2>\t\t\t\t<\/div>\n\t\t\t\t<\/div>\n\t\t\t\t\t<\/div>\n\t\t<\/div>\n\t\t\t\t\t<\/div>\n\t\t<\/section>\n\t\t\t\t<section class=\"elementor-section elementor-top-section elementor-element elementor-element-e3d6284 elementor-section-boxed elementor-section-height-default elementor-section-height-default\" data-id=\"e3d6284\" data-element_type=\"section\" data-e-type=\"section\">\n\t\t\t\t\t\t<div class=\"elementor-container elementor-column-gap-default\">\n\t\t\t\t\t<div class=\"elementor-column elementor-col-100 elementor-top-column elementor-element elementor-element-cee8b38\" data-id=\"cee8b38\" data-element_type=\"column\" data-e-type=\"column\">\n\t\t\t<div class=\"elementor-widget-wrap elementor-element-populated\">\n\t\t\t\t\t\t<div class=\"elementor-element elementor-element-cb855ee elementor-widget elementor-widget-image\" data-id=\"cb855ee\" data-element_type=\"widget\" data-e-type=\"widget\" data-widget_type=\"image.default\">\n\t\t\t\t<div class=\"elementor-widget-container\">\n\t\t\t\t\t\t\t\t\t\t\t\t\t\t\t<img fetchpriority=\"high\" decoding=\"async\" width=\"820\" height=\"360\" src=\"https:\/\/ananasdosacores.pt\/wp-content\/uploads\/2021\/07\/regas-1.jpg\" class=\"attachment-large size-large wp-image-3557\" alt=\"\" srcset=\"https:\/\/ananasdosacores.pt\/wp-content\/uploads\/2021\/07\/regas-1.jpg 820w, https:\/\/ananasdosacores.pt\/wp-content\/uploads\/2021\/07\/regas-1-300x132.jpg 300w, https:\/\/ananasdosacores.pt\/wp-content\/uploads\/2021\/07\/regas-1-768x337.jpg 768w, https:\/\/ananasdosacores.pt\/wp-content\/uploads\/2021\/07\/regas-1-16x7.jpg 16w, https:\/\/ananasdosacores.pt\/wp-content\/uploads\/2021\/07\/regas-1-600x263.jpg 600w\" sizes=\"(max-width: 820px) 100vw, 820px\" \/>\t\t\t\t\t\t\t\t\t\t\t\t\t\t\t<\/div>\n\t\t\t\t<\/div>\n\t\t\t\t\t<\/div>\n\t\t<\/div>\n\t\t\t\t\t<\/div>\n\t\t<\/section>\n\t\t\t\t<section class=\"elementor-section elementor-top-section elementor-element elementor-element-bad6f1e elementor-section-boxed elementor-section-height-default elementor-section-height-default\" data-id=\"bad6f1e\" data-element_type=\"section\" data-e-type=\"section\">\n\t\t\t\t\t\t<div class=\"elementor-container elementor-column-gap-default\">\n\t\t\t\t\t<div class=\"elementor-column elementor-col-100 elementor-top-column elementor-element elementor-element-83703f9\" data-id=\"83703f9\" data-element_type=\"column\" data-e-type=\"column\">\n\t\t\t<div class=\"elementor-widget-wrap elementor-element-populated\">\n\t\t\t\t\t\t<div class=\"elementor-element elementor-element-62e5bfe elementor-widget elementor-widget-text-editor\" data-id=\"62e5bfe\" data-element_type=\"widget\" data-e-type=\"widget\" data-widget_type=\"text-editor.default\">\n\t\t\t\t<div class=\"elementor-widget-container\">\n\t\t\t\t\t\t\t\t\t<p>Najlepszy Ananas \u015awiata wymaga te\u017c odpowiednio nawil\u017conej gleby. Podlewanie odbywa si\u0119 cotygodniowo w okresie wiosenno-letnim i\u00a0co dwa tygodnie w sezonie jesienno-zimowym.<\/p><p>Szklarnie s\u0105 przystosowane do przechwytywania wody deszczowej (obfitej w regionie), kt\u00f3ra nast\u0119pnie jest przechowywana w zbiornikach wewn\u0119trznych lub zewn\u0119trznych, aby p\u00f3\u017aniej m\u00f3c s\u0142u\u017cy\u0107 do podlewania owoc\u00f3w. Dzi\u0119ki temu proces produkcji Ananasa z Azor\u00f3w jest jeszcze bardziej zr\u00f3wnowa\u017cony.<\/p>\t\t\t\t\t\t\t\t<\/div>\n\t\t\t\t<\/div>\n\t\t\t\t\t<\/div>\n\t\t<\/div>\n\t\t\t\t\t<\/div>\n\t\t<\/section>\n\t\t\t\t<\/div>","protected":false},"excerpt":{"rendered":"<p>Podlewanie Najlepszy Ananas \u015awiata wymaga te\u017c odpowiednio nawil\u017conej gleby. Podlewanie odbywa si\u0119 cotygodniowo w okresie wiosenno-letnim i\u00a0co dwa tygodnie w sezonie jesienno-zimowym. Szklarnie s\u0105 przystosowane do przechwytywania wody deszczowej (obfitej w regionie), kt\u00f3ra nast\u0119pnie jest przechowywana w zbiornikach wewn\u0119trznych lub zewn\u0119trznych, aby p\u00f3\u017aniej m\u00f3c s\u0142u\u017cy\u0107 do podlewania owoc\u00f3w. Dzi\u0119ki temu proces produkcji Ananasa z Azor\u00f3w &hellip;<\/p>\n<p class=\"read-more\"> <a class=\"\" href=\"https:\/\/ananasdosacores.pt\/en\/podlewanie\/\"> <span class=\"screen-reader-text\">Podlewanie<\/span> Read More &raquo;<\/a><\/p>","protected":false},"author":1,"featured_media":0,"parent":0,"menu_order":0,"comment_status":"closed","ping_status":"closed","template":"","meta":{"_monsterinsights_skip_tracking":false,"_monsterinsights_sitenote_active":false,"_monsterinsights_sitenote_note":"","_monsterinsights_sitenote_category":0,"site-sidebar-layout":"no-sidebar","site-content-layout":"page-builder","ast-main-header-display":"","ast-hfb-above-header-display":"","ast-hfb-below-header-display":"","ast-hfb-mobile-header-display":"","site-post-title":"disabled","ast-breadcrumbs-content":"","ast-featured-img":"disabled","footer-sml-layout":"","theme-transparent-header-meta":"","adv-header-id-meta":"","stick-header-meta":"","header-above-stick-meta":"","header-main-stick-meta":"","header-below-stick-meta":"","footnotes":""},"class_list":["post-3472","page","type-page","status-publish","hentry"],"jetpack_sharing_enabled":true,"_links":{"self":[{"href":"https:\/\/ananasdosacores.pt\/en\/wp-json\/wp\/v2\/pages\/3472","targetHints":{"allow":["GET"]}}],"collection":[{"href":"https:\/\/ananasdosacores.pt\/en\/wp-json\/wp\/v2\/pages"}],"about":[{"href":"https:\/\/ananasdosacores.pt\/en\/wp-json\/wp\/v2\/types\/page"}],"author":[{"embeddable":true,"href":"https:\/\/ananasdosacores.pt\/en\/wp-json\/wp\/v2\/users\/1"}],"replies":[{"embeddable":true,"href":"https:\/\/ananasdosacores.pt\/en\/wp-json\/wp\/v2\/comments?post=3472"}],"version-history":[{"count":0,"href":"https:\/\/ananasdosacores.pt\/en\/wp-json\/wp\/v2\/pages\/3472\/revisions"}],"wp:attachment":[{"href":"https:\/\/ananasdosacores.pt\/en\/wp-json\/wp\/v2\/media?parent=3472"}],"curies":[{"name":"wp","href":"https:\/\/api.w.org\/{rel}","templated":true}]}}