{"id":3280,"date":"2021-06-08T11:26:28","date_gmt":"2021-06-08T12:26:28","guid":{"rendered":"https:\/\/ananasdosacores.pt\/?page_id=3280"},"modified":"2021-11-05T16:03:12","modified_gmt":"2021-11-05T17:03:12","slug":"camas-quentes","status":"publish","type":"page","link":"https:\/\/ananasdosacores.pt\/en\/camas-quentes\/","title":{"rendered":"Camas Quentes"},"content":{"rendered":"<div data-elementor-type=\"wp-page\" data-elementor-id=\"3280\" class=\"elementor elementor-3280\" data-elementor-post-type=\"page\">\n\t\t\t\t<section class=\"elementor-section elementor-top-section elementor-element elementor-element-9ef6884 elementor-section-boxed elementor-section-height-default elementor-section-height-default\" data-id=\"9ef6884\" data-element_type=\"section\" data-e-type=\"section\">\n\t\t\t\t\t\t<div class=\"elementor-container elementor-column-gap-default\">\n\t\t\t\t\t<div class=\"elementor-column elementor-col-100 elementor-top-column elementor-element elementor-element-ec6a3ff\" data-id=\"ec6a3ff\" data-element_type=\"column\" data-e-type=\"column\">\n\t\t\t<div class=\"elementor-widget-wrap elementor-element-populated\">\n\t\t\t\t\t\t<div class=\"elementor-element elementor-element-5f056e3 elementor-shape-circle e-grid-align-left elementor-grid-0 elementor-widget elementor-widget-social-icons\" data-id=\"5f056e3\" data-element_type=\"widget\" data-e-type=\"widget\" data-widget_type=\"social-icons.default\">\n\t\t\t\t<div class=\"elementor-widget-container\">\n\t\t\t\t\t\t\t<div class=\"elementor-social-icons-wrapper elementor-grid\" role=\"list\">\n\t\t\t\t\t\t\t<span class=\"elementor-grid-item\" role=\"listitem\">\n\t\t\t\t\t<a class=\"elementor-icon elementor-social-icon elementor-social-icon-facebook elementor-repeater-item-850c8ef\" href=\"https:\/\/www.facebook.com\/ananasdosacores\" target=\"_blank\">\n\t\t\t\t\t\t<span class=\"elementor-screen-only\">Facebook<\/span>\n\t\t\t\t\t\t<i aria-hidden=\"true\" class=\"fab fa-facebook\"><\/i>\t\t\t\t\t<\/a>\n\t\t\t\t<\/span>\n\t\t\t\t\t\t\t<span class=\"elementor-grid-item\" role=\"listitem\">\n\t\t\t\t\t<a class=\"elementor-icon elementor-social-icon elementor-social-icon-instagram elementor-repeater-item-0a34bf2\" href=\"https:\/\/www.instagram.com\/ananasdosacores\/\" target=\"_blank\">\n\t\t\t\t\t\t<span class=\"elementor-screen-only\">Instagram<\/span>\n\t\t\t\t\t\t<i aria-hidden=\"true\" class=\"fab fa-instagram\"><\/i>\t\t\t\t\t<\/a>\n\t\t\t\t<\/span>\n\t\t\t\t\t\t\t<span class=\"elementor-grid-item\" role=\"listitem\">\n\t\t\t\t\t<a class=\"elementor-icon elementor-social-icon elementor-social-icon-tripadvisor elementor-repeater-item-49162d3\" href=\"https:\/\/www.tripadvisor.pt\/UserReviewEdit-g189135-d17740832-Plantacao_de_Ananas_dos_Acores-Ponta_Delgada_Sao_Miguel_Azores.html\" target=\"_blank\">\n\t\t\t\t\t\t<span class=\"elementor-screen-only\">Tripadvisor<\/span>\n\t\t\t\t\t\t<i aria-hidden=\"true\" class=\"fab fa-tripadvisor\"><\/i>\t\t\t\t\t<\/a>\n\t\t\t\t<\/span>\n\t\t\t\t\t<\/div>\n\t\t\t\t\t\t<\/div>\n\t\t\t\t<\/div>\n\t\t\t\t<div class=\"elementor-element elementor-element-15293f1 elementor-widget elementor-widget-image\" data-id=\"15293f1\" data-element_type=\"widget\" data-e-type=\"widget\" data-widget_type=\"image.default\">\n\t\t\t\t<div class=\"elementor-widget-container\">\n\t\t\t\t\t\t\t\t\t\t\t\t\t\t\t<img fetchpriority=\"high\" decoding=\"async\" width=\"768\" height=\"512\" src=\"https:\/\/ananasdosacores.pt\/wp-content\/uploads\/2021\/11\/dr6a3422_49556588772_o-768x512.jpg\" class=\"attachment-medium_large size-medium_large wp-image-3763\" alt=\"\" srcset=\"https:\/\/ananasdosacores.pt\/wp-content\/uploads\/2021\/11\/dr6a3422_49556588772_o-768x512.jpg 768w, https:\/\/ananasdosacores.pt\/wp-content\/uploads\/2021\/11\/dr6a3422_49556588772_o-300x200.jpg 300w, https:\/\/ananasdosacores.pt\/wp-content\/uploads\/2021\/11\/dr6a3422_49556588772_o-1024x683.jpg 1024w, https:\/\/ananasdosacores.pt\/wp-content\/uploads\/2021\/11\/dr6a3422_49556588772_o-1536x1024.jpg 1536w, https:\/\/ananasdosacores.pt\/wp-content\/uploads\/2021\/11\/dr6a3422_49556588772_o-2048x1365.jpg 2048w, https:\/\/ananasdosacores.pt\/wp-content\/uploads\/2021\/11\/dr6a3422_49556588772_o-18x12.jpg 18w, https:\/\/ananasdosacores.pt\/wp-content\/uploads\/2021\/11\/dr6a3422_49556588772_o-600x400.jpg 600w, https:\/\/ananasdosacores.pt\/wp-content\/uploads\/2021\/11\/dr6a3422_49556588772_o-scaled-e1636131707125.jpg 1920w\" sizes=\"(max-width: 768px) 100vw, 768px\" \/>\t\t\t\t\t\t\t\t\t\t\t\t\t\t\t<\/div>\n\t\t\t\t<\/div>\n\t\t\t\t\t<\/div>\n\t\t<\/div>\n\t\t\t\t\t<\/div>\n\t\t<\/section>\n\t\t\t\t<section class=\"elementor-section elementor-top-section elementor-element elementor-element-346a89e elementor-section-boxed elementor-section-height-default elementor-section-height-default\" data-id=\"346a89e\" data-element_type=\"section\" data-e-type=\"section\">\n\t\t\t\t\t\t<div class=\"elementor-container elementor-column-gap-default\">\n\t\t\t\t\t<div class=\"elementor-column elementor-col-100 elementor-top-column elementor-element elementor-element-4a4ce62\" data-id=\"4a4ce62\" data-element_type=\"column\" data-e-type=\"column\">\n\t\t\t<div class=\"elementor-widget-wrap elementor-element-populated\">\n\t\t\t\t\t\t<div class=\"elementor-element elementor-element-f607f07 elementor-widget elementor-widget-text-editor\" data-id=\"f607f07\" data-element_type=\"widget\" data-e-type=\"widget\" data-widget_type=\"text-editor.default\">\n\t\t\t\t<div class=\"elementor-widget-container\">\n\t\t\t\t\t\t\t\t\t<p><\/p><p><\/p><p><a href=\"https:\/\/ananasdosacores.pt\/en\/hot-beds\/\" data-rich-text-format-boundary=\"true\"><img decoding=\"async\" class=\"alignnone wp-image-983\" src=\"https:\/\/boafruta.pt\/wp-content\/uploads\/2020\/07\/EN-300x300.png\" alt=\"\" width=\"35\" height=\"35\" \/><\/a> <a href=\"https:\/\/ananasdosacores.pt\/en\/las-camas-calientes\/\"><img decoding=\"async\" class=\"alignnone wp-image-987\" src=\"https:\/\/boafruta.pt\/wp-content\/uploads\/2020\/07\/ES-300x300.png\" alt=\"\" width=\"35\" height=\"35\" \/><\/a> <a href=\"https:\/\/ananasdosacores.pt\/en\/les-lits-chauds\/\"><img loading=\"lazy\" decoding=\"async\" class=\"alignnone wp-image-984\" src=\"https:\/\/boafruta.pt\/wp-content\/uploads\/2020\/07\/FR-300x300.png\" alt=\"\" width=\"35\" height=\"35\" \/><\/a> <a href=\"https:\/\/ananasdosacores.pt\/en\/i-letti-caldi\/\"><img loading=\"lazy\" decoding=\"async\" class=\"alignnone wp-image-988\" src=\"https:\/\/boafruta.pt\/wp-content\/uploads\/2020\/07\/IT-300x300.png\" alt=\"\" width=\"35\" height=\"35\" \/><\/a> <a href=\"https:\/\/ananasdosacores.pt\/en\/die-warmen-beeten\/\"><img loading=\"lazy\" decoding=\"async\" class=\"alignnone wp-image-986\" src=\"https:\/\/boafruta.pt\/wp-content\/uploads\/2020\/07\/DE-300x300.png\" alt=\"\" width=\"35\" height=\"35\" \/><\/a> <a href=\"https:\/\/ananasdosacores.pt\/en\/camas-quentes-russo\/\"><img loading=\"lazy\" decoding=\"async\" class=\"alignnone wp-image-1130\" src=\"https:\/\/boafruta.pt\/wp-content\/uploads\/2020\/07\/rss-1-300x300.png\" alt=\"\" width=\"34\" height=\"34\" \/><\/a> <a href=\"https:\/\/ananasdosacores.pt\/en\/camas-quentes-mandarim\/\"><img loading=\"lazy\" decoding=\"async\" class=\"alignnone wp-image-985\" src=\"https:\/\/boafruta.pt\/wp-content\/uploads\/2020\/07\/CH-300x300.png\" alt=\"\" width=\"35\" height=\"35\" \/><\/a>\u00a0\u00a0<\/p><p>O solo onde \u00e9 plantado o Melhor Anan\u00e1s do Mundo \u00e9 rico em mat\u00e9ria org\u00e2nica constitu\u00edda pelo solo vulc\u00e2nico da terra de produ\u00e7\u00f5es anteriores, estilhas de ramada de incenso (Pittosporum undulatum Vent) e serradura (farelo). Pela capacidade de fermenta\u00e7\u00e3o e de eleva\u00e7\u00e3o da temperatura destes elementos org\u00e2nicos, este solo \u00e9 designado por &#8220;camas quentes&#8221;.<\/p><p>Estas &#8220;camas quentes&#8221;, al\u00e9m da produ\u00e7\u00e3o de calor, s\u00e3o extremamente f\u00e9rteis, o que permite assegurar as caracter\u00edsticas \u00edmpares do melhor anan\u00e1s do mundo, desde a sua apar\u00eancia ao seu paladar.<\/p><p><\/p><p><\/p><p><\/p>\t\t\t\t\t\t\t\t<\/div>\n\t\t\t\t<\/div>\n\t\t\t\t\t<\/div>\n\t\t<\/div>\n\t\t\t\t\t<\/div>\n\t\t<\/section>\t\t<\/div>","protected":false},"excerpt":{"rendered":"<p>Facebook Instagram Tripadvisor \u00a0\u00a0 O solo onde \u00e9 plantado o Melhor Anan\u00e1s do Mundo \u00e9 rico em mat\u00e9ria org\u00e2nica constitu\u00edda pelo solo vulc\u00e2nico da terra de produ\u00e7\u00f5es anteriores, estilhas de ramada de incenso (Pittosporum undulatum Vent) e serradura (farelo). Pela capacidade de fermenta\u00e7\u00e3o e de eleva\u00e7\u00e3o da temperatura destes elementos org\u00e2nicos, este solo \u00e9 designado &hellip;<\/p>\n<p class=\"read-more\"> <a class=\"\" href=\"https:\/\/ananasdosacores.pt\/en\/camas-quentes\/\"> <span class=\"screen-reader-text\">Camas Quentes<\/span> Read More &raquo;<\/a><\/p>","protected":false},"author":1,"featured_media":0,"parent":0,"menu_order":0,"comment_status":"closed","ping_status":"closed","template":"","meta":{"_monsterinsights_skip_tracking":false,"_monsterinsights_sitenote_active":false,"_monsterinsights_sitenote_note":"","_monsterinsights_sitenote_category":0,"site-sidebar-layout":"no-sidebar","site-content-layout":"page-builder","ast-main-header-display":"","ast-hfb-above-header-display":"","ast-hfb-below-header-display":"","ast-hfb-mobile-header-display":"","site-post-title":"disabled","ast-breadcrumbs-content":"","ast-featured-img":"disabled","footer-sml-layout":"","theme-transparent-header-meta":"","adv-header-id-meta":"","stick-header-meta":"","header-above-stick-meta":"","header-main-stick-meta":"","header-below-stick-meta":"","footnotes":""},"class_list":["post-3280","page","type-page","status-publish","hentry"],"jetpack_sharing_enabled":true,"_links":{"self":[{"href":"https:\/\/ananasdosacores.pt\/en\/wp-json\/wp\/v2\/pages\/3280","targetHints":{"allow":["GET"]}}],"collection":[{"href":"https:\/\/ananasdosacores.pt\/en\/wp-json\/wp\/v2\/pages"}],"about":[{"href":"https:\/\/ananasdosacores.pt\/en\/wp-json\/wp\/v2\/types\/page"}],"author":[{"embeddable":true,"href":"https:\/\/ananasdosacores.pt\/en\/wp-json\/wp\/v2\/users\/1"}],"replies":[{"embeddable":true,"href":"https:\/\/ananasdosacores.pt\/en\/wp-json\/wp\/v2\/comments?post=3280"}],"version-history":[{"count":0,"href":"https:\/\/ananasdosacores.pt\/en\/wp-json\/wp\/v2\/pages\/3280\/revisions"}],"wp:attachment":[{"href":"https:\/\/ananasdosacores.pt\/en\/wp-json\/wp\/v2\/media?parent=3280"}],"curies":[{"name":"wp","href":"https:\/\/api.w.org\/{rel}","templated":true}]}}