{"id":2453,"date":"2020-12-03T14:37:29","date_gmt":"2020-12-03T15:37:29","guid":{"rendered":"https:\/\/boafruta.pt\/?page_id=2453"},"modified":"2021-06-03T20:27:31","modified_gmt":"2021-06-03T21:27:31","slug":"blog","status":"publish","type":"page","link":"https:\/\/ananasdosacores.pt\/en\/blog\/","title":{"rendered":"Blog"},"content":{"rendered":"<div data-elementor-type=\"wp-page\" data-elementor-id=\"2453\" class=\"elementor elementor-2453\" data-elementor-post-type=\"page\">\n\t\t\t\t\t\t<section class=\"elementor-section elementor-top-section elementor-element elementor-element-b4bf93f elementor-section-boxed elementor-section-height-default elementor-section-height-default\" data-id=\"b4bf93f\" data-element_type=\"section\" data-e-type=\"section\">\n\t\t\t\t\t\t<div class=\"elementor-container elementor-column-gap-default\">\n\t\t\t\t\t<div class=\"elementor-column elementor-col-50 elementor-top-column elementor-element elementor-element-bfcc594\" data-id=\"bfcc594\" data-element_type=\"column\" data-e-type=\"column\">\n\t\t\t<div class=\"elementor-widget-wrap elementor-element-populated\">\n\t\t\t\t\t\t<div class=\"elementor-element elementor-element-5e99443 elementor-nav-menu--dropdown-tablet elementor-nav-menu__text-align-aside elementor-widget elementor-widget-nav-menu\" data-id=\"5e99443\" data-element_type=\"widget\" data-e-type=\"widget\" data-settings=\"{&quot;submenu_icon&quot;:{&quot;value&quot;:&quot;&lt;i class=\\&quot;\\&quot;&gt;&lt;\\\/i&gt;&quot;,&quot;library&quot;:&quot;&quot;},&quot;layout&quot;:&quot;horizontal&quot;}\" data-widget_type=\"nav-menu.default\">\n\t\t\t\t<div class=\"elementor-widget-container\">\n\t\t\t\t\t\t\t\t<nav aria-label=\"Menu\" class=\"elementor-nav-menu--main elementor-nav-menu__container elementor-nav-menu--layout-horizontal e--pointer-underline e--animation-fade\">\n\t\t\t\t<ul id=\"menu-1-5e99443\" class=\"elementor-nav-menu\"><li class=\"menu-item menu-item-type-post_type menu-item-object-page menu-item-home menu-item-36\"><a href=\"https:\/\/ananasdosacores.pt\/en\/\" class=\"elementor-item menu-link\">HOME<\/a><\/li>\n<li class=\"menu-item menu-item-type-post_type menu-item-object-page menu-item-2495\"><a href=\"https:\/\/ananasdosacores.pt\/en\/loja\/\" class=\"elementor-item menu-link\">SHOP<\/a><\/li>\n<li class=\"menu-item menu-item-type-post_type menu-item-object-page menu-item-451\"><a href=\"https:\/\/ananasdosacores.pt\/en\/plantacao\/\" class=\"elementor-item menu-link\">PLANTATION<\/a><\/li>\n<li class=\"menu-item menu-item-type-custom menu-item-object-custom menu-item-555\"><a href=\"\/en\/#ananas\" class=\"elementor-item elementor-item-anchor menu-link\">AZOREAN PINEAPPLE<\/a><\/li>\n<li class=\"menu-item menu-item-type-post_type menu-item-object-page menu-item-452\"><a href=\"https:\/\/ananasdosacores.pt\/en\/boa-fruta\/\" class=\"elementor-item menu-link\">BOA FRUTA<\/a><\/li>\n<li class=\"menu-item menu-item-type-post_type menu-item-object-page menu-item-2611\"><a href=\"https:\/\/ananasdosacores.pt\/en\/blog\/\" class=\"elementor-item menu-link\">BLOG<\/a><\/li>\n<li class=\"menu-item menu-item-type-custom menu-item-object-custom menu-item-557\"><a href=\"#contatos\" class=\"elementor-item elementor-item-anchor menu-link\">CONTACT<\/a><\/li>\n<li class=\"trp-language-switcher-container menu-item menu-item-type-post_type menu-item-object-language_switcher menu-item-has-children current-language-menu-item menu-item-3386\"><a href=\"https:\/\/ananasdosacores.pt\/en\/wp-json\/wp\/v2\/pages\/2453\" class=\"elementor-item elementor-item-anchor menu-link\"><span data-no-translation><img decoding=\"async\" class=\"trp-flag-image\" src=\"https:\/\/ananasdosacores.pt\/wp-content\/plugins\/translatepress-multilingual\/assets\/images\/flags\/en_GB.png\" width=\"18\" height=\"12\" alt=\"en_GB\" title=\"English (UK)\"><\/span><\/a>\n<ul class=\"sub-menu elementor-nav-menu--dropdown\">\n\t<li class=\"trp-language-switcher-container menu-item menu-item-type-post_type menu-item-object-language_switcher current-language-menu-item menu-item-3393\"><a href=\"https:\/\/ananasdosacores.pt\/en\/wp-json\/wp\/v2\/pages\/2453\" class=\"elementor-sub-item elementor-item-anchor menu-link\"><span data-no-translation><img decoding=\"async\" class=\"trp-flag-image\" src=\"https:\/\/ananasdosacores.pt\/wp-content\/plugins\/translatepress-multilingual\/assets\/images\/flags\/pt_PT.png\" width=\"18\" height=\"12\" alt=\"pt_PT\" title=\"Portugu\u00eas\"><\/span><\/a><\/li>\n<\/ul>\n<\/li>\n<\/ul>\t\t\t<\/nav>\n\t\t\t\t\t\t<nav class=\"elementor-nav-menu--dropdown elementor-nav-menu__container\" aria-hidden=\"true\">\n\t\t\t\t<ul id=\"menu-2-5e99443\" class=\"elementor-nav-menu\"><li class=\"menu-item menu-item-type-post_type menu-item-object-page menu-item-home menu-item-36\"><a href=\"https:\/\/ananasdosacores.pt\/en\/\" class=\"elementor-item menu-link\" tabindex=\"-1\">HOME<\/a><\/li>\n<li class=\"menu-item menu-item-type-post_type menu-item-object-page menu-item-2495\"><a href=\"https:\/\/ananasdosacores.pt\/en\/loja\/\" class=\"elementor-item menu-link\" tabindex=\"-1\">SHOP<\/a><\/li>\n<li class=\"menu-item menu-item-type-post_type menu-item-object-page menu-item-451\"><a href=\"https:\/\/ananasdosacores.pt\/en\/plantacao\/\" class=\"elementor-item menu-link\" tabindex=\"-1\">PLANTATION<\/a><\/li>\n<li class=\"menu-item menu-item-type-custom menu-item-object-custom menu-item-555\"><a href=\"\/en\/#ananas\" class=\"elementor-item elementor-item-anchor menu-link\" tabindex=\"-1\">AZOREAN PINEAPPLE<\/a><\/li>\n<li class=\"menu-item menu-item-type-post_type menu-item-object-page menu-item-452\"><a href=\"https:\/\/ananasdosacores.pt\/en\/boa-fruta\/\" class=\"elementor-item menu-link\" tabindex=\"-1\">BOA FRUTA<\/a><\/li>\n<li class=\"menu-item menu-item-type-post_type menu-item-object-page menu-item-2611\"><a href=\"https:\/\/ananasdosacores.pt\/en\/blog\/\" class=\"elementor-item menu-link\" tabindex=\"-1\">BLOG<\/a><\/li>\n<li class=\"menu-item menu-item-type-custom menu-item-object-custom menu-item-557\"><a href=\"#contatos\" class=\"elementor-item elementor-item-anchor menu-link\" tabindex=\"-1\">CONTACT<\/a><\/li>\n<li class=\"trp-language-switcher-container menu-item menu-item-type-post_type menu-item-object-language_switcher menu-item-has-children current-language-menu-item menu-item-3386\"><a href=\"https:\/\/ananasdosacores.pt\/en\/wp-json\/wp\/v2\/pages\/2453\" class=\"elementor-item elementor-item-anchor menu-link\" tabindex=\"-1\"><span data-no-translation><img decoding=\"async\" class=\"trp-flag-image\" src=\"https:\/\/ananasdosacores.pt\/wp-content\/plugins\/translatepress-multilingual\/assets\/images\/flags\/en_GB.png\" width=\"18\" height=\"12\" alt=\"en_GB\" title=\"English (UK)\"><\/span><\/a>\n<ul class=\"sub-menu elementor-nav-menu--dropdown\">\n\t<li class=\"trp-language-switcher-container menu-item menu-item-type-post_type menu-item-object-language_switcher current-language-menu-item menu-item-3393\"><a href=\"https:\/\/ananasdosacores.pt\/en\/wp-json\/wp\/v2\/pages\/2453\" class=\"elementor-sub-item elementor-item-anchor menu-link\" tabindex=\"-1\"><span data-no-translation><img decoding=\"async\" class=\"trp-flag-image\" src=\"https:\/\/ananasdosacores.pt\/wp-content\/plugins\/translatepress-multilingual\/assets\/images\/flags\/pt_PT.png\" width=\"18\" height=\"12\" alt=\"pt_PT\" title=\"Portugu\u00eas\"><\/span><\/a><\/li>\n<\/ul>\n<\/li>\n<\/ul>\t\t\t<\/nav>\n\t\t\t\t\t\t<\/div>\n\t\t\t\t<\/div>\n\t\t\t\t\t<\/div>\n\t\t<\/div>\n\t\t\t\t<div class=\"elementor-column elementor-col-50 elementor-top-column elementor-element elementor-element-71f6447\" data-id=\"71f6447\" data-element_type=\"column\" data-e-type=\"column\">\n\t\t\t<div class=\"elementor-widget-wrap elementor-element-populated\">\n\t\t\t\t\t\t<div class=\"elementor-element elementor-element-45c4493 elementor-shape-circle e-grid-align-right elementor-grid-0 elementor-widget elementor-widget-social-icons\" data-id=\"45c4493\" data-element_type=\"widget\" data-e-type=\"widget\" data-widget_type=\"social-icons.default\">\n\t\t\t\t<div class=\"elementor-widget-container\">\n\t\t\t\t\t\t\t<div class=\"elementor-social-icons-wrapper elementor-grid\" role=\"list\">\n\t\t\t\t\t\t\t<span class=\"elementor-grid-item\" role=\"listitem\">\n\t\t\t\t\t<a class=\"elementor-icon elementor-social-icon elementor-social-icon-facebook elementor-repeater-item-ed7e1ba\" href=\"https:\/\/www.facebook.com\/ananasdosacores\/\" target=\"_blank\">\n\t\t\t\t\t\t<span class=\"elementor-screen-only\">Facebook<\/span>\n\t\t\t\t\t\t<i aria-hidden=\"true\" class=\"fab fa-facebook\"><\/i>\t\t\t\t\t<\/a>\n\t\t\t\t<\/span>\n\t\t\t\t\t\t\t<span class=\"elementor-grid-item\" role=\"listitem\">\n\t\t\t\t\t<a class=\"elementor-icon elementor-social-icon elementor-social-icon-instagram elementor-repeater-item-483a7fe\" href=\"https:\/\/www.instagram.com\/ananasdosacores\/\" target=\"_blank\">\n\t\t\t\t\t\t<span class=\"elementor-screen-only\">Instagram<\/span>\n\t\t\t\t\t\t<i aria-hidden=\"true\" class=\"fab fa-instagram\"><\/i>\t\t\t\t\t<\/a>\n\t\t\t\t<\/span>\n\t\t\t\t\t\t\t<span class=\"elementor-grid-item\" role=\"listitem\">\n\t\t\t\t\t<a class=\"elementor-icon elementor-social-icon elementor-social-icon-tripadvisor elementor-repeater-item-32ec9e1\" href=\"https:\/\/www.tripadvisor.com\/Attraction_Review-g189135-d17740832-Reviews-Plantacao_de_Ananas_dos_Acores-Ponta_Delgada_Sao_Miguel_Azores.html\" target=\"_blank\">\n\t\t\t\t\t\t<span class=\"elementor-screen-only\">Tripadvisor<\/span>\n\t\t\t\t\t\t<i aria-hidden=\"true\" class=\"fab fa-tripadvisor\"><\/i>\t\t\t\t\t<\/a>\n\t\t\t\t<\/span>\n\t\t\t\t\t<\/div>\n\t\t\t\t\t\t<\/div>\n\t\t\t\t<\/div>\n\t\t\t\t\t<\/div>\n\t\t<\/div>\n\t\t\t\t\t<\/div>\n\t\t<\/section>\n\t\t\t\t<section class=\"elementor-section elementor-top-section elementor-element elementor-element-3dd81cc elementor-section-boxed elementor-section-height-default elementor-section-height-default\" data-id=\"3dd81cc\" data-element_type=\"section\" data-e-type=\"section\">\n\t\t\t\t\t\t<div class=\"elementor-container elementor-column-gap-default\">\n\t\t\t\t\t<div class=\"elementor-column elementor-col-100 elementor-top-column elementor-element elementor-element-6b72504\" data-id=\"6b72504\" data-element_type=\"column\" data-e-type=\"column\">\n\t\t\t<div class=\"elementor-widget-wrap elementor-element-populated\">\n\t\t\t\t\t\t<div class=\"elementor-element elementor-element-d49e575 elementor-widget elementor-widget-heading\" data-id=\"d49e575\" data-element_type=\"widget\" data-e-type=\"widget\" data-widget_type=\"heading.default\">\n\t\t\t\t<div class=\"elementor-widget-container\">\n\t\t\t\t\t<h2 class=\"elementor-heading-title elementor-size-default\">BLOG<\/h2>\t\t\t\t<\/div>\n\t\t\t\t<\/div>\n\t\t\t\t\t<\/div>\n\t\t<\/div>\n\t\t\t\t\t<\/div>\n\t\t<\/section>\n\t\t\t\t<section class=\"elementor-section elementor-top-section elementor-element elementor-element-220dce9 elementor-section-boxed elementor-section-height-default elementor-section-height-default\" data-id=\"220dce9\" data-element_type=\"section\" data-e-type=\"section\">\n\t\t\t\t\t\t<div class=\"elementor-container elementor-column-gap-default\">\n\t\t\t\t\t<div class=\"elementor-column elementor-col-100 elementor-top-column elementor-element elementor-element-3c8bc5a\" data-id=\"3c8bc5a\" data-element_type=\"column\" data-e-type=\"column\">\n\t\t\t<div class=\"elementor-widget-wrap elementor-element-populated\">\n\t\t\t\t\t\t<div class=\"elementor-element elementor-element-e4427ed elementor-grid-3 elementor-grid-tablet-2 elementor-grid-mobile-1 elementor-posts--thumbnail-top elementor-widget elementor-widget-posts\" data-id=\"e4427ed\" data-element_type=\"widget\" data-e-type=\"widget\" data-settings=\"{&quot;classic_row_gap&quot;:{&quot;unit&quot;:&quot;px&quot;,&quot;size&quot;:29,&quot;sizes&quot;:[]},&quot;classic_columns&quot;:&quot;3&quot;,&quot;classic_columns_tablet&quot;:&quot;2&quot;,&quot;classic_columns_mobile&quot;:&quot;1&quot;,&quot;classic_row_gap_tablet&quot;:{&quot;unit&quot;:&quot;px&quot;,&quot;size&quot;:&quot;&quot;,&quot;sizes&quot;:[]},&quot;classic_row_gap_mobile&quot;:{&quot;unit&quot;:&quot;px&quot;,&quot;size&quot;:&quot;&quot;,&quot;sizes&quot;:[]}}\" data-widget_type=\"posts.classic\">\n\t\t\t\t<div class=\"elementor-widget-container\">\n\t\t\t\t\t\t\t<div class=\"elementor-posts-container elementor-posts elementor-posts--skin-classic elementor-grid\">\n\t\t\t\t<article class=\"elementor-post elementor-grid-item post-2460 post type-post status-publish format-standard has-post-thumbnail hentry category-uncategorized\">\n\t\t\t\t<a class=\"elementor-post__thumbnail__link\" href=\"https:\/\/ananasdosacores.pt\/en\/os-fumos\/\" tabindex=\"-1\" >\n\t\t\t<div class=\"elementor-post__thumbnail\"><img fetchpriority=\"high\" decoding=\"async\" width=\"300\" height=\"200\" src=\"https:\/\/ananasdosacores.pt\/wp-content\/uploads\/2020\/12\/DR6A4350-300x200.jpg\" class=\"attachment-medium size-medium wp-image-2461\" alt=\"\" srcset=\"https:\/\/ananasdosacores.pt\/wp-content\/uploads\/2020\/12\/DR6A4350-300x200.jpg 300w, https:\/\/ananasdosacores.pt\/wp-content\/uploads\/2020\/12\/DR6A4350-1024x683.jpg 1024w, https:\/\/ananasdosacores.pt\/wp-content\/uploads\/2020\/12\/DR6A4350-768x512.jpg 768w, https:\/\/ananasdosacores.pt\/wp-content\/uploads\/2020\/12\/DR6A4350-1536x1024.jpg 1536w, https:\/\/ananasdosacores.pt\/wp-content\/uploads\/2020\/12\/DR6A4350-2048x1365.jpg 2048w, https:\/\/ananasdosacores.pt\/wp-content\/uploads\/2020\/12\/DR6A4350-600x400.jpg 600w\" sizes=\"(max-width: 300px) 100vw, 300px\" \/><\/div>\n\t\t<\/a>\n\t\t\t\t<div class=\"elementor-post__text\">\n\t\t\t\t<h3 class=\"elementor-post__title\">\n\t\t\t<a href=\"https:\/\/ananasdosacores.pt\/en\/os-fumos\/\" >\n\t\t\t\tOs Fumos\t\t\t<\/a>\n\t\t<\/h3>\n\t\t\t\t<div class=\"elementor-post__meta-data\">\n\t\t\t\t\t<span class=\"elementor-post-date\">\n\t\t\tDecember 3, 2020\t\t<\/span>\n\t\t\t\t<\/div>\n\t\t\t\t<div class=\"elementor-post__excerpt\">\n\t\t\t<p>Uma das muitas particularidades que tornam o Anan\u00e1s dos A\u00e7ores t\u00e3o especial, \u00e9 o seu m\u00e9todo de cultivo tradicional e sustent\u00e1vel, livre de qualquer tipo<\/p>\n\t\t<\/div>\n\t\t\n\t\t<a class=\"elementor-post__read-more\" href=\"https:\/\/ananasdosacores.pt\/en\/os-fumos\/\" aria-label=\"Read more about Os Fumos\" tabindex=\"-1\" >\n\t\t\tRead more \u00bb\t\t<\/a>\n\n\t\t\t\t<\/div>\n\t\t\t\t<\/article>\n\t\t\t\t<article class=\"elementor-post elementor-grid-item post-2457 post type-post status-publish format-standard has-post-thumbnail hentry category-uncategorized\">\n\t\t\t\t<a class=\"elementor-post__thumbnail__link\" href=\"https:\/\/ananasdosacores.pt\/en\/maneios-culturais\/\" tabindex=\"-1\" >\n\t\t\t<div class=\"elementor-post__thumbnail\"><img loading=\"lazy\" decoding=\"async\" width=\"300\" height=\"300\" src=\"https:\/\/ananasdosacores.pt\/wp-content\/uploads\/2020\/03\/7-300x300.jpg\" class=\"attachment-medium size-medium wp-image-76\" alt=\"\" srcset=\"https:\/\/ananasdosacores.pt\/wp-content\/uploads\/2020\/03\/7-300x300.jpg 300w, https:\/\/ananasdosacores.pt\/wp-content\/uploads\/2020\/03\/7-100x100.jpg 100w, https:\/\/ananasdosacores.pt\/wp-content\/uploads\/2020\/03\/7-150x150.jpg 150w, https:\/\/ananasdosacores.pt\/wp-content\/uploads\/2020\/03\/7.jpg 480w\" sizes=\"(max-width: 300px) 100vw, 300px\" \/><\/div>\n\t\t<\/a>\n\t\t\t\t<div class=\"elementor-post__text\">\n\t\t\t\t<h3 class=\"elementor-post__title\">\n\t\t\t<a href=\"https:\/\/ananasdosacores.pt\/en\/maneios-culturais\/\" >\n\t\t\t\tOs Maneios Culturais\t\t\t<\/a>\n\t\t<\/h3>\n\t\t\t\t<div class=\"elementor-post__meta-data\">\n\t\t\t\t\t<span class=\"elementor-post-date\">\n\t\t\tDecember 3, 2020\t\t<\/span>\n\t\t\t\t<\/div>\n\t\t\t\t<div class=\"elementor-post__excerpt\">\n\t\t\t<p>Para que o Anan\u00e1s dos A\u00e7ores chegue \u00e0 sua mesa, com o seu aroma e paladar sublimes, tem de passar por um longo e trabalhoso<\/p>\n\t\t<\/div>\n\t\t\n\t\t<a class=\"elementor-post__read-more\" href=\"https:\/\/ananasdosacores.pt\/en\/maneios-culturais\/\" aria-label=\"Read more about Os Maneios Culturais\" tabindex=\"-1\" >\n\t\t\tRead more \u00bb\t\t<\/a>\n\n\t\t\t\t<\/div>\n\t\t\t\t<\/article>\n\t\t\t\t<article class=\"elementor-post elementor-grid-item post-2454 post type-post status-publish format-standard has-post-thumbnail hentry category-uncategorized\">\n\t\t\t\t<a class=\"elementor-post__thumbnail__link\" href=\"https:\/\/ananasdosacores.pt\/en\/ananas-dos-acores-o-simbolo-de-uma-regiao\/\" tabindex=\"-1\" >\n\t\t\t<div class=\"elementor-post__thumbnail\"><img loading=\"lazy\" decoding=\"async\" width=\"300\" height=\"225\" src=\"https:\/\/ananasdosacores.pt\/wp-content\/uploads\/2020\/12\/ananas-promocao-300x225.png\" class=\"attachment-medium size-medium wp-image-2455\" alt=\"\" srcset=\"https:\/\/ananasdosacores.pt\/wp-content\/uploads\/2020\/12\/ananas-promocao-300x225.png 300w, https:\/\/ananasdosacores.pt\/wp-content\/uploads\/2020\/12\/ananas-promocao-1024x768.png 1024w, https:\/\/ananasdosacores.pt\/wp-content\/uploads\/2020\/12\/ananas-promocao-768x576.png 768w, https:\/\/ananasdosacores.pt\/wp-content\/uploads\/2020\/12\/ananas-promocao-1536x1152.png 1536w, https:\/\/ananasdosacores.pt\/wp-content\/uploads\/2020\/12\/ananas-promocao-600x450.png 600w, https:\/\/ananasdosacores.pt\/wp-content\/uploads\/2020\/12\/ananas-promocao.png 1920w\" sizes=\"(max-width: 300px) 100vw, 300px\" \/><\/div>\n\t\t<\/a>\n\t\t\t\t<div class=\"elementor-post__text\">\n\t\t\t\t<h3 class=\"elementor-post__title\">\n\t\t\t<a href=\"https:\/\/ananasdosacores.pt\/en\/ananas-dos-acores-o-simbolo-de-uma-regiao\/\" >\n\t\t\t\tAnan\u00e1s dos A\u00e7ores &#8211; o s\u00edmbolo de uma regi\u00e3o\t\t\t<\/a>\n\t\t<\/h3>\n\t\t\t\t<div class=\"elementor-post__meta-data\">\n\t\t\t\t\t<span class=\"elementor-post-date\">\n\t\t\tDecember 3, 2020\t\t<\/span>\n\t\t\t\t<\/div>\n\t\t\t\t<div class=\"elementor-post__excerpt\">\n\t\t\t<p>O Anan\u00e1s dos A\u00e7ores, produzido exclusivamente na Ilha de S\u00e3o Miguel, \u00e9 conhecido por muitos, sendo o fruto mais emblem\u00e1tico desta regi\u00e3o.\u00a0\u00a0 Com uma hist\u00f3ria<\/p>\n\t\t<\/div>\n\t\t\n\t\t<a class=\"elementor-post__read-more\" href=\"https:\/\/ananasdosacores.pt\/en\/ananas-dos-acores-o-simbolo-de-uma-regiao\/\" aria-label=\"Read more about Anan\u00e1s dos A\u00e7ores &#8211; o s\u00edmbolo de uma regi\u00e3o\" tabindex=\"-1\" >\n\t\t\tRead more \u00bb\t\t<\/a>\n\n\t\t\t\t<\/div>\n\t\t\t\t<\/article>\n\t\t\t\t<\/div>\n\t\t\n\t\t\t\t\t\t<\/div>\n\t\t\t\t<\/div>\n\t\t\t\t\t<\/div>\n\t\t<\/div>\n\t\t\t\t\t<\/div>\n\t\t<\/section>\n\t\t\t\t<\/div>","protected":false},"excerpt":{"rendered":"<p>Facebook Instagram Tripadvisor BLOG<\/p>","protected":false},"author":1,"featured_media":0,"parent":0,"menu_order":0,"comment_status":"closed","ping_status":"closed","template":"","meta":{"_monsterinsights_skip_tracking":false,"_monsterinsights_sitenote_active":false,"_monsterinsights_sitenote_note":"","_monsterinsights_sitenote_category":0,"site-sidebar-layout":"no-sidebar","site-content-layout":"page-builder","ast-main-header-display":"","ast-hfb-above-header-display":"","ast-hfb-below-header-display":"","ast-hfb-mobile-header-display":"","site-post-title":"disabled","ast-breadcrumbs-content":"","ast-featured-img":"disabled","footer-sml-layout":"","theme-transparent-header-meta":"default","adv-header-id-meta":"","stick-header-meta":"","header-above-stick-meta":"","header-main-stick-meta":"","header-below-stick-meta":"","footnotes":""},"class_list":["post-2453","page","type-page","status-publish","hentry"],"jetpack_sharing_enabled":true,"_links":{"self":[{"href":"https:\/\/ananasdosacores.pt\/en\/wp-json\/wp\/v2\/pages\/2453","targetHints":{"allow":["GET"]}}],"collection":[{"href":"https:\/\/ananasdosacores.pt\/en\/wp-json\/wp\/v2\/pages"}],"about":[{"href":"https:\/\/ananasdosacores.pt\/en\/wp-json\/wp\/v2\/types\/page"}],"author":[{"embeddable":true,"href":"https:\/\/ananasdosacores.pt\/en\/wp-json\/wp\/v2\/users\/1"}],"replies":[{"embeddable":true,"href":"https:\/\/ananasdosacores.pt\/en\/wp-json\/wp\/v2\/comments?post=2453"}],"version-history":[{"count":0,"href":"https:\/\/ananasdosacores.pt\/en\/wp-json\/wp\/v2\/pages\/2453\/revisions"}],"wp:attachment":[{"href":"https:\/\/ananasdosacores.pt\/en\/wp-json\/wp\/v2\/media?parent=2453"}],"curies":[{"name":"wp","href":"https:\/\/api.w.org\/{rel}","templated":true}]}}