{"id":2228,"date":"2020-10-30T15:48:58","date_gmt":"2020-10-30T16:48:58","guid":{"rendered":"https:\/\/boafruta.pt\/?page_id=2228"},"modified":"2020-10-30T15:49:54","modified_gmt":"2020-10-30T16:49:54","slug":"imagem-6","status":"publish","type":"page","link":"https:\/\/ananasdosacores.pt\/en\/imagem-6\/","title":{"rendered":"Imagem 6"},"content":{"rendered":"<div data-elementor-type=\"wp-page\" data-elementor-id=\"2228\" class=\"elementor elementor-2228\" data-elementor-post-type=\"page\">\n\t\t\t\t<section class=\"elementor-section elementor-top-section elementor-element elementor-element-87d03ce elementor-section-boxed elementor-section-height-default elementor-section-height-default\" data-id=\"87d03ce\" data-element_type=\"section\" data-e-type=\"section\">\n\t\t\t\t\t\t<div class=\"elementor-container elementor-column-gap-default\">\n\t\t\t\t\t<div class=\"elementor-column elementor-col-100 elementor-top-column elementor-element elementor-element-20521c2\" data-id=\"20521c2\" data-element_type=\"column\" data-e-type=\"column\">\n\t\t\t<div class=\"elementor-widget-wrap elementor-element-populated\">\n\t\t\t\t\t\t<div class=\"elementor-element elementor-element-b76503f elementor-widget elementor-widget-heading\" data-id=\"b76503f\" data-element_type=\"widget\" data-e-type=\"widget\" data-widget_type=\"heading.default\">\n\t\t\t\t<div class=\"elementor-widget-container\">\n\t\t\t\t\t<h2 class=\"elementor-heading-title elementor-size-default\">Caracter\u00edsticas Diferenciadoras<\/h2>\t\t\t\t<\/div>\n\t\t\t\t<\/div>\n\t\t\t\t<div class=\"elementor-element elementor-element-d57c935 elementor-shape-circle e-grid-align-left elementor-grid-0 elementor-widget elementor-widget-social-icons\" data-id=\"d57c935\" data-element_type=\"widget\" data-e-type=\"widget\" data-widget_type=\"social-icons.default\">\n\t\t\t\t<div class=\"elementor-widget-container\">\n\t\t\t\t\t\t\t<div class=\"elementor-social-icons-wrapper elementor-grid\" role=\"list\">\n\t\t\t\t\t\t\t<span class=\"elementor-grid-item\" role=\"listitem\">\n\t\t\t\t\t<a class=\"elementor-icon elementor-social-icon elementor-social-icon-facebook elementor-repeater-item-00a9f6a\" href=\"https:\/\/www.facebook.com\/ananasdosacores\/\" target=\"_blank\">\n\t\t\t\t\t\t<span class=\"elementor-screen-only\">Facebook<\/span>\n\t\t\t\t\t\t<i aria-hidden=\"true\" class=\"fab fa-facebook\"><\/i>\t\t\t\t\t<\/a>\n\t\t\t\t<\/span>\n\t\t\t\t\t\t\t<span class=\"elementor-grid-item\" role=\"listitem\">\n\t\t\t\t\t<a class=\"elementor-icon elementor-social-icon elementor-social-icon-instagram elementor-repeater-item-f88c0c1\" href=\"https:\/\/www.instagram.com\/ananasdosacores\/?hl=pt\" target=\"_blank\">\n\t\t\t\t\t\t<span class=\"elementor-screen-only\">Instagram<\/span>\n\t\t\t\t\t\t<i aria-hidden=\"true\" class=\"fab fa-instagram\"><\/i>\t\t\t\t\t<\/a>\n\t\t\t\t<\/span>\n\t\t\t\t\t\t\t<span class=\"elementor-grid-item\" role=\"listitem\">\n\t\t\t\t\t<a class=\"elementor-icon elementor-social-icon elementor-social-icon-tripadvisor elementor-repeater-item-2a2992b\" href=\"https:\/\/www.tripadvisor.pt\/UserReviewEdit-g189135-d17740832-Plantacao_de_Ananas_dos_Acores-Ponta_Delgada_Sao_Miguel_Azores.html\" target=\"_blank\">\n\t\t\t\t\t\t<span class=\"elementor-screen-only\">Tripadvisor<\/span>\n\t\t\t\t\t\t<i aria-hidden=\"true\" class=\"fab fa-tripadvisor\"><\/i>\t\t\t\t\t<\/a>\n\t\t\t\t<\/span>\n\t\t\t\t\t<\/div>\n\t\t\t\t\t\t<\/div>\n\t\t\t\t<\/div>\n\t\t\t\t\t<\/div>\n\t\t<\/div>\n\t\t\t\t\t<\/div>\n\t\t<\/section>\n\t\t\t\t<section class=\"elementor-section elementor-top-section elementor-element elementor-element-c1259b0 elementor-section-boxed elementor-section-height-default elementor-section-height-default\" data-id=\"c1259b0\" data-element_type=\"section\" data-e-type=\"section\">\n\t\t\t\t\t\t<div class=\"elementor-container elementor-column-gap-default\">\n\t\t\t\t\t<div class=\"elementor-column elementor-col-100 elementor-top-column elementor-element elementor-element-d0fd39a\" data-id=\"d0fd39a\" data-element_type=\"column\" data-e-type=\"column\">\n\t\t\t<div class=\"elementor-widget-wrap elementor-element-populated\">\n\t\t\t\t\t\t<div class=\"elementor-element elementor-element-8c95723 elementor-widget elementor-widget-image\" data-id=\"8c95723\" data-element_type=\"widget\" data-e-type=\"widget\" data-widget_type=\"image.default\">\n\t\t\t\t<div class=\"elementor-widget-container\">\n\t\t\t\t\t\t\t\t\t\t\t\t\t\t\t<img fetchpriority=\"high\" decoding=\"async\" width=\"820\" height=\"360\" src=\"https:\/\/ananasdosacores.pt\/wp-content\/uploads\/2020\/07\/caracter\u00edsticas-diferenciadoras.jpg\" class=\"attachment-large size-large wp-image-1647\" alt=\"\" srcset=\"https:\/\/ananasdosacores.pt\/wp-content\/uploads\/2020\/07\/caracter\u00edsticas-diferenciadoras.jpg 820w, https:\/\/ananasdosacores.pt\/wp-content\/uploads\/2020\/07\/caracter\u00edsticas-diferenciadoras-600x263.jpg 600w, https:\/\/ananasdosacores.pt\/wp-content\/uploads\/2020\/07\/caracter\u00edsticas-diferenciadoras-300x132.jpg 300w, https:\/\/ananasdosacores.pt\/wp-content\/uploads\/2020\/07\/caracter\u00edsticas-diferenciadoras-768x337.jpg 768w\" sizes=\"(max-width: 820px) 100vw, 820px\" \/>\t\t\t\t\t\t\t\t\t\t\t\t\t\t\t<\/div>\n\t\t\t\t<\/div>\n\t\t\t\t\t<\/div>\n\t\t<\/div>\n\t\t\t\t\t<\/div>\n\t\t<\/section>\n\t\t\t\t<section class=\"elementor-section elementor-top-section elementor-element elementor-element-4a3a519 elementor-section-boxed elementor-section-height-default elementor-section-height-default\" data-id=\"4a3a519\" data-element_type=\"section\" data-e-type=\"section\">\n\t\t\t\t\t\t<div class=\"elementor-container elementor-column-gap-default\">\n\t\t\t\t\t<div class=\"elementor-column elementor-col-100 elementor-top-column elementor-element elementor-element-65d529c\" data-id=\"65d529c\" data-element_type=\"column\" data-e-type=\"column\">\n\t\t\t<div class=\"elementor-widget-wrap elementor-element-populated\">\n\t\t\t\t\t\t<div class=\"elementor-element elementor-element-1f60ddf elementor-widget elementor-widget-text-editor\" data-id=\"1f60ddf\" data-element_type=\"widget\" data-e-type=\"widget\" data-widget_type=\"text-editor.default\">\n\t\t\t\t<div class=\"elementor-widget-container\"><p><a href=\"https:\/\/boafruta.pt\/distinctive-features\/\"><img decoding=\"async\" class=\"alignnone  wp-image-983\" src=\"https:\/\/boafruta.pt\/wp-content\/uploads\/2020\/07\/EN-300x300.png\" alt=\"\" width=\"36\" height=\"36\" \/><\/a> <a href=\"https:\/\/boafruta.pt\/caracteristicas-diferenciadoras\/\"><img decoding=\"async\" class=\"alignnone  wp-image-987\" src=\"https:\/\/boafruta.pt\/wp-content\/uploads\/2020\/07\/ES-300x300.png\" alt=\"\" width=\"36\" height=\"36\" \/><\/a> <a href=\"https:\/\/boafruta.pt\/caracteristiques-de-differenciation\/\"><img loading=\"lazy\" decoding=\"async\" class=\"alignnone  wp-image-984\" src=\"https:\/\/boafruta.pt\/wp-content\/uploads\/2020\/07\/FR-300x300.png\" alt=\"\" width=\"36\" height=\"36\" \/><\/a> <a href=\"https:\/\/boafruta.pt\/differenzierende-eigenschaften\/\"><img loading=\"lazy\" decoding=\"async\" class=\"alignnone  wp-image-988\" src=\"https:\/\/boafruta.pt\/wp-content\/uploads\/2020\/07\/IT-300x300.png\" alt=\"\" width=\"36\" height=\"36\" \/><\/a> <a href=\"https:\/\/boafruta.pt\/differenzierende-eigenschaften-2\/\"><img loading=\"lazy\" decoding=\"async\" class=\"alignnone  wp-image-986\" src=\"https:\/\/boafruta.pt\/wp-content\/uploads\/2020\/07\/DE-300x300.png\" alt=\"\" width=\"36\" height=\"36\" \/><\/a> <a href=\"https:\/\/boafruta.pt\/caracteristicas-russo\/\"><img loading=\"lazy\" decoding=\"async\" class=\"alignnone  wp-image-1130\" src=\"https:\/\/boafruta.pt\/wp-content\/uploads\/2020\/07\/rss-1-300x300.png\" alt=\"\" width=\"36\" height=\"36\" \/><\/a> <a href=\"https:\/\/boafruta.pt\/caracteriticas-mandarim\/\"><img loading=\"lazy\" decoding=\"async\" class=\"alignnone  wp-image-985\" src=\"https:\/\/boafruta.pt\/wp-content\/uploads\/2020\/07\/CH-300x300.png\" alt=\"\" width=\"37\" height=\"37\" \/><\/a>\u00a0\u00a0<\/p>\n<p>O Melhor Anan\u00e1s do Mundo diferencia-se dos restantes pelo seu modo de produ\u00e7\u00e3o tradicional em estufa com solos ricos em mat\u00e9ria org\u00e2nica, n\u00e3o recorrendo a quaisquer inseticidas ou pesticidas. A variedade aqui cultivada \u00e9 a \u201cSmooth Cayenne\u201d de \u201cfolha lisa\u201d.<\/p><p>Por ser produzido numa regi\u00e3o com condi\u00e7\u00f5es edafoclim\u00e1ticas excecionais e num ambiente livre de polui\u00e7\u00e3o, o Anan\u00e1s dos A\u00e7ores \u00e9 mais arom\u00e1tico. Al\u00e9m disso, cont\u00e9m menos a\u00e7\u00facares, \u00e9 rico em pot\u00e1ssio, magn\u00e9sio, ferro e zinco, apresentando ainda uma grande concentra\u00e7\u00e3o de bromela\u00edna, um anti-inflamat\u00f3rio natural.<\/p><\/div>\n\t\t\t\t<\/div>\n\t\t\t\t\t<\/div>\n\t\t<\/div>\n\t\t\t\t\t<\/div>\n\t\t<\/section>\t\t<\/div>","protected":false},"excerpt":{"rendered":"<p>Caracter\u00edsticas Diferenciadoras Facebook Instagram Tripadvisor \u00a0\u00a0 O Melhor Anan\u00e1s do Mundo diferencia-se dos restantes pelo seu modo de produ\u00e7\u00e3o tradicional em estufa com solos ricos em mat\u00e9ria org\u00e2nica, n\u00e3o recorrendo a quaisquer inseticidas ou pesticidas. A variedade aqui cultivada \u00e9 a \u201cSmooth Cayenne\u201d de \u201cfolha lisa\u201d. Por ser produzido numa regi\u00e3o com condi\u00e7\u00f5es edafoclim\u00e1ticas excecionais &hellip;<\/p>\n<p class=\"read-more\"> <a class=\"\" href=\"https:\/\/ananasdosacores.pt\/en\/imagem-6\/\"> <span class=\"screen-reader-text\">Imagem 6<\/span> Read More &raquo;<\/a><\/p>","protected":false},"author":1,"featured_media":0,"parent":0,"menu_order":0,"comment_status":"closed","ping_status":"closed","template":"","meta":{"_monsterinsights_skip_tracking":false,"_monsterinsights_sitenote_active":false,"_monsterinsights_sitenote_note":"","_monsterinsights_sitenote_category":0,"site-sidebar-layout":"no-sidebar","site-content-layout":"page-builder","ast-main-header-display":"","ast-hfb-above-header-display":"","ast-hfb-below-header-display":"","ast-hfb-mobile-header-display":"","site-post-title":"disabled","ast-breadcrumbs-content":"","ast-featured-img":"disabled","footer-sml-layout":"","theme-transparent-header-meta":"","adv-header-id-meta":"","stick-header-meta":"","header-above-stick-meta":"","header-main-stick-meta":"","header-below-stick-meta":"","footnotes":""},"class_list":["post-2228","page","type-page","status-publish","hentry"],"jetpack_sharing_enabled":true,"_links":{"self":[{"href":"https:\/\/ananasdosacores.pt\/en\/wp-json\/wp\/v2\/pages\/2228","targetHints":{"allow":["GET"]}}],"collection":[{"href":"https:\/\/ananasdosacores.pt\/en\/wp-json\/wp\/v2\/pages"}],"about":[{"href":"https:\/\/ananasdosacores.pt\/en\/wp-json\/wp\/v2\/types\/page"}],"author":[{"embeddable":true,"href":"https:\/\/ananasdosacores.pt\/en\/wp-json\/wp\/v2\/users\/1"}],"replies":[{"embeddable":true,"href":"https:\/\/ananasdosacores.pt\/en\/wp-json\/wp\/v2\/comments?post=2228"}],"version-history":[{"count":0,"href":"https:\/\/ananasdosacores.pt\/en\/wp-json\/wp\/v2\/pages\/2228\/revisions"}],"wp:attachment":[{"href":"https:\/\/ananasdosacores.pt\/en\/wp-json\/wp\/v2\/media?parent=2228"}],"curies":[{"name":"wp","href":"https:\/\/api.w.org\/{rel}","templated":true}]}}