{"id":2219,"date":"2020-10-30T15:24:48","date_gmt":"2020-10-30T16:24:48","guid":{"rendered":"https:\/\/boafruta.pt\/?page_id=2219"},"modified":"2020-11-17T12:24:36","modified_gmt":"2020-11-17T13:24:36","slug":"imagem-4","status":"publish","type":"page","link":"https:\/\/ananasdosacores.pt\/en\/imagem-4\/","title":{"rendered":"Imagem 4"},"content":{"rendered":"<div data-elementor-type=\"wp-page\" data-elementor-id=\"2219\" class=\"elementor elementor-2219\" data-elementor-post-type=\"page\">\n\t\t\t\t<section class=\"elementor-section elementor-top-section elementor-element elementor-element-d5f98f9 elementor-section-boxed elementor-section-height-default elementor-section-height-default\" data-id=\"d5f98f9\" data-element_type=\"section\" data-e-type=\"section\">\n\t\t\t\t\t\t<div class=\"elementor-container elementor-column-gap-default\">\n\t\t\t\t\t<div class=\"elementor-column elementor-col-100 elementor-top-column elementor-element elementor-element-f50d30f\" data-id=\"f50d30f\" data-element_type=\"column\" data-e-type=\"column\">\n\t\t\t<div class=\"elementor-widget-wrap elementor-element-populated\">\n\t\t\t\t\t\t<div class=\"elementor-element elementor-element-5bca3a9 elementor-widget elementor-widget-heading\" data-id=\"5bca3a9\" data-element_type=\"widget\" data-e-type=\"widget\" data-widget_type=\"heading.default\">\n\t\t\t\t<div class=\"elementor-widget-container\">\n\t\t\t\t\t<h2 class=\"elementor-heading-title elementor-size-default\">As Regas<\/h2>\t\t\t\t<\/div>\n\t\t\t\t<\/div>\n\t\t\t\t<div class=\"elementor-element elementor-element-49c3ca4 elementor-shape-circle e-grid-align-left elementor-grid-0 elementor-widget elementor-widget-social-icons\" data-id=\"49c3ca4\" data-element_type=\"widget\" data-e-type=\"widget\" data-widget_type=\"social-icons.default\">\n\t\t\t\t<div class=\"elementor-widget-container\">\n\t\t\t\t\t\t\t<div class=\"elementor-social-icons-wrapper elementor-grid\" role=\"list\">\n\t\t\t\t\t\t\t<span class=\"elementor-grid-item\" role=\"listitem\">\n\t\t\t\t\t<a class=\"elementor-icon elementor-social-icon elementor-social-icon-facebook elementor-repeater-item-9429aeb\" href=\"https:\/\/www.facebook.com\/ananasdosacores\/\" target=\"_blank\">\n\t\t\t\t\t\t<span class=\"elementor-screen-only\">Facebook<\/span>\n\t\t\t\t\t\t<i aria-hidden=\"true\" class=\"fab fa-facebook\"><\/i>\t\t\t\t\t<\/a>\n\t\t\t\t<\/span>\n\t\t\t\t\t\t\t<span class=\"elementor-grid-item\" role=\"listitem\">\n\t\t\t\t\t<a class=\"elementor-icon elementor-social-icon elementor-social-icon-instagram elementor-repeater-item-c16f3e5\" href=\"https:\/\/www.instagram.com\/ananasdosacores\/?hl=pt\" target=\"_blank\">\n\t\t\t\t\t\t<span class=\"elementor-screen-only\">Instagram<\/span>\n\t\t\t\t\t\t<i aria-hidden=\"true\" class=\"fab fa-instagram\"><\/i>\t\t\t\t\t<\/a>\n\t\t\t\t<\/span>\n\t\t\t\t\t\t\t<span class=\"elementor-grid-item\" role=\"listitem\">\n\t\t\t\t\t<a class=\"elementor-icon elementor-social-icon elementor-social-icon-tripadvisor elementor-repeater-item-1d53ed2\" href=\"https:\/\/www.tripadvisor.pt\/UserReviewEdit-g189135-d17740832-Plantacao_de_Ananas_dos_Acores-Ponta_Delgada_Sao_Miguel_Azores.html\" target=\"_blank\">\n\t\t\t\t\t\t<span class=\"elementor-screen-only\">Tripadvisor<\/span>\n\t\t\t\t\t\t<i aria-hidden=\"true\" class=\"fab fa-tripadvisor\"><\/i>\t\t\t\t\t<\/a>\n\t\t\t\t<\/span>\n\t\t\t\t\t<\/div>\n\t\t\t\t\t\t<\/div>\n\t\t\t\t<\/div>\n\t\t\t\t<div class=\"elementor-element elementor-element-36d0df3 elementor-widget elementor-widget-image\" data-id=\"36d0df3\" data-element_type=\"widget\" data-e-type=\"widget\" data-widget_type=\"image.default\">\n\t\t\t\t<div class=\"elementor-widget-container\">\n\t\t\t\t\t\t\t\t\t\t\t\t\t\t\t<img fetchpriority=\"high\" decoding=\"async\" width=\"820\" height=\"360\" src=\"https:\/\/ananasdosacores.pt\/wp-content\/uploads\/2020\/07\/regas.jpg\" class=\"attachment-large size-large wp-image-1701\" alt=\"\" srcset=\"https:\/\/ananasdosacores.pt\/wp-content\/uploads\/2020\/07\/regas.jpg 820w, https:\/\/ananasdosacores.pt\/wp-content\/uploads\/2020\/07\/regas-600x263.jpg 600w, https:\/\/ananasdosacores.pt\/wp-content\/uploads\/2020\/07\/regas-300x132.jpg 300w, https:\/\/ananasdosacores.pt\/wp-content\/uploads\/2020\/07\/regas-768x337.jpg 768w\" sizes=\"(max-width: 820px) 100vw, 820px\" \/>\t\t\t\t\t\t\t\t\t\t\t\t\t\t\t<\/div>\n\t\t\t\t<\/div>\n\t\t\t\t\t<\/div>\n\t\t<\/div>\n\t\t\t\t\t<\/div>\n\t\t<\/section>\n\t\t\t\t<section class=\"elementor-section elementor-top-section elementor-element elementor-element-61ed464 elementor-section-boxed elementor-section-height-default elementor-section-height-default\" data-id=\"61ed464\" data-element_type=\"section\" data-e-type=\"section\">\n\t\t\t\t\t\t<div class=\"elementor-container elementor-column-gap-default\">\n\t\t\t\t\t<div class=\"elementor-column elementor-col-100 elementor-top-column elementor-element elementor-element-e734f81\" data-id=\"e734f81\" data-element_type=\"column\" data-e-type=\"column\">\n\t\t\t<div class=\"elementor-widget-wrap\">\n\t\t\t\t\t\t\t<\/div>\n\t\t<\/div>\n\t\t\t\t\t<\/div>\n\t\t<\/section>\n\t\t\t\t<section class=\"elementor-section elementor-top-section elementor-element elementor-element-fbdf102 elementor-section-boxed elementor-section-height-default elementor-section-height-default\" data-id=\"fbdf102\" data-element_type=\"section\" data-e-type=\"section\">\n\t\t\t\t\t\t<div class=\"elementor-container elementor-column-gap-default\">\n\t\t\t\t\t<div class=\"elementor-column elementor-col-100 elementor-top-column elementor-element elementor-element-6f539c6\" data-id=\"6f539c6\" data-element_type=\"column\" data-e-type=\"column\">\n\t\t\t<div class=\"elementor-widget-wrap elementor-element-populated\">\n\t\t\t\t\t\t<div class=\"elementor-element elementor-element-8fcced8 elementor-widget elementor-widget-text-editor\" data-id=\"8fcced8\" data-element_type=\"widget\" data-e-type=\"widget\" data-widget_type=\"text-editor.default\">\n\t\t\t\t<div class=\"elementor-widget-container\">\n\t\t\t\t\t\t\t\t\t<p><\/p>\n<p><a href=\"https:\/\/boafruta.pt\/irrigation\/\"><img decoding=\"async\" class=\"alignnone wp-image-983\" src=\"https:\/\/boafruta.pt\/wp-content\/uploads\/2020\/07\/EN-300x300.png\" alt=\"\" width=\"36\" height=\"36\"><\/a> <a href=\"https:\/\/boafruta.pt\/el-riego\/\"><img decoding=\"async\" class=\"alignnone wp-image-987\" src=\"https:\/\/boafruta.pt\/wp-content\/uploads\/2020\/07\/ES-300x300.png\" alt=\"\" width=\"36\" height=\"36\"><\/a> <a href=\"https:\/\/boafruta.pt\/larrosage\/\"><img loading=\"lazy\" decoding=\"async\" class=\"alignnone wp-image-984\" src=\"https:\/\/boafruta.pt\/wp-content\/uploads\/2020\/07\/FR-300x300.png\" alt=\"\" width=\"36\" height=\"36\"><\/a> <a href=\"https:\/\/boafruta.pt\/le-annaffiature\/\"><img loading=\"lazy\" decoding=\"async\" class=\"alignnone wp-image-988\" src=\"https:\/\/boafruta.pt\/wp-content\/uploads\/2020\/07\/IT-300x300.png\" alt=\"\" width=\"36\" height=\"36\"><\/a> <a href=\"https:\/\/boafruta.pt\/die-bewasserung\/\"><img loading=\"lazy\" decoding=\"async\" class=\"alignnone wp-image-986\" src=\"https:\/\/boafruta.pt\/wp-content\/uploads\/2020\/07\/DE-300x300.png\" alt=\"\" width=\"35\" height=\"35\"><\/a> <a href=\"https:\/\/boafruta.pt\/%d0%bf%d0%be%d0%bb%d0%b8%d0%b2\/\"><img loading=\"lazy\" decoding=\"async\" class=\"alignnone wp-image-1130\" src=\"https:\/\/boafruta.pt\/wp-content\/uploads\/2020\/07\/rss-1-300x300.png\" alt=\"\" width=\"36\" height=\"36\"><\/a> <a href=\"https:\/\/boafruta.pt\/regas-mandarim\/\"><img loading=\"lazy\" decoding=\"async\" class=\"alignnone wp-image-985\" src=\"https:\/\/boafruta.pt\/wp-content\/uploads\/2020\/07\/CH-300x300.png\" alt=\"\" width=\"36\" height=\"36\"><\/a>&nbsp;&nbsp;<\/p>\n<p>O Melhor Anan\u00e1s do Mundo requer um solo devidamente humedecido. Por esta raz\u00e3o, s\u00e3o efetuadas regas semanais durante o per\u00edodo da Primavera\/Ver\u00e3o e quinzenais no per\u00edodo do Outono\/Inverno.<\/p>\n<p><\/p>\n<p>As estufas est\u00e3o preparadas para a capta\u00e7\u00e3o da \u00e1gua da chuva (abundante na regi\u00e3o), armazenada em tanques interiores ou exteriores, para ser posteriormente utilizada na rega do fruto, tornando o processo de produ\u00e7\u00e3o do Anan\u00e1s dos A\u00e7ores ainda mais sustent\u00e1vel.<\/p>\n<p><\/p>\t\t\t\t\t\t\t\t<\/div>\n\t\t\t\t<\/div>\n\t\t\t\t\t<\/div>\n\t\t<\/div>\n\t\t\t\t\t<\/div>\n\t\t<\/section>\t\t<\/div>","protected":false},"excerpt":{"rendered":"<p>As Regas Facebook Instagram Tripadvisor &nbsp;&nbsp; O Melhor Anan\u00e1s do Mundo requer um solo devidamente humedecido. Por esta raz\u00e3o, s\u00e3o efetuadas regas semanais durante o per\u00edodo da Primavera\/Ver\u00e3o e quinzenais no per\u00edodo do Outono\/Inverno. As estufas est\u00e3o preparadas para a capta\u00e7\u00e3o da \u00e1gua da chuva (abundante na regi\u00e3o), armazenada em tanques interiores ou exteriores, para &hellip;<\/p>\n<p class=\"read-more\"> <a class=\"\" href=\"https:\/\/ananasdosacores.pt\/en\/imagem-4\/\"> <span class=\"screen-reader-text\">Imagem 4<\/span> Read More &raquo;<\/a><\/p>","protected":false},"author":1,"featured_media":0,"parent":0,"menu_order":0,"comment_status":"closed","ping_status":"closed","template":"","meta":{"_monsterinsights_skip_tracking":false,"_monsterinsights_sitenote_active":false,"_monsterinsights_sitenote_note":"","_monsterinsights_sitenote_category":0,"site-sidebar-layout":"no-sidebar","site-content-layout":"page-builder","ast-main-header-display":"","ast-hfb-above-header-display":"","ast-hfb-below-header-display":"","ast-hfb-mobile-header-display":"","site-post-title":"disabled","ast-breadcrumbs-content":"","ast-featured-img":"disabled","footer-sml-layout":"","theme-transparent-header-meta":"","adv-header-id-meta":"","stick-header-meta":"","header-above-stick-meta":"","header-main-stick-meta":"","header-below-stick-meta":"","footnotes":""},"class_list":["post-2219","page","type-page","status-publish","hentry"],"jetpack_sharing_enabled":true,"_links":{"self":[{"href":"https:\/\/ananasdosacores.pt\/en\/wp-json\/wp\/v2\/pages\/2219","targetHints":{"allow":["GET"]}}],"collection":[{"href":"https:\/\/ananasdosacores.pt\/en\/wp-json\/wp\/v2\/pages"}],"about":[{"href":"https:\/\/ananasdosacores.pt\/en\/wp-json\/wp\/v2\/types\/page"}],"author":[{"embeddable":true,"href":"https:\/\/ananasdosacores.pt\/en\/wp-json\/wp\/v2\/users\/1"}],"replies":[{"embeddable":true,"href":"https:\/\/ananasdosacores.pt\/en\/wp-json\/wp\/v2\/comments?post=2219"}],"version-history":[{"count":0,"href":"https:\/\/ananasdosacores.pt\/en\/wp-json\/wp\/v2\/pages\/2219\/revisions"}],"wp:attachment":[{"href":"https:\/\/ananasdosacores.pt\/en\/wp-json\/wp\/v2\/media?parent=2219"}],"curies":[{"name":"wp","href":"https:\/\/api.w.org\/{rel}","templated":true}]}}