{"id":2215,"date":"2020-10-30T15:21:40","date_gmt":"2020-10-30T16:21:40","guid":{"rendered":"https:\/\/boafruta.pt\/?page_id=2215"},"modified":"2020-10-30T15:44:48","modified_gmt":"2020-10-30T16:44:48","slug":"imagem-3","status":"publish","type":"page","link":"https:\/\/ananasdosacores.pt\/en\/imagem-3\/","title":{"rendered":"Imagem 3"},"content":{"rendered":"<div data-elementor-type=\"wp-page\" data-elementor-id=\"2215\" class=\"elementor elementor-2215\" data-elementor-post-type=\"page\">\n\t\t\t\t<section class=\"elementor-section elementor-top-section elementor-element elementor-element-072b0d8 elementor-section-boxed elementor-section-height-default elementor-section-height-default\" data-id=\"072b0d8\" data-element_type=\"section\" data-e-type=\"section\">\n\t\t\t\t\t\t<div class=\"elementor-container elementor-column-gap-default\">\n\t\t\t\t\t<div class=\"elementor-column elementor-col-100 elementor-top-column elementor-element elementor-element-82e2935\" data-id=\"82e2935\" data-element_type=\"column\" data-e-type=\"column\">\n\t\t\t<div class=\"elementor-widget-wrap elementor-element-populated\">\n\t\t\t\t\t\t<div class=\"elementor-element elementor-element-9d6a51b elementor-widget elementor-widget-heading\" data-id=\"9d6a51b\" data-element_type=\"widget\" data-e-type=\"widget\" data-widget_type=\"heading.default\">\n\t\t\t\t<div class=\"elementor-widget-container\">\n\t\t\t\t\t<h2 class=\"elementor-heading-title elementor-size-default\">As Estufas<\/h2>\t\t\t\t<\/div>\n\t\t\t\t<\/div>\n\t\t\t\t<div class=\"elementor-element elementor-element-0888e19 elementor-shape-circle e-grid-align-left elementor-grid-0 elementor-widget elementor-widget-social-icons\" data-id=\"0888e19\" data-element_type=\"widget\" data-e-type=\"widget\" data-widget_type=\"social-icons.default\">\n\t\t\t\t<div class=\"elementor-widget-container\">\n\t\t\t\t\t\t\t<div class=\"elementor-social-icons-wrapper elementor-grid\" role=\"list\">\n\t\t\t\t\t\t\t<span class=\"elementor-grid-item\" role=\"listitem\">\n\t\t\t\t\t<a class=\"elementor-icon elementor-social-icon elementor-social-icon-facebook elementor-repeater-item-70cae74\" href=\"https:\/\/www.facebook.com\/ananasdosacores\/\" target=\"_blank\">\n\t\t\t\t\t\t<span class=\"elementor-screen-only\">Facebook<\/span>\n\t\t\t\t\t\t<i aria-hidden=\"true\" class=\"fab fa-facebook\"><\/i>\t\t\t\t\t<\/a>\n\t\t\t\t<\/span>\n\t\t\t\t\t\t\t<span class=\"elementor-grid-item\" role=\"listitem\">\n\t\t\t\t\t<a class=\"elementor-icon elementor-social-icon elementor-social-icon-instagram elementor-repeater-item-eb4e068\" href=\"https:\/\/www.instagram.com\/ananasdosacores\/?hl=pt\" target=\"_blank\">\n\t\t\t\t\t\t<span class=\"elementor-screen-only\">Instagram<\/span>\n\t\t\t\t\t\t<i aria-hidden=\"true\" class=\"fab fa-instagram\"><\/i>\t\t\t\t\t<\/a>\n\t\t\t\t<\/span>\n\t\t\t\t\t\t\t<span class=\"elementor-grid-item\" role=\"listitem\">\n\t\t\t\t\t<a class=\"elementor-icon elementor-social-icon elementor-social-icon-tripadvisor elementor-repeater-item-5ecf78e\" href=\"https:\/\/www.tripadvisor.pt\/UserReviewEdit-g189135-d17740832-Plantacao_de_Ananas_dos_Acores-Ponta_Delgada_Sao_Miguel_Azores.html\" target=\"_blank\">\n\t\t\t\t\t\t<span class=\"elementor-screen-only\">Tripadvisor<\/span>\n\t\t\t\t\t\t<i aria-hidden=\"true\" class=\"fab fa-tripadvisor\"><\/i>\t\t\t\t\t<\/a>\n\t\t\t\t<\/span>\n\t\t\t\t\t<\/div>\n\t\t\t\t\t\t<\/div>\n\t\t\t\t<\/div>\n\t\t\t\t\t<\/div>\n\t\t<\/div>\n\t\t\t\t\t<\/div>\n\t\t<\/section>\n\t\t\t\t<section class=\"elementor-section elementor-top-section elementor-element elementor-element-5de7c4e elementor-section-boxed elementor-section-height-default elementor-section-height-default\" data-id=\"5de7c4e\" data-element_type=\"section\" data-e-type=\"section\">\n\t\t\t\t\t\t<div class=\"elementor-container elementor-column-gap-default\">\n\t\t\t\t\t<div class=\"elementor-column elementor-col-100 elementor-top-column elementor-element elementor-element-b8b4d4d\" data-id=\"b8b4d4d\" data-element_type=\"column\" data-e-type=\"column\">\n\t\t\t<div class=\"elementor-widget-wrap elementor-element-populated\">\n\t\t\t\t\t\t<div class=\"elementor-element elementor-element-9fdde64 elementor-widget elementor-widget-image\" data-id=\"9fdde64\" data-element_type=\"widget\" data-e-type=\"widget\" data-widget_type=\"image.default\">\n\t\t\t\t<div class=\"elementor-widget-container\">\n\t\t\t\t\t\t\t\t\t\t\t\t\t\t\t<img fetchpriority=\"high\" decoding=\"async\" width=\"820\" height=\"360\" src=\"https:\/\/ananasdosacores.pt\/wp-content\/uploads\/2020\/07\/ESTUFAS.jpg\" class=\"attachment-large size-large wp-image-1742\" alt=\"\" srcset=\"https:\/\/ananasdosacores.pt\/wp-content\/uploads\/2020\/07\/ESTUFAS.jpg 820w, https:\/\/ananasdosacores.pt\/wp-content\/uploads\/2020\/07\/ESTUFAS-600x263.jpg 600w, https:\/\/ananasdosacores.pt\/wp-content\/uploads\/2020\/07\/ESTUFAS-300x132.jpg 300w, https:\/\/ananasdosacores.pt\/wp-content\/uploads\/2020\/07\/ESTUFAS-768x337.jpg 768w\" sizes=\"(max-width: 820px) 100vw, 820px\" \/>\t\t\t\t\t\t\t\t\t\t\t\t\t\t\t<\/div>\n\t\t\t\t<\/div>\n\t\t\t\t\t<\/div>\n\t\t<\/div>\n\t\t\t\t\t<\/div>\n\t\t<\/section>\n\t\t\t\t<section class=\"elementor-section elementor-top-section elementor-element elementor-element-50307f5 elementor-section-boxed elementor-section-height-default elementor-section-height-default\" data-id=\"50307f5\" data-element_type=\"section\" data-e-type=\"section\">\n\t\t\t\t\t\t<div class=\"elementor-container elementor-column-gap-default\">\n\t\t\t\t\t<div class=\"elementor-column elementor-col-100 elementor-top-column elementor-element elementor-element-2e78d5f\" data-id=\"2e78d5f\" data-element_type=\"column\" data-e-type=\"column\">\n\t\t\t<div class=\"elementor-widget-wrap elementor-element-populated\">\n\t\t\t\t\t\t<div class=\"elementor-element elementor-element-d3fff6e elementor-widget elementor-widget-text-editor\" data-id=\"d3fff6e\" data-element_type=\"widget\" data-e-type=\"widget\" data-widget_type=\"text-editor.default\">\n\t\t\t\t<div class=\"elementor-widget-container\"><p><a href=\"https:\/\/boafruta.pt\/greenhouses\/\" data-rich-text-format-boundary=\"true\"><img decoding=\"async\" class=\"alignnone  wp-image-983\" src=\"https:\/\/boafruta.pt\/wp-content\/uploads\/2020\/07\/EN-300x300.png\" alt=\"\" width=\"36\" height=\"36\" \/><\/a> <a href=\"https:\/\/boafruta.pt\/los-invernaderos\/\"><img decoding=\"async\" class=\"alignnone  wp-image-987\" src=\"https:\/\/boafruta.pt\/wp-content\/uploads\/2020\/07\/ES-300x300.png\" alt=\"\" width=\"36\" height=\"36\" \/><\/a> <a href=\"https:\/\/boafruta.pt\/les-serres\/\"><img loading=\"lazy\" decoding=\"async\" class=\"alignnone  wp-image-984\" src=\"https:\/\/boafruta.pt\/wp-content\/uploads\/2020\/07\/FR-300x300.png\" alt=\"\" width=\"36\" height=\"36\" \/><\/a> <a href=\"https:\/\/boafruta.pt\/le-serre\/\"><img loading=\"lazy\" decoding=\"async\" class=\"alignnone  wp-image-988\" src=\"https:\/\/boafruta.pt\/wp-content\/uploads\/2020\/07\/IT-300x300.png\" alt=\"\" width=\"37\" height=\"37\" \/><\/a> <a href=\"https:\/\/boafruta.pt\/gewachshauser\/\"><img loading=\"lazy\" decoding=\"async\" class=\"alignnone  wp-image-986\" src=\"https:\/\/boafruta.pt\/wp-content\/uploads\/2020\/07\/DE-300x300.png\" alt=\"\" width=\"36\" height=\"36\" \/><\/a> <a href=\"https:\/\/boafruta.pt\/estufas-russo\/\"><img loading=\"lazy\" decoding=\"async\" class=\"alignnone  wp-image-1130\" src=\"https:\/\/boafruta.pt\/wp-content\/uploads\/2020\/07\/rss-1-300x300.png\" alt=\"\" width=\"37\" height=\"37\" \/><\/a> <a href=\"https:\/\/boafruta.pt\/estufas-mandarim\/\"><img loading=\"lazy\" decoding=\"async\" class=\"alignnone  wp-image-985\" src=\"https:\/\/boafruta.pt\/wp-content\/uploads\/2020\/07\/CH-300x300.png\" alt=\"\" width=\"36\" height=\"36\" \/><\/a>\u00a0\u00a0<\/p>\n<p>Constru\u00eddas em madeira e vidro, as estufas t\u00eam o objetivo de proporcionar um clima tropical artificial, semelhante ao habitat natural do anan\u00e1s. Adicionalmente, com a utiliza\u00e7\u00e3o de m\u00e9todos como a abertura dos alboios (janelas), da caia\u00e7\u00e3o, e da rega, o estufeiro tem a possibilidade de controlar a temperatura, a humidade, e a luminosidade possibilitando, assim, uma produ\u00e7\u00e3o cont\u00ednua do fruto, ao longo de todo o ano. S\u00e3o estas estufas tradicionais que tornam poss\u00edvel a produ\u00e7\u00e3o do Melhor Anan\u00e1s do Mundo na Ilha de S\u00e3o Miguel, A\u00e7ores.<\/p><\/div>\n\t\t\t\t<\/div>\n\t\t\t\t\t<\/div>\n\t\t<\/div>\n\t\t\t\t\t<\/div>\n\t\t<\/section>\t\t<\/div>","protected":false},"excerpt":{"rendered":"<p>As Estufas Facebook Instagram Tripadvisor \u00a0\u00a0 Constru\u00eddas em madeira e vidro, as estufas t\u00eam o objetivo de proporcionar um clima tropical artificial, semelhante ao habitat natural do anan\u00e1s. Adicionalmente, com a utiliza\u00e7\u00e3o de m\u00e9todos como a abertura dos alboios (janelas), da caia\u00e7\u00e3o, e da rega, o estufeiro tem a possibilidade de controlar a temperatura, a &hellip;<\/p>\n<p class=\"read-more\"> <a class=\"\" href=\"https:\/\/ananasdosacores.pt\/en\/imagem-3\/\"> <span class=\"screen-reader-text\">Imagem 3<\/span> Read More &raquo;<\/a><\/p>","protected":false},"author":1,"featured_media":0,"parent":0,"menu_order":0,"comment_status":"closed","ping_status":"closed","template":"","meta":{"_monsterinsights_skip_tracking":false,"_monsterinsights_sitenote_active":false,"_monsterinsights_sitenote_note":"","_monsterinsights_sitenote_category":0,"site-sidebar-layout":"no-sidebar","site-content-layout":"page-builder","ast-main-header-display":"","ast-hfb-above-header-display":"","ast-hfb-below-header-display":"","ast-hfb-mobile-header-display":"","site-post-title":"disabled","ast-breadcrumbs-content":"","ast-featured-img":"disabled","footer-sml-layout":"","theme-transparent-header-meta":"","adv-header-id-meta":"","stick-header-meta":"","header-above-stick-meta":"","header-main-stick-meta":"","header-below-stick-meta":"","footnotes":""},"class_list":["post-2215","page","type-page","status-publish","hentry"],"jetpack_sharing_enabled":true,"_links":{"self":[{"href":"https:\/\/ananasdosacores.pt\/en\/wp-json\/wp\/v2\/pages\/2215","targetHints":{"allow":["GET"]}}],"collection":[{"href":"https:\/\/ananasdosacores.pt\/en\/wp-json\/wp\/v2\/pages"}],"about":[{"href":"https:\/\/ananasdosacores.pt\/en\/wp-json\/wp\/v2\/types\/page"}],"author":[{"embeddable":true,"href":"https:\/\/ananasdosacores.pt\/en\/wp-json\/wp\/v2\/users\/1"}],"replies":[{"embeddable":true,"href":"https:\/\/ananasdosacores.pt\/en\/wp-json\/wp\/v2\/comments?post=2215"}],"version-history":[{"count":0,"href":"https:\/\/ananasdosacores.pt\/en\/wp-json\/wp\/v2\/pages\/2215\/revisions"}],"wp:attachment":[{"href":"https:\/\/ananasdosacores.pt\/en\/wp-json\/wp\/v2\/media?parent=2215"}],"curies":[{"name":"wp","href":"https:\/\/api.w.org\/{rel}","templated":true}]}}