{"id":1413,"date":"2020-07-13T12:41:28","date_gmt":"2020-07-13T12:41:28","guid":{"rendered":"https:\/\/boafruta.pt\/?page_id=1413"},"modified":"2020-07-15T13:41:39","modified_gmt":"2020-07-15T13:41:39","slug":"la-recoleccion","status":"publish","type":"page","link":"https:\/\/ananasdosacores.pt\/en\/la-recoleccion\/","title":{"rendered":"La Recolecci\u00f3n"},"content":{"rendered":"<div data-elementor-type=\"wp-page\" data-elementor-id=\"1413\" class=\"elementor elementor-1413\" data-elementor-post-type=\"page\">\n\t\t\t\t<section class=\"elementor-section elementor-top-section elementor-element elementor-element-70c067e elementor-section-boxed elementor-section-height-default elementor-section-height-default\" data-id=\"70c067e\" data-element_type=\"section\" data-e-type=\"section\">\n\t\t\t\t\t\t<div class=\"elementor-container elementor-column-gap-default\">\n\t\t\t\t\t<div class=\"elementor-column elementor-col-100 elementor-top-column elementor-element elementor-element-1123eed8\" data-id=\"1123eed8\" data-element_type=\"column\" data-e-type=\"column\">\n\t\t\t<div class=\"elementor-widget-wrap elementor-element-populated\">\n\t\t\t\t\t\t<div class=\"elementor-element elementor-element-2651c53 elementor-shape-circle e-grid-align-left elementor-grid-0 elementor-widget elementor-widget-social-icons\" data-id=\"2651c53\" data-element_type=\"widget\" data-e-type=\"widget\" data-widget_type=\"social-icons.default\">\n\t\t\t\t<div class=\"elementor-widget-container\">\n\t\t\t\t\t\t\t<div class=\"elementor-social-icons-wrapper elementor-grid\" role=\"list\">\n\t\t\t\t\t\t\t<span class=\"elementor-grid-item\" role=\"listitem\">\n\t\t\t\t\t<a class=\"elementor-icon elementor-social-icon elementor-social-icon-facebook elementor-repeater-item-b90907a\" href=\"https:\/\/www.facebook.com\/ananasdosacores\" target=\"_blank\">\n\t\t\t\t\t\t<span class=\"elementor-screen-only\">Facebook<\/span>\n\t\t\t\t\t\t<i aria-hidden=\"true\" class=\"fab fa-facebook\"><\/i>\t\t\t\t\t<\/a>\n\t\t\t\t<\/span>\n\t\t\t\t\t\t\t<span class=\"elementor-grid-item\" role=\"listitem\">\n\t\t\t\t\t<a class=\"elementor-icon elementor-social-icon elementor-social-icon-instagram elementor-repeater-item-9ee968e\" href=\"https:\/\/www.instagram.com\/ananasdosacores\/?hl=pt\" target=\"_blank\">\n\t\t\t\t\t\t<span class=\"elementor-screen-only\">Instagram<\/span>\n\t\t\t\t\t\t<i aria-hidden=\"true\" class=\"fab fa-instagram\"><\/i>\t\t\t\t\t<\/a>\n\t\t\t\t<\/span>\n\t\t\t\t\t\t\t<span class=\"elementor-grid-item\" role=\"listitem\">\n\t\t\t\t\t<a class=\"elementor-icon elementor-social-icon elementor-social-icon-tripadvisor elementor-repeater-item-b9fea5d\" href=\"https:\/\/www.tripadvisor.pt\/UserReviewEdit-g189135-d17740832-Plantacao_de_Ananas_dos_Acores-Ponta_Delgada_Sao_Miguel_Azores.html\" target=\"_blank\">\n\t\t\t\t\t\t<span class=\"elementor-screen-only\">Tripadvisor<\/span>\n\t\t\t\t\t\t<i aria-hidden=\"true\" class=\"fab fa-tripadvisor\"><\/i>\t\t\t\t\t<\/a>\n\t\t\t\t<\/span>\n\t\t\t\t\t<\/div>\n\t\t\t\t\t\t<\/div>\n\t\t\t\t<\/div>\n\t\t\t\t<div class=\"elementor-element elementor-element-0984ed4 elementor-widget elementor-widget-image\" data-id=\"0984ed4\" data-element_type=\"widget\" data-e-type=\"widget\" data-widget_type=\"image.default\">\n\t\t\t\t<div class=\"elementor-widget-container\">\n\t\t\t\t\t\t\t\t\t\t\t\t\t\t\t<img fetchpriority=\"high\" decoding=\"async\" width=\"820\" height=\"360\" src=\"https:\/\/ananasdosacores.pt\/wp-content\/uploads\/2020\/07\/colheita-9.png\" class=\"attachment-large size-large wp-image-1637\" alt=\"\" srcset=\"https:\/\/ananasdosacores.pt\/wp-content\/uploads\/2020\/07\/colheita-9.png 820w, https:\/\/ananasdosacores.pt\/wp-content\/uploads\/2020\/07\/colheita-9-600x263.png 600w, https:\/\/ananasdosacores.pt\/wp-content\/uploads\/2020\/07\/colheita-9-300x132.png 300w, https:\/\/ananasdosacores.pt\/wp-content\/uploads\/2020\/07\/colheita-9-768x337.png 768w\" sizes=\"(max-width: 820px) 100vw, 820px\" \/>\t\t\t\t\t\t\t\t\t\t\t\t\t\t\t<\/div>\n\t\t\t\t<\/div>\n\t\t\t\t<div class=\"elementor-element elementor-element-3bac97b1 elementor-widget elementor-widget-text-editor\" data-id=\"3bac97b1\" data-element_type=\"widget\" data-e-type=\"widget\" data-widget_type=\"text-editor.default\">\n\t\t\t\t<div class=\"elementor-widget-container\"><p>La Pi\u00f1a es considerada un fruto no clim\u00e1tico, o sea, no madura tras su recolecci\u00f3n. El proceso de acumulaci\u00f3n de los az\u00facares en el fruto se produce entre las \u00faltimas seis y ocho semanas.<\/p><p>Los frutos deben madurar en la planta y tienen que ser recogidos con las pi\u00f1as (Frutillos) formados, teniendo, por lo menos, el 25% de la pigmentaci\u00f3n naranja para garantizar el tono amarillo y el sabor dulce.<\/p><p>La Mejor Pi\u00f1a del Mundo es m\u00e1s arom\u00e1tica, m\u00e1s dulce y menos \u00e1cida durante los meses de verano que en los meses de invierno.<\/p><p>La mejor forma para cortar una Pi\u00f1a es hacerlo de arriba hacia abajo, por el hecho de que la gran concentraci\u00f3n de az\u00facar del fruto se encuentra en su base. Por ese motivo, el nivel de dulzura ser\u00e1 el mismo en cada pedazo de fruta, el cual tendr\u00e1 una parte m\u00e1s dulce y otra m\u00e1s \u00e1cida.<\/p><p>Para elegir una buena Pi\u00f1a es necesario tener en consideraci\u00f3n dos aspectos primordiales, concretamente la pigmentaci\u00f3n del fruto y el aroma del mismo. Cuanto m\u00e1s naranja y m\u00e1s arom\u00e1tica sea la pi\u00f1a, m\u00e1s dulce ser\u00e1. Adem\u00e1s, otro aspecto que hay que tener en cuenta es el tama\u00f1o, cuanto m\u00e1s grande sea la pi\u00f1a mejor sabor tendr\u00e1.<\/p><\/div>\n\t\t\t\t<\/div>\n\t\t\t\t\t<\/div>\n\t\t<\/div>\n\t\t\t\t\t<\/div>\n\t\t<\/section>\t\t<\/div>","protected":false},"excerpt":{"rendered":"<p>Facebook Instagram Tripadvisor La Pi\u00f1a es considerada un fruto no clim\u00e1tico, o sea, no madura tras su recolecci\u00f3n. El proceso de acumulaci\u00f3n de los az\u00facares en el fruto se produce entre las \u00faltimas seis y ocho semanas. Los frutos deben madurar en la planta y tienen que ser recogidos con las pi\u00f1as (Frutillos) formados, teniendo, &hellip;<\/p>\n<p class=\"read-more\"> <a class=\"\" href=\"https:\/\/ananasdosacores.pt\/en\/la-recoleccion\/\"> <span class=\"screen-reader-text\">La Recolecci\u00f3n<\/span> Read More &raquo;<\/a><\/p>","protected":false},"author":1,"featured_media":0,"parent":0,"menu_order":0,"comment_status":"closed","ping_status":"closed","template":"","meta":{"_monsterinsights_skip_tracking":false,"_monsterinsights_sitenote_active":false,"_monsterinsights_sitenote_note":"","_monsterinsights_sitenote_category":0,"site-sidebar-layout":"default","site-content-layout":"default","ast-main-header-display":"","ast-hfb-above-header-display":"","ast-hfb-below-header-display":"","ast-hfb-mobile-header-display":"","site-post-title":"","ast-breadcrumbs-content":"","ast-featured-img":"","footer-sml-layout":"","theme-transparent-header-meta":"","adv-header-id-meta":"","stick-header-meta":"","header-above-stick-meta":"","header-main-stick-meta":"","header-below-stick-meta":"","footnotes":""},"class_list":["post-1413","page","type-page","status-publish","hentry"],"jetpack_sharing_enabled":true,"_links":{"self":[{"href":"https:\/\/ananasdosacores.pt\/en\/wp-json\/wp\/v2\/pages\/1413","targetHints":{"allow":["GET"]}}],"collection":[{"href":"https:\/\/ananasdosacores.pt\/en\/wp-json\/wp\/v2\/pages"}],"about":[{"href":"https:\/\/ananasdosacores.pt\/en\/wp-json\/wp\/v2\/types\/page"}],"author":[{"embeddable":true,"href":"https:\/\/ananasdosacores.pt\/en\/wp-json\/wp\/v2\/users\/1"}],"replies":[{"embeddable":true,"href":"https:\/\/ananasdosacores.pt\/en\/wp-json\/wp\/v2\/comments?post=1413"}],"version-history":[{"count":0,"href":"https:\/\/ananasdosacores.pt\/en\/wp-json\/wp\/v2\/pages\/1413\/revisions"}],"wp:attachment":[{"href":"https:\/\/ananasdosacores.pt\/en\/wp-json\/wp\/v2\/media?parent=1413"}],"curies":[{"name":"wp","href":"https:\/\/api.w.org\/{rel}","templated":true}]}}