{"id":1370,"date":"2020-07-13T11:40:53","date_gmt":"2020-07-13T11:40:53","guid":{"rendered":"https:\/\/boafruta.pt\/?page_id=1370"},"modified":"2020-11-25T11:33:04","modified_gmt":"2020-11-25T12:33:04","slug":"les-fumees","status":"publish","type":"page","link":"https:\/\/ananasdosacores.pt\/en\/les-fumees\/","title":{"rendered":"La fumigation"},"content":{"rendered":"<div data-elementor-type=\"wp-page\" data-elementor-id=\"1370\" class=\"elementor elementor-1370\" data-elementor-post-type=\"page\">\n\t\t\t\t\t\t<section class=\"elementor-section elementor-top-section elementor-element elementor-element-32b97924 elementor-section-boxed elementor-section-height-default elementor-section-height-default\" data-id=\"32b97924\" data-element_type=\"section\" data-e-type=\"section\">\n\t\t\t\t\t\t<div class=\"elementor-container elementor-column-gap-default\">\n\t\t\t\t\t<div class=\"elementor-column elementor-col-100 elementor-top-column elementor-element elementor-element-4e0fe0ab\" data-id=\"4e0fe0ab\" data-element_type=\"column\" data-e-type=\"column\">\n\t\t\t<div class=\"elementor-widget-wrap elementor-element-populated\">\n\t\t\t\t\t\t<div class=\"elementor-element elementor-element-41c6f60 elementor-shape-circle e-grid-align-left elementor-grid-0 elementor-widget elementor-widget-social-icons\" data-id=\"41c6f60\" data-element_type=\"widget\" data-e-type=\"widget\" data-widget_type=\"social-icons.default\">\n\t\t\t\t<div class=\"elementor-widget-container\">\n\t\t\t\t\t\t\t<div class=\"elementor-social-icons-wrapper elementor-grid\" role=\"list\">\n\t\t\t\t\t\t\t<span class=\"elementor-grid-item\" role=\"listitem\">\n\t\t\t\t\t<a class=\"elementor-icon elementor-social-icon elementor-social-icon-facebook elementor-repeater-item-33e95a6\" href=\"https:\/\/www.facebook.com\/ananasdosacores\" target=\"_blank\">\n\t\t\t\t\t\t<span class=\"elementor-screen-only\">Facebook<\/span>\n\t\t\t\t\t\t<i aria-hidden=\"true\" class=\"fab fa-facebook\"><\/i>\t\t\t\t\t<\/a>\n\t\t\t\t<\/span>\n\t\t\t\t\t\t\t<span class=\"elementor-grid-item\" role=\"listitem\">\n\t\t\t\t\t<a class=\"elementor-icon elementor-social-icon elementor-social-icon-instagram elementor-repeater-item-3082347\" href=\"https:\/\/www.instagram.com\/ananasdosacores\/?hl=pt\" target=\"_blank\">\n\t\t\t\t\t\t<span class=\"elementor-screen-only\">Instagram<\/span>\n\t\t\t\t\t\t<i aria-hidden=\"true\" class=\"fab fa-instagram\"><\/i>\t\t\t\t\t<\/a>\n\t\t\t\t<\/span>\n\t\t\t\t\t\t\t<span class=\"elementor-grid-item\" role=\"listitem\">\n\t\t\t\t\t<a class=\"elementor-icon elementor-social-icon elementor-social-icon-tripadvisor elementor-repeater-item-bd3a5f6\" href=\"https:\/\/www.tripadvisor.pt\/UserReviewEdit-g189135-d17740832-Plantacao_de_Ananas_dos_Acores-Ponta_Delgada_Sao_Miguel_Azores.html\" target=\"_blank\">\n\t\t\t\t\t\t<span class=\"elementor-screen-only\">Tripadvisor<\/span>\n\t\t\t\t\t\t<i aria-hidden=\"true\" class=\"fab fa-tripadvisor\"><\/i>\t\t\t\t\t<\/a>\n\t\t\t\t<\/span>\n\t\t\t\t\t<\/div>\n\t\t\t\t\t\t<\/div>\n\t\t\t\t<\/div>\n\t\t\t\t<div class=\"elementor-element elementor-element-eda7879 elementor-widget elementor-widget-image\" data-id=\"eda7879\" data-element_type=\"widget\" data-e-type=\"widget\" data-widget_type=\"image.default\">\n\t\t\t\t<div class=\"elementor-widget-container\">\n\t\t\t\t\t\t\t\t\t\t\t\t\t\t\t<img fetchpriority=\"high\" decoding=\"async\" width=\"820\" height=\"360\" src=\"https:\/\/ananasdosacores.pt\/wp-content\/uploads\/2020\/07\/fumos.jpg\" class=\"attachment-large size-large wp-image-1698\" alt=\"\" srcset=\"https:\/\/ananasdosacores.pt\/wp-content\/uploads\/2020\/07\/fumos.jpg 820w, https:\/\/ananasdosacores.pt\/wp-content\/uploads\/2020\/07\/fumos-600x263.jpg 600w, https:\/\/ananasdosacores.pt\/wp-content\/uploads\/2020\/07\/fumos-300x132.jpg 300w, https:\/\/ananasdosacores.pt\/wp-content\/uploads\/2020\/07\/fumos-768x337.jpg 768w\" sizes=\"(max-width: 820px) 100vw, 820px\" \/>\t\t\t\t\t\t\t\t\t\t\t\t\t\t\t<\/div>\n\t\t\t\t<\/div>\n\t\t\t\t<div class=\"elementor-element elementor-element-46b4affd elementor-widget elementor-widget-text-editor\" data-id=\"46b4affd\" data-element_type=\"widget\" data-e-type=\"widget\" data-widget_type=\"text-editor.default\">\n\t\t\t\t<div class=\"elementor-widget-container\">\n\t\t\t\t\t\t\t\t\t<p align=\"JUSTIFY\"><span style=\"color: #000000;\"><span style=\"font-family: Calibri, sans-serif;\"><span style=\"font-size: medium;\">Cinq mois apr\u00e8s la plantation d\u00e9finitive, on proc\u00e8de \u00e0 la fumigation. Cette technique de culture traditionnelle consiste \u00e0 placer le long de la serre des bo\u00eetes en fer contenant divers mat\u00e9riaux v\u00e9g\u00e9taux, parmi lesquels des copeaux de bois, des feuilles de bananier, de la paille de haricot, des herbes s\u00e9ch\u00e9es et une branche de c\u00e8dre du Japon (L.F) D. Don]. <\/span><\/span><\/span><\/p><p align=\"JUSTIFY\"><span style=\"color: #000000;\"><span style=\"font-family: Calibri, sans-serif;\"><span style=\"font-size: medium;\">L\u2019objectif est de br\u00fbler ces mat\u00e9riaux afin qu\u2019ils produisent une grande quantit\u00e9 de fum\u00e9e \u00e0 l\u2019int\u00e9rieur de la serre. \u00c9tant donn\u00e9 que cette fum\u00e9e contient de l\u2019\u00e9thyl\u00e8ne, l\u2019hormone qui stimule la floraison, cette technique de fumigation, d\u00e9couverte accidentellement en 1872, vise \u00e0 provoquer la floraison de la plante et \u00e0 garantir une cueillette homog\u00e8ne et planifi\u00e9e.<\/span><\/span><\/span><\/p>\t\t\t\t\t\t\t\t<\/div>\n\t\t\t\t<\/div>\n\t\t\t\t\t<\/div>\n\t\t<\/div>\n\t\t\t\t\t<\/div>\n\t\t<\/section>\n\t\t\t\t<\/div>","protected":false},"excerpt":{"rendered":"<p>Facebook Instagram Tripadvisor Cinq mois apr\u00e8s la plantation d\u00e9finitive, on proc\u00e8de \u00e0 la fumigation. Cette technique de culture traditionnelle consiste \u00e0 placer le long de la serre des bo\u00eetes en fer contenant divers mat\u00e9riaux v\u00e9g\u00e9taux, parmi lesquels des copeaux de bois, des feuilles de bananier, de la paille de haricot, des herbes s\u00e9ch\u00e9es et une &hellip;<\/p>\n<p class=\"read-more\"> <a class=\"\" href=\"https:\/\/ananasdosacores.pt\/en\/les-fumees\/\"> <span class=\"screen-reader-text\">La fumigation<\/span> Read More &raquo;<\/a><\/p>","protected":false},"author":1,"featured_media":0,"parent":0,"menu_order":0,"comment_status":"closed","ping_status":"closed","template":"","meta":{"_monsterinsights_skip_tracking":false,"_monsterinsights_sitenote_active":false,"_monsterinsights_sitenote_note":"","_monsterinsights_sitenote_category":0,"site-sidebar-layout":"default","site-content-layout":"default","ast-main-header-display":"","ast-hfb-above-header-display":"","ast-hfb-below-header-display":"","ast-hfb-mobile-header-display":"","site-post-title":"","ast-breadcrumbs-content":"","ast-featured-img":"","footer-sml-layout":"","theme-transparent-header-meta":"default","adv-header-id-meta":"","stick-header-meta":"","header-above-stick-meta":"","header-main-stick-meta":"","header-below-stick-meta":"","footnotes":""},"class_list":["post-1370","page","type-page","status-publish","hentry"],"jetpack_sharing_enabled":true,"_links":{"self":[{"href":"https:\/\/ananasdosacores.pt\/en\/wp-json\/wp\/v2\/pages\/1370","targetHints":{"allow":["GET"]}}],"collection":[{"href":"https:\/\/ananasdosacores.pt\/en\/wp-json\/wp\/v2\/pages"}],"about":[{"href":"https:\/\/ananasdosacores.pt\/en\/wp-json\/wp\/v2\/types\/page"}],"author":[{"embeddable":true,"href":"https:\/\/ananasdosacores.pt\/en\/wp-json\/wp\/v2\/users\/1"}],"replies":[{"embeddable":true,"href":"https:\/\/ananasdosacores.pt\/en\/wp-json\/wp\/v2\/comments?post=1370"}],"version-history":[{"count":0,"href":"https:\/\/ananasdosacores.pt\/en\/wp-json\/wp\/v2\/pages\/1370\/revisions"}],"wp:attachment":[{"href":"https:\/\/ananasdosacores.pt\/en\/wp-json\/wp\/v2\/media?parent=1370"}],"curies":[{"name":"wp","href":"https:\/\/api.w.org\/{rel}","templated":true}]}}