{"id":1327,"date":"2020-07-13T10:53:49","date_gmt":"2020-07-13T10:53:49","guid":{"rendered":"https:\/\/boafruta.pt\/?page_id=1327"},"modified":"2020-11-20T16:31:12","modified_gmt":"2020-11-20T17:31:12","slug":"der-produktionszyklus-stufe-2","status":"publish","type":"page","link":"https:\/\/ananasdosacores.pt\/en\/der-produktionszyklus-stufe-2\/","title":{"rendered":"Der Produktionszyklus &#8211; Stufe 2"},"content":{"rendered":"<div data-elementor-type=\"wp-page\" data-elementor-id=\"1327\" class=\"elementor elementor-1327\" data-elementor-post-type=\"page\">\n\t\t\t\t\t\t<section class=\"elementor-section elementor-top-section elementor-element elementor-element-5d5f9685 elementor-section-boxed elementor-section-height-default elementor-section-height-default\" data-id=\"5d5f9685\" data-element_type=\"section\" data-e-type=\"section\">\n\t\t\t\t\t\t<div class=\"elementor-container elementor-column-gap-default\">\n\t\t\t\t\t<div class=\"elementor-column elementor-col-100 elementor-top-column elementor-element elementor-element-3105a9e1\" data-id=\"3105a9e1\" data-element_type=\"column\" data-e-type=\"column\">\n\t\t\t<div class=\"elementor-widget-wrap elementor-element-populated\">\n\t\t\t\t\t\t<div class=\"elementor-element elementor-element-4f48a74 elementor-shape-circle e-grid-align-left elementor-grid-0 elementor-widget elementor-widget-social-icons\" data-id=\"4f48a74\" data-element_type=\"widget\" data-e-type=\"widget\" data-widget_type=\"social-icons.default\">\n\t\t\t\t<div class=\"elementor-widget-container\">\n\t\t\t\t\t\t\t<div class=\"elementor-social-icons-wrapper elementor-grid\" role=\"list\">\n\t\t\t\t\t\t\t<span class=\"elementor-grid-item\" role=\"listitem\">\n\t\t\t\t\t<a class=\"elementor-icon elementor-social-icon elementor-social-icon-facebook elementor-repeater-item-e694689\" href=\"https:\/\/www.facebook.com\/ananasdosacores\" target=\"_blank\">\n\t\t\t\t\t\t<span class=\"elementor-screen-only\">Facebook<\/span>\n\t\t\t\t\t\t<i aria-hidden=\"true\" class=\"fab fa-facebook\"><\/i>\t\t\t\t\t<\/a>\n\t\t\t\t<\/span>\n\t\t\t\t\t\t\t<span class=\"elementor-grid-item\" role=\"listitem\">\n\t\t\t\t\t<a class=\"elementor-icon elementor-social-icon elementor-social-icon-instagram elementor-repeater-item-19de06f\" href=\"https:\/\/www.instagram.com\/ananasdosacores\/?hl=pt\" target=\"_blank\">\n\t\t\t\t\t\t<span class=\"elementor-screen-only\">Instagram<\/span>\n\t\t\t\t\t\t<i aria-hidden=\"true\" class=\"fab fa-instagram\"><\/i>\t\t\t\t\t<\/a>\n\t\t\t\t<\/span>\n\t\t\t\t\t\t\t<span class=\"elementor-grid-item\" role=\"listitem\">\n\t\t\t\t\t<a class=\"elementor-icon elementor-social-icon elementor-social-icon-tripadvisor elementor-repeater-item-71ccb83\" href=\"https:\/\/www.tripadvisor.pt\/UserReviewEdit-g189135-d17740832-Plantacao_de_Ananas_dos_Acores-Ponta_Delgada_Sao_Miguel_Azores.html\" target=\"_blank\">\n\t\t\t\t\t\t<span class=\"elementor-screen-only\">Tripadvisor<\/span>\n\t\t\t\t\t\t<i aria-hidden=\"true\" class=\"fab fa-tripadvisor\"><\/i>\t\t\t\t\t<\/a>\n\t\t\t\t<\/span>\n\t\t\t\t\t<\/div>\n\t\t\t\t\t\t<\/div>\n\t\t\t\t<\/div>\n\t\t\t\t<div class=\"elementor-element elementor-element-727245c elementor-widget elementor-widget-image\" data-id=\"727245c\" data-element_type=\"widget\" data-e-type=\"widget\" data-widget_type=\"image.default\">\n\t\t\t\t<div class=\"elementor-widget-container\">\n\t\t\t\t\t\t\t\t\t\t\t\t\t\t\t<img fetchpriority=\"high\" decoding=\"async\" width=\"820\" height=\"360\" src=\"https:\/\/ananasdosacores.pt\/wp-content\/uploads\/2020\/07\/brolho.jpg\" class=\"attachment-large size-large wp-image-1721\" alt=\"\" srcset=\"https:\/\/ananasdosacores.pt\/wp-content\/uploads\/2020\/07\/brolho.jpg 820w, https:\/\/ananasdosacores.pt\/wp-content\/uploads\/2020\/07\/brolho-600x263.jpg 600w, https:\/\/ananasdosacores.pt\/wp-content\/uploads\/2020\/07\/brolho-300x132.jpg 300w, https:\/\/ananasdosacores.pt\/wp-content\/uploads\/2020\/07\/brolho-768x337.jpg 768w\" sizes=\"(max-width: 820px) 100vw, 820px\" \/>\t\t\t\t\t\t\t\t\t\t\t\t\t\t\t<\/div>\n\t\t\t\t<\/div>\n\t\t\t\t<div class=\"elementor-element elementor-element-74e9cb67 elementor-widget elementor-widget-text-editor\" data-id=\"74e9cb67\" data-element_type=\"widget\" data-e-type=\"widget\" data-widget_type=\"text-editor.default\">\n\t\t\t\t<div class=\"elementor-widget-container\">\n\t\t\t\t\t\t\t\t\t<p align=\"JUSTIFY\"><span style=\"color: #000000;\"><span style=\"font-family: Calibri, sans-serif;\"><span style=\"font-size: medium;\">Etwa sechs Monate nach der Pflanzung des Rhizoms k\u00f6nnen die Spr\u00f6sslinge von dem \u201eMutterrhizom\u201c entfernt und in ein anderes Gew\u00e4chshaus umgepflanzt werden. Bei diesem Prozess werden die Wurzeln abgeschnitten und die Basis des St\u00e4ngels entbl\u00e4ttert, wodurch das Wachstum neuer Wurzeln beg\u00fcnstigt wird. Jedes Rhizom produziert zwischen drei und vier Sch\u00f6sslinge, von denen in der Regel zwei ausgew\u00e4hlt werden. <\/span><\/span><\/span><\/p>\n<p align=\"JUSTIFY\"><span style=\"color: #000000;\"><span style=\"font-family: Calibri, sans-serif;\"><span style=\"font-size: medium;\">Nach sechs bis acht Monaten Kulturzeit gelten die Pflanzen als bereit f\u00fcr die Umpflanzung in ein endg\u00fcltiges Gew\u00e4chshaus, das aus Holz und Glas erbaut ist. <\/span><\/span><\/span><\/p>\t\t\t\t\t\t\t\t<\/div>\n\t\t\t\t<\/div>\n\t\t\t\t\t<\/div>\n\t\t<\/div>\n\t\t\t\t\t<\/div>\n\t\t<\/section>\n\t\t\t\t<\/div>","protected":false},"excerpt":{"rendered":"<p>Facebook Instagram Tripadvisor Etwa sechs Monate nach der Pflanzung des Rhizoms k\u00f6nnen die Spr\u00f6sslinge von dem \u201eMutterrhizom\u201c entfernt und in ein anderes Gew\u00e4chshaus umgepflanzt werden. Bei diesem Prozess werden die Wurzeln abgeschnitten und die Basis des St\u00e4ngels entbl\u00e4ttert, wodurch das Wachstum neuer Wurzeln beg\u00fcnstigt wird. Jedes Rhizom produziert zwischen drei und vier Sch\u00f6sslinge, von denen &hellip;<\/p>\n<p class=\"read-more\"> <a class=\"\" href=\"https:\/\/ananasdosacores.pt\/en\/der-produktionszyklus-stufe-2\/\"> <span class=\"screen-reader-text\">Der Produktionszyklus &#8211; Stufe 2<\/span> Read More &raquo;<\/a><\/p>","protected":false},"author":1,"featured_media":0,"parent":0,"menu_order":0,"comment_status":"closed","ping_status":"closed","template":"","meta":{"_monsterinsights_skip_tracking":false,"_monsterinsights_sitenote_active":false,"_monsterinsights_sitenote_note":"","_monsterinsights_sitenote_category":0,"site-sidebar-layout":"default","site-content-layout":"default","ast-main-header-display":"","ast-hfb-above-header-display":"","ast-hfb-below-header-display":"","ast-hfb-mobile-header-display":"","site-post-title":"","ast-breadcrumbs-content":"","ast-featured-img":"","footer-sml-layout":"","theme-transparent-header-meta":"","adv-header-id-meta":"","stick-header-meta":"","header-above-stick-meta":"","header-main-stick-meta":"","header-below-stick-meta":"","footnotes":""},"class_list":["post-1327","page","type-page","status-publish","hentry"],"jetpack_sharing_enabled":true,"_links":{"self":[{"href":"https:\/\/ananasdosacores.pt\/en\/wp-json\/wp\/v2\/pages\/1327","targetHints":{"allow":["GET"]}}],"collection":[{"href":"https:\/\/ananasdosacores.pt\/en\/wp-json\/wp\/v2\/pages"}],"about":[{"href":"https:\/\/ananasdosacores.pt\/en\/wp-json\/wp\/v2\/types\/page"}],"author":[{"embeddable":true,"href":"https:\/\/ananasdosacores.pt\/en\/wp-json\/wp\/v2\/users\/1"}],"replies":[{"embeddable":true,"href":"https:\/\/ananasdosacores.pt\/en\/wp-json\/wp\/v2\/comments?post=1327"}],"version-history":[{"count":0,"href":"https:\/\/ananasdosacores.pt\/en\/wp-json\/wp\/v2\/pages\/1327\/revisions"}],"wp:attachment":[{"href":"https:\/\/ananasdosacores.pt\/en\/wp-json\/wp\/v2\/media?parent=1327"}],"curies":[{"name":"wp","href":"https:\/\/api.w.org\/{rel}","templated":true}]}}