{"id":1305,"date":"2020-07-13T10:38:42","date_gmt":"2020-07-13T10:38:42","guid":{"rendered":"https:\/\/boafruta.pt\/?page_id=1305"},"modified":"2020-11-20T16:28:50","modified_gmt":"2020-11-20T17:28:50","slug":"der-produktionszyklus-stufe-1","status":"publish","type":"page","link":"https:\/\/ananasdosacores.pt\/en\/der-produktionszyklus-stufe-1\/","title":{"rendered":"Der Produktionszyklus &#8211; Stufe 1"},"content":{"rendered":"<div data-elementor-type=\"wp-page\" data-elementor-id=\"1305\" class=\"elementor elementor-1305\" data-elementor-post-type=\"page\">\n\t\t\t\t\t\t<section class=\"elementor-section elementor-top-section elementor-element elementor-element-42243928 elementor-section-boxed elementor-section-height-default elementor-section-height-default\" data-id=\"42243928\" data-element_type=\"section\" data-e-type=\"section\">\n\t\t\t\t\t\t<div class=\"elementor-container elementor-column-gap-default\">\n\t\t\t\t\t<div class=\"elementor-column elementor-col-100 elementor-top-column elementor-element elementor-element-6e06a57\" data-id=\"6e06a57\" data-element_type=\"column\" data-e-type=\"column\">\n\t\t\t<div class=\"elementor-widget-wrap elementor-element-populated\">\n\t\t\t\t\t\t<div class=\"elementor-element elementor-element-0470890 elementor-shape-circle e-grid-align-left elementor-grid-0 elementor-widget elementor-widget-social-icons\" data-id=\"0470890\" data-element_type=\"widget\" data-e-type=\"widget\" data-widget_type=\"social-icons.default\">\n\t\t\t\t<div class=\"elementor-widget-container\">\n\t\t\t\t\t\t\t<div class=\"elementor-social-icons-wrapper elementor-grid\" role=\"list\">\n\t\t\t\t\t\t\t<span class=\"elementor-grid-item\" role=\"listitem\">\n\t\t\t\t\t<a class=\"elementor-icon elementor-social-icon elementor-social-icon-facebook elementor-repeater-item-a80afd6\" href=\"https:\/\/www.facebook.com\/ananasdosacores\" target=\"_blank\">\n\t\t\t\t\t\t<span class=\"elementor-screen-only\">Facebook<\/span>\n\t\t\t\t\t\t<i aria-hidden=\"true\" class=\"fab fa-facebook\"><\/i>\t\t\t\t\t<\/a>\n\t\t\t\t<\/span>\n\t\t\t\t\t\t\t<span class=\"elementor-grid-item\" role=\"listitem\">\n\t\t\t\t\t<a class=\"elementor-icon elementor-social-icon elementor-social-icon-instagram elementor-repeater-item-c9887ad\" href=\"https:\/\/www.instagram.com\/ananasdosacores\/?hl=pt\" target=\"_blank\">\n\t\t\t\t\t\t<span class=\"elementor-screen-only\">Instagram<\/span>\n\t\t\t\t\t\t<i aria-hidden=\"true\" class=\"fab fa-instagram\"><\/i>\t\t\t\t\t<\/a>\n\t\t\t\t<\/span>\n\t\t\t\t\t\t\t<span class=\"elementor-grid-item\" role=\"listitem\">\n\t\t\t\t\t<a class=\"elementor-icon elementor-social-icon elementor-social-icon-tripadvisor elementor-repeater-item-b5eb0ef\" href=\"https:\/\/www.tripadvisor.pt\/UserReviewEdit-g189135-d17740832-Plantacao_de_Ananas_dos_Acores-Ponta_Delgada_Sao_Miguel_Azores.html\" target=\"_blank\">\n\t\t\t\t\t\t<span class=\"elementor-screen-only\">Tripadvisor<\/span>\n\t\t\t\t\t\t<i aria-hidden=\"true\" class=\"fab fa-tripadvisor\"><\/i>\t\t\t\t\t<\/a>\n\t\t\t\t<\/span>\n\t\t\t\t\t<\/div>\n\t\t\t\t\t\t<\/div>\n\t\t\t\t<\/div>\n\t\t\t\t<div class=\"elementor-element elementor-element-2876805 elementor-widget elementor-widget-image\" data-id=\"2876805\" data-element_type=\"widget\" data-e-type=\"widget\" data-widget_type=\"image.default\">\n\t\t\t\t<div class=\"elementor-widget-container\">\n\t\t\t\t\t\t\t\t\t\t\t\t\t\t\t<img fetchpriority=\"high\" decoding=\"async\" width=\"820\" height=\"360\" src=\"https:\/\/ananasdosacores.pt\/wp-content\/uploads\/2020\/07\/tocas.jpg\" class=\"attachment-large size-large wp-image-1720\" alt=\"\" srcset=\"https:\/\/ananasdosacores.pt\/wp-content\/uploads\/2020\/07\/tocas.jpg 820w, https:\/\/ananasdosacores.pt\/wp-content\/uploads\/2020\/07\/tocas-600x263.jpg 600w, https:\/\/ananasdosacores.pt\/wp-content\/uploads\/2020\/07\/tocas-300x132.jpg 300w, https:\/\/ananasdosacores.pt\/wp-content\/uploads\/2020\/07\/tocas-768x337.jpg 768w\" sizes=\"(max-width: 820px) 100vw, 820px\" \/>\t\t\t\t\t\t\t\t\t\t\t\t\t\t\t<\/div>\n\t\t\t\t<\/div>\n\t\t\t\t<div class=\"elementor-element elementor-element-19d3e1ae elementor-widget elementor-widget-text-editor\" data-id=\"19d3e1ae\" data-element_type=\"widget\" data-e-type=\"widget\" data-widget_type=\"text-editor.default\">\n\t\t\t\t<div class=\"elementor-widget-container\">\n\t\t\t\t\t\t\t\t\t<p align=\"JUSTIFY\"><span style=\"font-size: medium; font-family: Calibri, sans-serif; color: #000000;\">Der Anbauprozess der Ananas der Azoren besteht aus drei verschiedenen Phasen.<\/span><\/p>\n<p align=\"JUSTIFY\"><span style=\"color: #000000;\"><span style=\"font-family: Calibri, sans-serif;\"><span style=\"font-size: medium;\">Der Produktions- und Pflanzzyklus der Ananas der Azoren beginnt mit der Entnahme und Entlaubung des Rhizoms (oder \u201eToca\u201c) von den Pflanzen, die im vorangegangenen Zyklus Qualit\u00e4tsfr\u00fcchte hervorbrachten. Dieses Rhizom wird anschlie\u00dfend sofort zum Treiben in \u201ewarme Betten\u201c gesetzt, der Boden, in dem die beste Ananas der Welt gepflanzt wird. Dieser feuchte Boden, der reich an organischer Substanz ist und sich aus dem vulkanischen Boden von B\u00f6den fr\u00fcherer Produktionen, \u00c4sten und Zweigen von Klebsamen (Pittosporum undulatum Vent) und S\u00e4gemehl (Kleie) zusammensetzt, erm\u00f6glicht durch seinen hohen Grad an G\u00e4rung die W\u00e4rmeproduktion zu stimulieren. Zudem sind die B\u00f6den \u00e4u\u00dferst fruchtbar, wodurch die einzigartigen Eigenschaften der besten Ananas der Welt gew\u00e4hrleistet werden, angefangen von ihrem Aussehen bis hin zu ihrem unverwechselbaren Geschmack.<\/span><\/span><\/span><\/p>\n<p align=\"JUSTIFY\"><span style=\"color: #000000;\"><span style=\"font-family: Calibri, sans-serif;\"><span style=\"font-size: medium;\">Diese erste Phase dauert etwa 4 bis 6 Monate und findet in einem Kunststoffgew\u00e4chshaus, die sogenannten \u201eEstufins\u201c, statt. Aus jedem der \u201eTocas\u201c (Rhizome) gehen kleine Pflanzen hervor, die \u201eBrolhos\u201c (Sch\u00f6sslinge) genannt werden.<\/span><\/span><\/span><\/p>\t\t\t\t\t\t\t\t<\/div>\n\t\t\t\t<\/div>\n\t\t\t\t\t<\/div>\n\t\t<\/div>\n\t\t\t\t\t<\/div>\n\t\t<\/section>\n\t\t\t\t<\/div>","protected":false},"excerpt":{"rendered":"<p>Facebook Instagram Tripadvisor Der Anbauprozess der Ananas der Azoren besteht aus drei verschiedenen Phasen. Der Produktions- und Pflanzzyklus der Ananas der Azoren beginnt mit der Entnahme und Entlaubung des Rhizoms (oder \u201eToca\u201c) von den Pflanzen, die im vorangegangenen Zyklus Qualit\u00e4tsfr\u00fcchte hervorbrachten. Dieses Rhizom wird anschlie\u00dfend sofort zum Treiben in \u201ewarme Betten\u201c gesetzt, der Boden, in &hellip;<\/p>\n<p class=\"read-more\"> <a class=\"\" href=\"https:\/\/ananasdosacores.pt\/en\/der-produktionszyklus-stufe-1\/\"> <span class=\"screen-reader-text\">Der Produktionszyklus &#8211; Stufe 1<\/span> Read More &raquo;<\/a><\/p>","protected":false},"author":1,"featured_media":0,"parent":0,"menu_order":0,"comment_status":"closed","ping_status":"closed","template":"","meta":{"_monsterinsights_skip_tracking":false,"_monsterinsights_sitenote_active":false,"_monsterinsights_sitenote_note":"","_monsterinsights_sitenote_category":0,"site-sidebar-layout":"default","site-content-layout":"default","ast-main-header-display":"","ast-hfb-above-header-display":"","ast-hfb-below-header-display":"","ast-hfb-mobile-header-display":"","site-post-title":"","ast-breadcrumbs-content":"","ast-featured-img":"","footer-sml-layout":"","theme-transparent-header-meta":"","adv-header-id-meta":"","stick-header-meta":"","header-above-stick-meta":"","header-main-stick-meta":"","header-below-stick-meta":"","footnotes":""},"class_list":["post-1305","page","type-page","status-publish","hentry"],"jetpack_sharing_enabled":true,"_links":{"self":[{"href":"https:\/\/ananasdosacores.pt\/en\/wp-json\/wp\/v2\/pages\/1305","targetHints":{"allow":["GET"]}}],"collection":[{"href":"https:\/\/ananasdosacores.pt\/en\/wp-json\/wp\/v2\/pages"}],"about":[{"href":"https:\/\/ananasdosacores.pt\/en\/wp-json\/wp\/v2\/types\/page"}],"author":[{"embeddable":true,"href":"https:\/\/ananasdosacores.pt\/en\/wp-json\/wp\/v2\/users\/1"}],"replies":[{"embeddable":true,"href":"https:\/\/ananasdosacores.pt\/en\/wp-json\/wp\/v2\/comments?post=1305"}],"version-history":[{"count":0,"href":"https:\/\/ananasdosacores.pt\/en\/wp-json\/wp\/v2\/pages\/1305\/revisions"}],"wp:attachment":[{"href":"https:\/\/ananasdosacores.pt\/en\/wp-json\/wp\/v2\/media?parent=1305"}],"curies":[{"name":"wp","href":"https:\/\/api.w.org\/{rel}","templated":true}]}}