{"id":1274,"date":"2020-07-13T10:15:39","date_gmt":"2020-07-13T10:15:39","guid":{"rendered":"https:\/\/boafruta.pt\/?page_id=1274"},"modified":"2020-11-23T15:48:03","modified_gmt":"2020-11-23T16:48:03","slug":"caracteristiques-de-differenciation","status":"publish","type":"page","link":"https:\/\/ananasdosacores.pt\/en\/caracteristiques-de-differenciation\/","title":{"rendered":"Caract\u00e9ristiques Distinctives"},"content":{"rendered":"<div data-elementor-type=\"wp-page\" data-elementor-id=\"1274\" class=\"elementor elementor-1274\" data-elementor-post-type=\"page\">\n\t\t\t\t\t\t<section class=\"elementor-section elementor-top-section elementor-element elementor-element-3f76710c elementor-section-boxed elementor-section-height-default elementor-section-height-default\" data-id=\"3f76710c\" data-element_type=\"section\" data-e-type=\"section\">\n\t\t\t\t\t\t<div class=\"elementor-container elementor-column-gap-default\">\n\t\t\t\t\t<div class=\"elementor-column elementor-col-100 elementor-top-column elementor-element elementor-element-2aba977\" data-id=\"2aba977\" data-element_type=\"column\" data-e-type=\"column\">\n\t\t\t<div class=\"elementor-widget-wrap elementor-element-populated\">\n\t\t\t\t\t\t<div class=\"elementor-element elementor-element-f20095d elementor-shape-circle e-grid-align-left elementor-grid-0 elementor-widget elementor-widget-social-icons\" data-id=\"f20095d\" data-element_type=\"widget\" data-e-type=\"widget\" data-widget_type=\"social-icons.default\">\n\t\t\t\t<div class=\"elementor-widget-container\">\n\t\t\t\t\t\t\t<div class=\"elementor-social-icons-wrapper elementor-grid\" role=\"list\">\n\t\t\t\t\t\t\t<span class=\"elementor-grid-item\" role=\"listitem\">\n\t\t\t\t\t<a class=\"elementor-icon elementor-social-icon elementor-social-icon-facebook elementor-repeater-item-7e86d12\" href=\"https:\/\/www.facebook.com\/ananasdosacores\/\" target=\"_blank\">\n\t\t\t\t\t\t<span class=\"elementor-screen-only\">Facebook<\/span>\n\t\t\t\t\t\t<i aria-hidden=\"true\" class=\"fab fa-facebook\"><\/i>\t\t\t\t\t<\/a>\n\t\t\t\t<\/span>\n\t\t\t\t\t\t\t<span class=\"elementor-grid-item\" role=\"listitem\">\n\t\t\t\t\t<a class=\"elementor-icon elementor-social-icon elementor-social-icon-instagram elementor-repeater-item-062a2cf\" href=\"https:\/\/www.instagram.com\/ananasdosacores\/?hl=pt\" target=\"_blank\">\n\t\t\t\t\t\t<span class=\"elementor-screen-only\">Instagram<\/span>\n\t\t\t\t\t\t<i aria-hidden=\"true\" class=\"fab fa-instagram\"><\/i>\t\t\t\t\t<\/a>\n\t\t\t\t<\/span>\n\t\t\t\t\t\t\t<span class=\"elementor-grid-item\" role=\"listitem\">\n\t\t\t\t\t<a class=\"elementor-icon elementor-social-icon elementor-social-icon-tripadvisor elementor-repeater-item-6bd98d4\" href=\"https:\/\/www.tripadvisor.pt\/UserReviewEdit-g189135-d17740832-Plantacao_de_Ananas_dos_Acores-Ponta_Delgada_Sao_Miguel_Azores.html\" target=\"_blank\">\n\t\t\t\t\t\t<span class=\"elementor-screen-only\">Tripadvisor<\/span>\n\t\t\t\t\t\t<i aria-hidden=\"true\" class=\"fab fa-tripadvisor\"><\/i>\t\t\t\t\t<\/a>\n\t\t\t\t<\/span>\n\t\t\t\t\t<\/div>\n\t\t\t\t\t\t<\/div>\n\t\t\t\t<\/div>\n\t\t\t\t<div class=\"elementor-element elementor-element-2f2e87a elementor-widget elementor-widget-image\" data-id=\"2f2e87a\" data-element_type=\"widget\" data-e-type=\"widget\" data-widget_type=\"image.default\">\n\t\t\t\t<div class=\"elementor-widget-container\">\n\t\t\t\t\t\t\t\t\t\t\t\t\t\t\t<img fetchpriority=\"high\" decoding=\"async\" width=\"820\" height=\"360\" src=\"https:\/\/ananasdosacores.pt\/wp-content\/uploads\/2020\/07\/caracter\u00edsticas-diferenciadoras.jpg\" class=\"attachment-large size-large wp-image-1647\" alt=\"\" srcset=\"https:\/\/ananasdosacores.pt\/wp-content\/uploads\/2020\/07\/caracter\u00edsticas-diferenciadoras.jpg 820w, https:\/\/ananasdosacores.pt\/wp-content\/uploads\/2020\/07\/caracter\u00edsticas-diferenciadoras-600x263.jpg 600w, https:\/\/ananasdosacores.pt\/wp-content\/uploads\/2020\/07\/caracter\u00edsticas-diferenciadoras-300x132.jpg 300w, https:\/\/ananasdosacores.pt\/wp-content\/uploads\/2020\/07\/caracter\u00edsticas-diferenciadoras-768x337.jpg 768w\" sizes=\"(max-width: 820px) 100vw, 820px\" \/>\t\t\t\t\t\t\t\t\t\t\t\t\t\t\t<\/div>\n\t\t\t\t<\/div>\n\t\t\t\t<div class=\"elementor-element elementor-element-7e736322 elementor-widget elementor-widget-text-editor\" data-id=\"7e736322\" data-element_type=\"widget\" data-e-type=\"widget\" data-widget_type=\"text-editor.default\">\n\t\t\t\t<div class=\"elementor-widget-container\">\n\t\t\t\t\t\t\t\t\t<p align=\"JUSTIFY\"><span style=\"font-size: medium;\">Le meilleur ananas du monde se distingue des autres ananas par son mode de production traditionnel. Il est cultiv\u00e9 sous serre, dans des sols riches en mati\u00e8re organique et sans recourir \u00e0 des insecticides ou pesticides. La vari\u00e9t\u00e9 que nous cultivons ici est la \u00ab Smooth Cayenne \u00bb aux \u00ab feuilles inermes \u00bb. <\/span><\/p>\n<p align=\"JUSTIFY\"><span style=\"font-size: medium;\">Comme il est produit dans une r\u00e9gion aux conditions p\u00e9doclimatiques exceptionnelles et dans un environnement non pollu\u00e9, l\u2019ananas des A\u00e7ores est plus parfum\u00e9. Moins sucr\u00e9, il est \u00e9galement riche en potassium, en magn\u00e9sium, en fer et en zinc et contient une grande quantit\u00e9 de brom\u00e9la\u00efne, un anti-inflammatoire naturel.<\/span><\/p>\t\t\t\t\t\t\t\t<\/div>\n\t\t\t\t<\/div>\n\t\t\t\t\t<\/div>\n\t\t<\/div>\n\t\t\t\t\t<\/div>\n\t\t<\/section>\n\t\t\t\t<\/div>","protected":false},"excerpt":{"rendered":"<p>Facebook Instagram Tripadvisor Le meilleur ananas du monde se distingue des autres ananas par son mode de production traditionnel. Il est cultiv\u00e9 sous serre, dans des sols riches en mati\u00e8re organique et sans recourir \u00e0 des insecticides ou pesticides. La vari\u00e9t\u00e9 que nous cultivons ici est la \u00ab Smooth Cayenne \u00bb aux \u00ab feuilles inermes &hellip;<\/p>\n<p class=\"read-more\"> <a class=\"\" href=\"https:\/\/ananasdosacores.pt\/en\/caracteristiques-de-differenciation\/\"> <span class=\"screen-reader-text\">Caract\u00e9ristiques Distinctives<\/span> Read More &raquo;<\/a><\/p>","protected":false},"author":1,"featured_media":0,"parent":0,"menu_order":0,"comment_status":"closed","ping_status":"closed","template":"","meta":{"_monsterinsights_skip_tracking":false,"_monsterinsights_sitenote_active":false,"_monsterinsights_sitenote_note":"","_monsterinsights_sitenote_category":0,"site-sidebar-layout":"default","site-content-layout":"default","ast-main-header-display":"","ast-hfb-above-header-display":"","ast-hfb-below-header-display":"","ast-hfb-mobile-header-display":"","site-post-title":"","ast-breadcrumbs-content":"","ast-featured-img":"","footer-sml-layout":"","theme-transparent-header-meta":"default","adv-header-id-meta":"","stick-header-meta":"","header-above-stick-meta":"","header-main-stick-meta":"","header-below-stick-meta":"","footnotes":""},"class_list":["post-1274","page","type-page","status-publish","hentry"],"jetpack_sharing_enabled":true,"_links":{"self":[{"href":"https:\/\/ananasdosacores.pt\/en\/wp-json\/wp\/v2\/pages\/1274","targetHints":{"allow":["GET"]}}],"collection":[{"href":"https:\/\/ananasdosacores.pt\/en\/wp-json\/wp\/v2\/pages"}],"about":[{"href":"https:\/\/ananasdosacores.pt\/en\/wp-json\/wp\/v2\/types\/page"}],"author":[{"embeddable":true,"href":"https:\/\/ananasdosacores.pt\/en\/wp-json\/wp\/v2\/users\/1"}],"replies":[{"embeddable":true,"href":"https:\/\/ananasdosacores.pt\/en\/wp-json\/wp\/v2\/comments?post=1274"}],"version-history":[{"count":0,"href":"https:\/\/ananasdosacores.pt\/en\/wp-json\/wp\/v2\/pages\/1274\/revisions"}],"wp:attachment":[{"href":"https:\/\/ananasdosacores.pt\/en\/wp-json\/wp\/v2\/media?parent=1274"}],"curies":[{"name":"wp","href":"https:\/\/api.w.org\/{rel}","templated":true}]}}