{"id":1104,"date":"2020-07-10T10:25:23","date_gmt":"2020-07-10T10:25:23","guid":{"rendered":"https:\/\/boafruta.pt\/?page_id=1104"},"modified":"2021-07-28T09:59:47","modified_gmt":"2021-07-28T10:59:47","slug":"qrcode11","status":"publish","type":"page","link":"https:\/\/ananasdosacores.pt\/en\/qrcode11\/","title":{"rendered":"Capa\u00e7\u00e3o da Coroa"},"content":{"rendered":"<div data-elementor-type=\"wp-page\" data-elementor-id=\"1104\" class=\"elementor elementor-1104\" data-elementor-post-type=\"page\">\n\t\t\t\t<section class=\"elementor-section elementor-top-section elementor-element elementor-element-4d27162 elementor-section-boxed elementor-section-height-default elementor-section-height-default\" data-id=\"4d27162\" data-element_type=\"section\" data-e-type=\"section\">\n\t\t\t\t\t\t<div class=\"elementor-container elementor-column-gap-default\">\n\t\t\t\t\t<div class=\"elementor-column elementor-col-100 elementor-top-column elementor-element elementor-element-607e4bd0\" data-id=\"607e4bd0\" data-element_type=\"column\" data-e-type=\"column\">\n\t\t\t<div class=\"elementor-widget-wrap elementor-element-populated\">\n\t\t\t\t\t\t<div class=\"elementor-element elementor-element-721b901 elementor-widget elementor-widget-image\" data-id=\"721b901\" data-element_type=\"widget\" data-e-type=\"widget\" data-widget_type=\"image.default\">\n\t\t\t\t<div class=\"elementor-widget-container\">\n\t\t\t\t\t\t\t\t\t\t\t\t\t\t\t<img fetchpriority=\"high\" decoding=\"async\" width=\"820\" height=\"360\" src=\"https:\/\/ananasdosacores.pt\/wp-content\/uploads\/2020\/07\/capa\u00e7\u00e3o-da-coroa.jpg\" class=\"attachment-large size-large wp-image-1645\" alt=\"\" srcset=\"https:\/\/ananasdosacores.pt\/wp-content\/uploads\/2020\/07\/capa\u00e7\u00e3o-da-coroa.jpg 820w, https:\/\/ananasdosacores.pt\/wp-content\/uploads\/2020\/07\/capa\u00e7\u00e3o-da-coroa-600x263.jpg 600w, https:\/\/ananasdosacores.pt\/wp-content\/uploads\/2020\/07\/capa\u00e7\u00e3o-da-coroa-300x132.jpg 300w, https:\/\/ananasdosacores.pt\/wp-content\/uploads\/2020\/07\/capa\u00e7\u00e3o-da-coroa-768x337.jpg 768w\" sizes=\"(max-width: 820px) 100vw, 820px\" \/>\t\t\t\t\t\t\t\t\t\t\t\t\t\t\t<\/div>\n\t\t\t\t<\/div>\n\t\t\t\t<div class=\"elementor-element elementor-element-1146b9af elementor-widget elementor-widget-text-editor\" data-id=\"1146b9af\" data-element_type=\"widget\" data-e-type=\"widget\" data-widget_type=\"text-editor.default\">\n\t\t\t\t<div class=\"elementor-widget-container\">\n\t\t\t\t\t\t\t\t\t<p><\/p>\n<p><a href=\"https:\/\/boafruta.pt\/crown-spaying\/\"><img decoding=\"async\" class=\"alignnone wp-image-983\" src=\"https:\/\/boafruta.pt\/wp-content\/uploads\/2020\/07\/EN-300x300.png\" alt=\"\" width=\"24\" height=\"24\" \/><\/a> <a href=\"https:\/\/boafruta.pt\/la-poda-de-la-corona\/\"><img decoding=\"async\" class=\"alignnone wp-image-987\" src=\"https:\/\/boafruta.pt\/wp-content\/uploads\/2020\/07\/ES-300x300.png\" alt=\"\" width=\"24\" height=\"24\" \/><\/a> <a href=\"https:\/\/boafruta.pt\/la-capture-de-la-couronne\/\"><img loading=\"lazy\" decoding=\"async\" class=\"alignnone wp-image-984\" src=\"https:\/\/boafruta.pt\/wp-content\/uploads\/2020\/07\/FR-300x300.png\" alt=\"\" width=\"24\" height=\"24\" \/><\/a> <a href=\"https:\/\/boafruta.pt\/taglio-della-corona\/\"><img loading=\"lazy\" decoding=\"async\" class=\"alignnone wp-image-988\" src=\"https:\/\/boafruta.pt\/wp-content\/uploads\/2020\/07\/IT-300x300.png\" alt=\"\" width=\"24\" height=\"24\" \/><\/a> <a href=\"https:\/\/boafruta.pt\/die-kronen\/\"><img loading=\"lazy\" decoding=\"async\" class=\"alignnone wp-image-986\" src=\"https:\/\/boafruta.pt\/wp-content\/uploads\/2020\/07\/DE-300x300.png\" alt=\"\" width=\"24\" height=\"24\" \/><\/a> <a href=\"https:\/\/boafruta.pt\/capacao-russo\/\"><img loading=\"lazy\" decoding=\"async\" class=\"alignnone wp-image-1130\" src=\"https:\/\/boafruta.pt\/wp-content\/uploads\/2020\/07\/rss-1-300x300.png\" alt=\"\" width=\"24\" height=\"24\" \/><\/a> <a href=\"https:\/\/boafruta.pt\/capacao-mandarim\/\"><img loading=\"lazy\" decoding=\"async\" class=\"alignnone wp-image-985\" src=\"https:\/\/boafruta.pt\/wp-content\/uploads\/2020\/07\/CH-300x300.png\" alt=\"\" width=\"24\" height=\"24\" \/><\/a> <a href=\"https:\/\/ananasdosacores.pt\/en\/minimalizacja-korony\/\"><img loading=\"lazy\" decoding=\"async\" class=\"alignnone wp-image-3587\" src=\"https:\/\/ananasdosacores.pt\/wp-content\/uploads\/2021\/07\/poland-flag-2-300x300.png\" alt=\"\" width=\"24\" height=\"24\" \/><\/a><\/p>\n<p>Quando a coroa do Anan\u00e1s atinge aproximadamente 1\/3 do tamanho final do fruto (cerca de dois meses ap\u00f3s o aparecimento da flor), suprime-se o meristema apical central livre da coroa.<\/p>\n<p><\/p>\n<p>Este procedimento, executado com uma esp\u00e1tula de madeira, al\u00e9m de alterar a apar\u00eancia final do fruto, permite que a planta concentre a sua energia no crescimento do fruto, em detrimento do da coroa.<\/p>\n<p><\/p>\n<p>Por esta raz\u00e3o, o topo do Melhor Anan\u00e1s do Mundo \u00e9 mais redondo e menos afusado e a sua coroa \u00e9 significativamente mais pequena do que a dos restantes ananases.<\/p>\n<p><\/p>\t\t\t\t\t\t\t\t<\/div>\n\t\t\t\t<\/div>\n\t\t\t\t\t<\/div>\n\t\t<\/div>\n\t\t\t\t\t<\/div>\n\t\t<\/section>\t\t<\/div>","protected":false},"excerpt":{"rendered":"<p>Quando a coroa do Anan\u00e1s atinge aproximadamente 1\/3 do tamanho final do fruto (cerca de dois meses ap\u00f3s o aparecimento da flor), suprime-se o meristema apical central livre da coroa. Este procedimento, executado com uma esp\u00e1tula de madeira, al\u00e9m de alterar a apar\u00eancia final do fruto, permite que a planta concentre a sua energia no &hellip;<\/p>\n<p class=\"read-more\"> <a class=\"\" href=\"https:\/\/ananasdosacores.pt\/en\/qrcode11\/\"> <span class=\"screen-reader-text\">Capa\u00e7\u00e3o da Coroa<\/span> Read More &raquo;<\/a><\/p>","protected":false},"author":1,"featured_media":0,"parent":0,"menu_order":0,"comment_status":"closed","ping_status":"closed","template":"","meta":{"_monsterinsights_skip_tracking":false,"_monsterinsights_sitenote_active":false,"_monsterinsights_sitenote_note":"","_monsterinsights_sitenote_category":0,"site-sidebar-layout":"default","site-content-layout":"default","ast-main-header-display":"","ast-hfb-above-header-display":"","ast-hfb-below-header-display":"","ast-hfb-mobile-header-display":"","site-post-title":"","ast-breadcrumbs-content":"","ast-featured-img":"","footer-sml-layout":"","theme-transparent-header-meta":"","adv-header-id-meta":"","stick-header-meta":"","header-above-stick-meta":"","header-main-stick-meta":"","header-below-stick-meta":"","footnotes":""},"class_list":["post-1104","page","type-page","status-publish","hentry"],"jetpack_sharing_enabled":true,"_links":{"self":[{"href":"https:\/\/ananasdosacores.pt\/en\/wp-json\/wp\/v2\/pages\/1104","targetHints":{"allow":["GET"]}}],"collection":[{"href":"https:\/\/ananasdosacores.pt\/en\/wp-json\/wp\/v2\/pages"}],"about":[{"href":"https:\/\/ananasdosacores.pt\/en\/wp-json\/wp\/v2\/types\/page"}],"author":[{"embeddable":true,"href":"https:\/\/ananasdosacores.pt\/en\/wp-json\/wp\/v2\/users\/1"}],"replies":[{"embeddable":true,"href":"https:\/\/ananasdosacores.pt\/en\/wp-json\/wp\/v2\/comments?post=1104"}],"version-history":[{"count":0,"href":"https:\/\/ananasdosacores.pt\/en\/wp-json\/wp\/v2\/pages\/1104\/revisions"}],"wp:attachment":[{"href":"https:\/\/ananasdosacores.pt\/en\/wp-json\/wp\/v2\/media?parent=1104"}],"curies":[{"name":"wp","href":"https:\/\/api.w.org\/{rel}","templated":true}]}}