{"id":1101,"date":"2020-07-10T10:23:43","date_gmt":"2020-07-10T10:23:43","guid":{"rendered":"https:\/\/boafruta.pt\/?page_id=1101"},"modified":"2021-07-28T10:05:15","modified_gmt":"2021-07-28T11:05:15","slug":"qrcode10","status":"publish","type":"page","link":"https:\/\/ananasdosacores.pt\/en\/qrcode10\/","title":{"rendered":"Os Fumos"},"content":{"rendered":"<div data-elementor-type=\"wp-page\" data-elementor-id=\"1101\" class=\"elementor elementor-1101\" data-elementor-post-type=\"page\">\n\t\t\t\t<section class=\"elementor-section elementor-top-section elementor-element elementor-element-78ef0397 elementor-section-boxed elementor-section-height-default elementor-section-height-default\" data-id=\"78ef0397\" data-element_type=\"section\" data-e-type=\"section\">\n\t\t\t\t\t\t<div class=\"elementor-container elementor-column-gap-default\">\n\t\t\t\t\t<div class=\"elementor-column elementor-col-100 elementor-top-column elementor-element elementor-element-36dd272f\" data-id=\"36dd272f\" data-element_type=\"column\" data-e-type=\"column\">\n\t\t\t<div class=\"elementor-widget-wrap elementor-element-populated\">\n\t\t\t\t\t\t<div class=\"elementor-element elementor-element-a661f74 elementor-widget elementor-widget-image\" data-id=\"a661f74\" data-element_type=\"widget\" data-e-type=\"widget\" data-widget_type=\"image.default\">\n\t\t\t\t<div class=\"elementor-widget-container\">\n\t\t\t\t\t\t\t\t\t\t\t\t\t\t\t<img fetchpriority=\"high\" decoding=\"async\" width=\"820\" height=\"360\" src=\"https:\/\/ananasdosacores.pt\/wp-content\/uploads\/2020\/07\/fumos.jpg\" class=\"attachment-large size-large wp-image-1698\" alt=\"\" srcset=\"https:\/\/ananasdosacores.pt\/wp-content\/uploads\/2020\/07\/fumos.jpg 820w, https:\/\/ananasdosacores.pt\/wp-content\/uploads\/2020\/07\/fumos-600x263.jpg 600w, https:\/\/ananasdosacores.pt\/wp-content\/uploads\/2020\/07\/fumos-300x132.jpg 300w, https:\/\/ananasdosacores.pt\/wp-content\/uploads\/2020\/07\/fumos-768x337.jpg 768w\" sizes=\"(max-width: 820px) 100vw, 820px\" \/>\t\t\t\t\t\t\t\t\t\t\t\t\t\t\t<\/div>\n\t\t\t\t<\/div>\n\t\t\t\t<div class=\"elementor-element elementor-element-aadea59 elementor-widget elementor-widget-text-editor\" data-id=\"aadea59\" data-element_type=\"widget\" data-e-type=\"widget\" data-widget_type=\"text-editor.default\">\n\t\t\t\t<div class=\"elementor-widget-container\"><p><a href=\"https:\/\/boafruta.pt\/fumes\/\"><img decoding=\"async\" class=\"alignnone  wp-image-983\" src=\"https:\/\/boafruta.pt\/wp-content\/uploads\/2020\/07\/EN-300x300.png\" alt=\"\" width=\"24\" height=\"24\" \/><\/a> <a href=\"https:\/\/boafruta.pt\/los-humos\/\"><img decoding=\"async\" class=\"alignnone  wp-image-987\" src=\"https:\/\/boafruta.pt\/wp-content\/uploads\/2020\/07\/ES-300x300.png\" alt=\"\" width=\"24\" height=\"24\" \/><\/a> <a href=\"https:\/\/boafruta.pt\/les-fumees\/\"><img loading=\"lazy\" decoding=\"async\" class=\"alignnone  wp-image-984\" src=\"https:\/\/boafruta.pt\/wp-content\/uploads\/2020\/07\/FR-300x300.png\" alt=\"\" width=\"24\" height=\"24\" \/><\/a> <a href=\"https:\/\/boafruta.pt\/i-fumi\/\"><img loading=\"lazy\" decoding=\"async\" class=\"alignnone  wp-image-988\" src=\"https:\/\/boafruta.pt\/wp-content\/uploads\/2020\/07\/IT-300x300.png\" alt=\"\" width=\"24\" height=\"24\" \/><\/a> <a href=\"https:\/\/boafruta.pt\/beraucherung\/\"><img loading=\"lazy\" decoding=\"async\" class=\"alignnone  wp-image-986\" src=\"https:\/\/boafruta.pt\/wp-content\/uploads\/2020\/07\/DE-300x300.png\" alt=\"\" width=\"24\" height=\"24\" \/><\/a> <a href=\"https:\/\/boafruta.pt\/%d0%b4%d1%8b%d0%bc\/\"><img loading=\"lazy\" decoding=\"async\" class=\"alignnone  wp-image-1130\" src=\"https:\/\/boafruta.pt\/wp-content\/uploads\/2020\/07\/rss-1-300x300.png\" alt=\"\" width=\"24\" height=\"24\" \/><\/a> <a href=\"https:\/\/boafruta.pt\/fumos-mandarim\/\"><img loading=\"lazy\" decoding=\"async\" class=\"alignnone  wp-image-985\" src=\"https:\/\/boafruta.pt\/wp-content\/uploads\/2020\/07\/CH-300x300.png\" alt=\"\" width=\"24\" height=\"24\" \/><\/a> <a href=\"https:\/\/ananasdosacores.pt\/en\/odymianie\/\"><img loading=\"lazy\" decoding=\"async\" class=\"alignnone wp-image-3604\" src=\"https:\/\/ananasdosacores.pt\/wp-content\/uploads\/2021\/07\/poland-flag-3-300x300.png\" alt=\"\" width=\"24\" height=\"24\" \/><\/a><\/p>\n<p>Ap\u00f3s cinco a sete meses desde a planta\u00e7\u00e3o definitiva, aplica-se o m\u00e9todo dos \u201cFumos\u201d. A pr\u00e1tica de cultivo tradicional consiste em colocar ao longo da estufa latas com diversos materiais vegetais, entre eles, aparas de madeira, folhas de bananeira, palha de feij\u00e3o, ervas secas e ramada de criptom\u00e9ria jap\u00f3nica [Criptomeria japonica (L.F) D. Don].<\/p><p>O objetivo \u00e9 proceder \u00e0 queima destes materiais para que se produza elevadas quantidades de fumo no interior da estufa. Uma vez que este fumo cont\u00e9m etileno, hormona respons\u00e1vel pela flora\u00e7\u00e3o, este processo de aplica\u00e7\u00e3o dos \u201cfumos\u201d, descoberto por acidente no ano de 1872, visa induzir a fase de flora\u00e7\u00e3o da planta, garantindo uma colheita homog\u00e9nea e planeada.<\/p><\/div>\n\t\t\t\t<\/div>\n\t\t\t\t\t<\/div>\n\t\t<\/div>\n\t\t\t\t\t<\/div>\n\t\t<\/section>\t\t<\/div>","protected":false},"excerpt":{"rendered":"<p>Ap\u00f3s cinco a sete meses desde a planta\u00e7\u00e3o definitiva, aplica-se o m\u00e9todo dos \u201cFumos\u201d. A pr\u00e1tica de cultivo tradicional consiste em colocar ao longo da estufa latas com diversos materiais vegetais, entre eles, aparas de madeira, folhas de bananeira, palha de feij\u00e3o, ervas secas e ramada de criptom\u00e9ria jap\u00f3nica [Criptomeria japonica (L.F) D. Don]. O &hellip;<\/p>\n<p class=\"read-more\"> <a class=\"\" href=\"https:\/\/ananasdosacores.pt\/en\/qrcode10\/\"> <span class=\"screen-reader-text\">Os Fumos<\/span> Read More &raquo;<\/a><\/p>","protected":false},"author":1,"featured_media":0,"parent":0,"menu_order":0,"comment_status":"closed","ping_status":"closed","template":"","meta":{"_monsterinsights_skip_tracking":false,"_monsterinsights_sitenote_active":false,"_monsterinsights_sitenote_note":"","_monsterinsights_sitenote_category":0,"site-sidebar-layout":"default","site-content-layout":"default","ast-main-header-display":"","ast-hfb-above-header-display":"","ast-hfb-below-header-display":"","ast-hfb-mobile-header-display":"","site-post-title":"","ast-breadcrumbs-content":"","ast-featured-img":"","footer-sml-layout":"","theme-transparent-header-meta":"","adv-header-id-meta":"","stick-header-meta":"","header-above-stick-meta":"","header-main-stick-meta":"","header-below-stick-meta":"","footnotes":""},"class_list":["post-1101","page","type-page","status-publish","hentry"],"jetpack_sharing_enabled":true,"_links":{"self":[{"href":"https:\/\/ananasdosacores.pt\/en\/wp-json\/wp\/v2\/pages\/1101","targetHints":{"allow":["GET"]}}],"collection":[{"href":"https:\/\/ananasdosacores.pt\/en\/wp-json\/wp\/v2\/pages"}],"about":[{"href":"https:\/\/ananasdosacores.pt\/en\/wp-json\/wp\/v2\/types\/page"}],"author":[{"embeddable":true,"href":"https:\/\/ananasdosacores.pt\/en\/wp-json\/wp\/v2\/users\/1"}],"replies":[{"embeddable":true,"href":"https:\/\/ananasdosacores.pt\/en\/wp-json\/wp\/v2\/comments?post=1101"}],"version-history":[{"count":0,"href":"https:\/\/ananasdosacores.pt\/en\/wp-json\/wp\/v2\/pages\/1101\/revisions"}],"wp:attachment":[{"href":"https:\/\/ananasdosacores.pt\/en\/wp-json\/wp\/v2\/media?parent=1101"}],"curies":[{"name":"wp","href":"https:\/\/api.w.org\/{rel}","templated":true}]}}