{"id":1093,"date":"2020-07-10T10:03:43","date_gmt":"2020-07-10T10:03:43","guid":{"rendered":"https:\/\/boafruta.pt\/?page_id=1093"},"modified":"2021-07-27T15:24:22","modified_gmt":"2021-07-27T16:24:22","slug":"qrcode8","status":"publish","type":"page","link":"https:\/\/ananasdosacores.pt\/en\/qrcode8\/","title":{"rendered":"A Planta\u00e7\u00e3o do Brolho"},"content":{"rendered":"<div data-elementor-type=\"wp-page\" data-elementor-id=\"1093\" class=\"elementor elementor-1093\" data-elementor-post-type=\"page\">\n\t\t\t\t<section class=\"elementor-section elementor-top-section elementor-element elementor-element-2a7b1b9f elementor-section-boxed elementor-section-height-default elementor-section-height-default\" data-id=\"2a7b1b9f\" data-element_type=\"section\" data-e-type=\"section\">\n\t\t\t\t\t\t<div class=\"elementor-container elementor-column-gap-default\">\n\t\t\t\t\t<div class=\"elementor-column elementor-col-100 elementor-top-column elementor-element elementor-element-112f76fa\" data-id=\"112f76fa\" data-element_type=\"column\" data-e-type=\"column\">\n\t\t\t<div class=\"elementor-widget-wrap elementor-element-populated\">\n\t\t\t\t\t\t<div class=\"elementor-element elementor-element-0cdce93 elementor-shape-circle e-grid-align-left elementor-grid-0 elementor-widget elementor-widget-social-icons\" data-id=\"0cdce93\" data-element_type=\"widget\" data-e-type=\"widget\" data-widget_type=\"social-icons.default\">\n\t\t\t\t<div class=\"elementor-widget-container\">\n\t\t\t\t\t\t\t<div class=\"elementor-social-icons-wrapper elementor-grid\" role=\"list\">\n\t\t\t\t\t\t\t<span class=\"elementor-grid-item\" role=\"listitem\">\n\t\t\t\t\t<a class=\"elementor-icon elementor-social-icon elementor-social-icon-facebook elementor-repeater-item-f609056\" href=\"https:\/\/www.facebook.com\/ananasdosacores\/\" target=\"_blank\">\n\t\t\t\t\t\t<span class=\"elementor-screen-only\">Facebook<\/span>\n\t\t\t\t\t\t<i aria-hidden=\"true\" class=\"fab fa-facebook\"><\/i>\t\t\t\t\t<\/a>\n\t\t\t\t<\/span>\n\t\t\t\t\t\t\t<span class=\"elementor-grid-item\" role=\"listitem\">\n\t\t\t\t\t<a class=\"elementor-icon elementor-social-icon elementor-social-icon-instagram elementor-repeater-item-547874f\" href=\"https:\/\/www.instagram.com\/ananasdosacores\/?hl=pt\" target=\"_blank\">\n\t\t\t\t\t\t<span class=\"elementor-screen-only\">Instagram<\/span>\n\t\t\t\t\t\t<i aria-hidden=\"true\" class=\"fab fa-instagram\"><\/i>\t\t\t\t\t<\/a>\n\t\t\t\t<\/span>\n\t\t\t\t\t\t\t<span class=\"elementor-grid-item\" role=\"listitem\">\n\t\t\t\t\t<a class=\"elementor-icon elementor-social-icon elementor-social-icon-tripadvisor elementor-repeater-item-dd689a2\" href=\"https:\/\/www.tripadvisor.pt\/UserReviewEdit-g189135-d17740832-Plantacao_de_Ananas_dos_Acores-Ponta_Delgada_Sao_Miguel_Azores.html\" target=\"_blank\">\n\t\t\t\t\t\t<span class=\"elementor-screen-only\">Tripadvisor<\/span>\n\t\t\t\t\t\t<i aria-hidden=\"true\" class=\"fab fa-tripadvisor\"><\/i>\t\t\t\t\t<\/a>\n\t\t\t\t<\/span>\n\t\t\t\t\t<\/div>\n\t\t\t\t\t\t<\/div>\n\t\t\t\t<\/div>\n\t\t\t\t<div class=\"elementor-element elementor-element-e3aa26d elementor-widget elementor-widget-image\" data-id=\"e3aa26d\" data-element_type=\"widget\" data-e-type=\"widget\" data-widget_type=\"image.default\">\n\t\t\t\t<div class=\"elementor-widget-container\">\n\t\t\t\t\t\t\t\t\t\t\t\t\t\t\t<img fetchpriority=\"high\" decoding=\"async\" width=\"820\" height=\"360\" src=\"https:\/\/ananasdosacores.pt\/wp-content\/uploads\/2020\/07\/brolho.jpg\" class=\"attachment-large size-large wp-image-1721\" alt=\"\" srcset=\"https:\/\/ananasdosacores.pt\/wp-content\/uploads\/2020\/07\/brolho.jpg 820w, https:\/\/ananasdosacores.pt\/wp-content\/uploads\/2020\/07\/brolho-600x263.jpg 600w, https:\/\/ananasdosacores.pt\/wp-content\/uploads\/2020\/07\/brolho-300x132.jpg 300w, https:\/\/ananasdosacores.pt\/wp-content\/uploads\/2020\/07\/brolho-768x337.jpg 768w\" sizes=\"(max-width: 820px) 100vw, 820px\" \/>\t\t\t\t\t\t\t\t\t\t\t\t\t\t\t<\/div>\n\t\t\t\t<\/div>\n\t\t\t\t<div class=\"elementor-element elementor-element-2bcc65f4 elementor-widget elementor-widget-text-editor\" data-id=\"2bcc65f4\" data-element_type=\"widget\" data-e-type=\"widget\" data-widget_type=\"text-editor.default\">\n\t\t\t\t<div class=\"elementor-widget-container\"><p><a href=\"https:\/\/boafruta.pt\/the-planting-of-sprouts-for-the-production-of-planting\/\"><img decoding=\"async\" class=\"alignnone  wp-image-983\" src=\"https:\/\/boafruta.pt\/wp-content\/uploads\/2020\/07\/EN-300x300.png\" alt=\"\" width=\"23\" height=\"23\" \/><\/a> <a href=\"https:\/\/boafruta.pt\/plantacion-del-brote-para-la-produccion-de-la-planta\/\"><img decoding=\"async\" class=\"alignnone  wp-image-987\" src=\"https:\/\/boafruta.pt\/wp-content\/uploads\/2020\/07\/ES-300x300.png\" alt=\"\" width=\"25\" height=\"25\" \/><\/a> <a href=\"https:\/\/boafruta.pt\/la-plantation-de-brocoli-pour-la-production-de-plantation\/\"><img loading=\"lazy\" decoding=\"async\" class=\"alignnone  wp-image-984\" src=\"https:\/\/boafruta.pt\/wp-content\/uploads\/2020\/07\/FR-300x300.png\" alt=\"\" width=\"25\" height=\"25\" \/><\/a> <a href=\"https:\/\/boafruta.pt\/il-trapianto-dei-germogli-per-la-sviluppo-delle-piante\/\"><img loading=\"lazy\" decoding=\"async\" class=\"alignnone  wp-image-988\" src=\"https:\/\/boafruta.pt\/wp-content\/uploads\/2020\/07\/IT-300x300.png\" alt=\"\" width=\"24\" height=\"24\" \/><\/a> <a href=\"https:\/\/boafruta.pt\/der-produktionszyklus-stufe-2\/\"><img loading=\"lazy\" decoding=\"async\" class=\"alignnone  wp-image-986\" src=\"https:\/\/boafruta.pt\/wp-content\/uploads\/2020\/07\/DE-300x300.png\" alt=\"\" width=\"24\" height=\"24\" \/><\/a> <a href=\"https:\/\/boafruta.pt\/brolho-russo\/\"><img loading=\"lazy\" decoding=\"async\" class=\"alignnone  wp-image-1130\" src=\"https:\/\/boafruta.pt\/wp-content\/uploads\/2020\/07\/rss-1-300x300.png\" alt=\"\" width=\"24\" height=\"24\" \/><\/a> <a href=\"https:\/\/boafruta.pt\/brolho-mandarim\/\"><img loading=\"lazy\" decoding=\"async\" class=\"alignnone  wp-image-985\" src=\"https:\/\/boafruta.pt\/wp-content\/uploads\/2020\/07\/CH-300x300.png\" alt=\"\" width=\"24\" height=\"24\" \/>\u00a0\u00a0<\/a><a href=\"https:\/\/ananasdosacores.pt\/en\/oddzielanie-i-sadzenie-sadzonek\/\"><img loading=\"lazy\" decoding=\"async\" class=\"alignnone wp-image-3609\" src=\"https:\/\/ananasdosacores.pt\/wp-content\/uploads\/2021\/07\/poland-flag-4-300x300.png\" alt=\"\" width=\"24\" height=\"24\" \/><\/a><\/p>\n<p>Passados cerca de seis meses ap\u00f3s a planta\u00e7\u00e3o da Toca, os brolhos podem ser retirados da \u201cToca-M\u00e3e\u201d e transplantados para outra estufa. Neste processo, procede-se ao corte das suas ra\u00edzes e \u00e0 desfolha da base do caule, favorecendo a emiss\u00e3o de novas ra\u00edzes. Cada uma das Tocas produz entre tr\u00eas a quatro brolhos, dos quais s\u00e3o geralmente selecionados dois.<\/p><p>Ap\u00f3s seis a oito meses de cultura, considera-se que as plantas est\u00e3o prontas para serem transplantadas para uma estufa definitiva, onde permanecer\u00e3o at\u00e9 ao local da colheita.<\/p><\/div>\n\t\t\t\t<\/div>\n\t\t\t\t\t<\/div>\n\t\t<\/div>\n\t\t\t\t\t<\/div>\n\t\t<\/section>\t\t<\/div>","protected":false},"excerpt":{"rendered":"<p>Facebook Instagram Tripadvisor \u00a0\u00a0 Passados cerca de seis meses ap\u00f3s a planta\u00e7\u00e3o da Toca, os brolhos podem ser retirados da \u201cToca-M\u00e3e\u201d e transplantados para outra estufa. Neste processo, procede-se ao corte das suas ra\u00edzes e \u00e0 desfolha da base do caule, favorecendo a emiss\u00e3o de novas ra\u00edzes. Cada uma das Tocas produz entre tr\u00eas a &hellip;<\/p>\n<p class=\"read-more\"> <a class=\"\" href=\"https:\/\/ananasdosacores.pt\/en\/qrcode8\/\"> <span class=\"screen-reader-text\">A Planta\u00e7\u00e3o do Brolho<\/span> Read More &raquo;<\/a><\/p>","protected":false},"author":1,"featured_media":0,"parent":0,"menu_order":0,"comment_status":"closed","ping_status":"closed","template":"","meta":{"_monsterinsights_skip_tracking":false,"_monsterinsights_sitenote_active":false,"_monsterinsights_sitenote_note":"","_monsterinsights_sitenote_category":0,"site-sidebar-layout":"default","site-content-layout":"default","ast-main-header-display":"","ast-hfb-above-header-display":"","ast-hfb-below-header-display":"","ast-hfb-mobile-header-display":"","site-post-title":"","ast-breadcrumbs-content":"","ast-featured-img":"","footer-sml-layout":"","theme-transparent-header-meta":"","adv-header-id-meta":"","stick-header-meta":"","header-above-stick-meta":"","header-main-stick-meta":"","header-below-stick-meta":"","footnotes":""},"class_list":["post-1093","page","type-page","status-publish","hentry"],"jetpack_sharing_enabled":true,"_links":{"self":[{"href":"https:\/\/ananasdosacores.pt\/en\/wp-json\/wp\/v2\/pages\/1093","targetHints":{"allow":["GET"]}}],"collection":[{"href":"https:\/\/ananasdosacores.pt\/en\/wp-json\/wp\/v2\/pages"}],"about":[{"href":"https:\/\/ananasdosacores.pt\/en\/wp-json\/wp\/v2\/types\/page"}],"author":[{"embeddable":true,"href":"https:\/\/ananasdosacores.pt\/en\/wp-json\/wp\/v2\/users\/1"}],"replies":[{"embeddable":true,"href":"https:\/\/ananasdosacores.pt\/en\/wp-json\/wp\/v2\/comments?post=1093"}],"version-history":[{"count":0,"href":"https:\/\/ananasdosacores.pt\/en\/wp-json\/wp\/v2\/pages\/1093\/revisions"}],"wp:attachment":[{"href":"https:\/\/ananasdosacores.pt\/en\/wp-json\/wp\/v2\/media?parent=1093"}],"curies":[{"name":"wp","href":"https:\/\/api.w.org\/{rel}","templated":true}]}}