{"id":1090,"date":"2020-07-10T09:58:53","date_gmt":"2020-07-10T09:58:53","guid":{"rendered":"https:\/\/boafruta.pt\/?page_id=1090"},"modified":"2022-07-29T14:15:30","modified_gmt":"2022-07-29T15:15:30","slug":"qrcode7","status":"publish","type":"page","link":"https:\/\/ananasdosacores.pt\/en\/qrcode7\/","title":{"rendered":"A Planta\u00e7\u00e3o da Toca"},"content":{"rendered":"<div data-elementor-type=\"wp-page\" data-elementor-id=\"1090\" class=\"elementor elementor-1090\" data-elementor-post-type=\"page\">\n\t\t\t\t<section class=\"elementor-section elementor-top-section elementor-element elementor-element-304041c elementor-section-boxed elementor-section-height-default elementor-section-height-default\" data-id=\"304041c\" data-element_type=\"section\" data-e-type=\"section\">\n\t\t\t\t\t\t<div class=\"elementor-container elementor-column-gap-default\">\n\t\t\t\t\t<div class=\"elementor-column elementor-col-100 elementor-top-column elementor-element elementor-element-5c5a0836\" data-id=\"5c5a0836\" data-element_type=\"column\" data-e-type=\"column\">\n\t\t\t<div class=\"elementor-widget-wrap elementor-element-populated\">\n\t\t\t\t\t\t<div class=\"elementor-element elementor-element-07abb28 elementor-shape-circle e-grid-align-left elementor-grid-0 elementor-widget elementor-widget-social-icons\" data-id=\"07abb28\" data-element_type=\"widget\" data-e-type=\"widget\" data-widget_type=\"social-icons.default\">\n\t\t\t\t<div class=\"elementor-widget-container\">\n\t\t\t\t\t\t\t<div class=\"elementor-social-icons-wrapper elementor-grid\" role=\"list\">\n\t\t\t\t\t\t\t<span class=\"elementor-grid-item\" role=\"listitem\">\n\t\t\t\t\t<a class=\"elementor-icon elementor-social-icon elementor-social-icon-facebook elementor-repeater-item-9429aeb\" href=\"https:\/\/www.facebook.com\/ananasdosacores\/\" target=\"_blank\">\n\t\t\t\t\t\t<span class=\"elementor-screen-only\">Facebook<\/span>\n\t\t\t\t\t\t<i aria-hidden=\"true\" class=\"fab fa-facebook\"><\/i>\t\t\t\t\t<\/a>\n\t\t\t\t<\/span>\n\t\t\t\t\t\t\t<span class=\"elementor-grid-item\" role=\"listitem\">\n\t\t\t\t\t<a class=\"elementor-icon elementor-social-icon elementor-social-icon-instagram elementor-repeater-item-c16f3e5\" href=\"https:\/\/www.instagram.com\/ananasdosacores\/?hl=pt\" target=\"_blank\">\n\t\t\t\t\t\t<span class=\"elementor-screen-only\">Instagram<\/span>\n\t\t\t\t\t\t<i aria-hidden=\"true\" class=\"fab fa-instagram\"><\/i>\t\t\t\t\t<\/a>\n\t\t\t\t<\/span>\n\t\t\t\t\t\t\t<span class=\"elementor-grid-item\" role=\"listitem\">\n\t\t\t\t\t<a class=\"elementor-icon elementor-social-icon elementor-social-icon-tripadvisor elementor-repeater-item-1d53ed2\" href=\"https:\/\/www.tripadvisor.pt\/UserReviewEdit-g189135-d17740832-Plantacao_de_Ananas_dos_Acores-Ponta_Delgada_Sao_Miguel_Azores.html\" target=\"_blank\">\n\t\t\t\t\t\t<span class=\"elementor-screen-only\">Tripadvisor<\/span>\n\t\t\t\t\t\t<i aria-hidden=\"true\" class=\"fab fa-tripadvisor\"><\/i>\t\t\t\t\t<\/a>\n\t\t\t\t<\/span>\n\t\t\t\t\t<\/div>\n\t\t\t\t\t\t<\/div>\n\t\t\t\t<\/div>\n\t\t\t\t<div class=\"elementor-element elementor-element-f9e95de elementor-widget elementor-widget-image\" data-id=\"f9e95de\" data-element_type=\"widget\" data-e-type=\"widget\" data-widget_type=\"image.default\">\n\t\t\t\t<div class=\"elementor-widget-container\">\n\t\t\t\t\t\t\t\t\t\t\t\t\t\t\t<img fetchpriority=\"high\" decoding=\"async\" width=\"820\" height=\"424\" src=\"https:\/\/ananasdosacores.pt\/wp-content\/uploads\/2021\/11\/49556584702_4b8486a3d9_o-scaled-e1636118486684.jpg\" class=\"attachment-full size-full wp-image-3746\" alt=\"\" srcset=\"https:\/\/ananasdosacores.pt\/wp-content\/uploads\/2021\/11\/49556584702_4b8486a3d9_o-scaled-e1636118486684.jpg 820w, https:\/\/ananasdosacores.pt\/wp-content\/uploads\/2021\/11\/49556584702_4b8486a3d9_o-scaled-e1636118486684-300x155.jpg 300w, https:\/\/ananasdosacores.pt\/wp-content\/uploads\/2021\/11\/49556584702_4b8486a3d9_o-scaled-e1636118486684-768x397.jpg 768w, https:\/\/ananasdosacores.pt\/wp-content\/uploads\/2021\/11\/49556584702_4b8486a3d9_o-scaled-e1636118486684-18x9.jpg 18w, https:\/\/ananasdosacores.pt\/wp-content\/uploads\/2021\/11\/49556584702_4b8486a3d9_o-scaled-e1636118486684-600x310.jpg 600w\" sizes=\"(max-width: 820px) 100vw, 820px\" \/>\t\t\t\t\t\t\t\t\t\t\t\t\t\t\t<\/div>\n\t\t\t\t<\/div>\n\t\t\t\t<div class=\"elementor-element elementor-element-5879199b elementor-widget elementor-widget-text-editor\" data-id=\"5879199b\" data-element_type=\"widget\" data-e-type=\"widget\" data-widget_type=\"text-editor.default\">\n\t\t\t\t<div class=\"elementor-widget-container\"><p><a href=\"https:\/\/boafruta.pt\/the-planting-of-the-bulb-for-the-production-of-sprouts\/\"><img decoding=\"async\" class=\"alignnone  wp-image-983\" src=\"https:\/\/boafruta.pt\/wp-content\/uploads\/2020\/07\/EN-300x300.png\" alt=\"\" width=\"24\" height=\"24\" \/><\/a> <a href=\"https:\/\/boafruta.pt\/plantacion-del-rizoma-para-la-produccion-del-brote\/\"><img decoding=\"async\" class=\"alignnone  wp-image-987\" src=\"https:\/\/boafruta.pt\/wp-content\/uploads\/2020\/07\/ES-300x300.png\" alt=\"\" width=\"24\" height=\"24\" \/><\/a> <a href=\"https:\/\/boafruta.pt\/la-plantation-du-terrier-pour-la-production-de-brocoli\/\"><img loading=\"lazy\" decoding=\"async\" class=\"alignnone  wp-image-984\" src=\"https:\/\/boafruta.pt\/wp-content\/uploads\/2020\/07\/FR-300x300.png\" alt=\"\" width=\"24\" height=\"24\" \/><\/a> <a href=\"https:\/\/boafruta.pt\/la-collocazione-del-radice-in-terra-per-germogliare-in-vivai\/\"><img loading=\"lazy\" decoding=\"async\" class=\"alignnone  wp-image-988\" src=\"https:\/\/boafruta.pt\/wp-content\/uploads\/2020\/07\/IT-300x300.png\" alt=\"\" width=\"24\" height=\"24\" \/><\/a> <a href=\"https:\/\/boafruta.pt\/der-produktionszyklus-stufe-1\/\"><img loading=\"lazy\" decoding=\"async\" class=\"alignnone  wp-image-986\" src=\"https:\/\/boafruta.pt\/wp-content\/uploads\/2020\/07\/DE-300x300.png\" alt=\"\" width=\"24\" height=\"24\" \/><\/a> <a href=\"https:\/\/boafruta.pt\/tocas-russo\/\"><img loading=\"lazy\" decoding=\"async\" class=\"alignnone  wp-image-1130\" src=\"https:\/\/boafruta.pt\/wp-content\/uploads\/2020\/07\/rss-1-300x300.png\" alt=\"\" width=\"24\" height=\"24\" \/><\/a> <a href=\"https:\/\/boafruta.pt\/tocas-mandarim\/\"><img loading=\"lazy\" decoding=\"async\" class=\"alignnone  wp-image-985\" src=\"https:\/\/boafruta.pt\/wp-content\/uploads\/2020\/07\/CH-300x300.png\" alt=\"\" width=\"24\" height=\"24\" \/><\/a>\u00a0 <a href=\"https:\/\/ananasdosacores.pt\/en\/sadzonki\/\"><img loading=\"lazy\" decoding=\"async\" class=\"alignnone wp-image-3572\" src=\"https:\/\/ananasdosacores.pt\/wp-content\/uploads\/2021\/07\/poland-flag-150x150.png\" alt=\"\" width=\"29\" height=\"29\" srcset=\"https:\/\/ananasdosacores.pt\/wp-content\/uploads\/2021\/07\/poland-flag-150x150.png 150w, https:\/\/ananasdosacores.pt\/wp-content\/uploads\/2021\/07\/poland-flag-300x300.png 300w, https:\/\/ananasdosacores.pt\/wp-content\/uploads\/2021\/07\/poland-flag-12x12.png 12w, https:\/\/ananasdosacores.pt\/wp-content\/uploads\/2021\/07\/poland-flag-100x100.png 100w, https:\/\/ananasdosacores.pt\/wp-content\/uploads\/2021\/07\/poland-flag.png 512w\" sizes=\"(max-width: 29px) 100vw, 29px\" \/><\/a><\/p>\n<p>O processo de cultivo do Anan\u00e1s dos A\u00e7ores \u00e9 constitu\u00eddo por tr\u00eas fases distintas: a planta\u00e7\u00e3o da toca para a produ\u00e7\u00e3o do brolho, a planta\u00e7\u00e3o do brolho para a produ\u00e7\u00e3o do plantio e, por \u00faltimo, a planta\u00e7\u00e3o do plantio para a produ\u00e7\u00e3o do fruto.<\/p><p>O ciclo de produ\u00e7\u00e3o e de planta\u00e7\u00e3o do Anan\u00e1s dos A\u00e7ores inicia-se com a com a extra\u00e7\u00e3o e desfolha do Rizoma (ou \u201cToca\u201d), das plantas que produziram frutos de qualidade no ciclo anterior. De seguida, esta toca \u00e9 colocada a abrolhar em \u201cCamas Quentes\u201d, solo humedecido, rico em mat\u00e9ria org\u00e2nica, constitu\u00edda pelo solo vulc\u00e2nico de terra de produ\u00e7\u00f5es anteriores, estilhas de ramada de incenso \u201cPittosporum Undulatum Vent\u201d e serradura (Farelo) permite fomentar a produ\u00e7\u00e3o de calor pelo seu elevado n\u00edvel fermenta\u00e7\u00e3o. Al\u00e9m disso, s\u00e3o solos extremamente f\u00e9rteis, o que permite assegurar as caracter\u00edsticas \u00edmpares do Melhor Anan\u00e1s do Mundo, em aspetos que v\u00e3o desde a sua apar\u00eancia ao seu paladar distintivo.<\/p><p>Esta primeira fase tem uma dura\u00e7\u00e3o de cerca de 4 a 6 meses e ocorre numa estufa de pl\u00e1stico, os chamados \u201cEstufins\u201d. Cada uma das \u201cTocas\u201d d\u00e1 origem a pequenas plantas, \u00e0s quais se d\u00e1 o nome de \u201cBrolhos\u201d.<\/p><\/div>\n\t\t\t\t<\/div>\n\t\t\t\t\t<\/div>\n\t\t<\/div>\n\t\t\t\t\t<\/div>\n\t\t<\/section>\t\t<\/div>","protected":false},"excerpt":{"rendered":"<p>Facebook Instagram Tripadvisor \u00a0 O processo de cultivo do Anan\u00e1s dos A\u00e7ores \u00e9 constitu\u00eddo por tr\u00eas fases distintas: a planta\u00e7\u00e3o da toca para a produ\u00e7\u00e3o do brolho, a planta\u00e7\u00e3o do brolho para a produ\u00e7\u00e3o do plantio e, por \u00faltimo, a planta\u00e7\u00e3o do plantio para a produ\u00e7\u00e3o do fruto. O ciclo de produ\u00e7\u00e3o e de planta\u00e7\u00e3o &hellip;<\/p>\n<p class=\"read-more\"> <a class=\"\" href=\"https:\/\/ananasdosacores.pt\/en\/qrcode7\/\"> <span class=\"screen-reader-text\">A Planta\u00e7\u00e3o da Toca<\/span> Read More &raquo;<\/a><\/p>","protected":false},"author":1,"featured_media":0,"parent":0,"menu_order":0,"comment_status":"closed","ping_status":"closed","template":"","meta":{"_monsterinsights_skip_tracking":false,"_monsterinsights_sitenote_active":false,"_monsterinsights_sitenote_note":"","_monsterinsights_sitenote_category":0,"site-sidebar-layout":"default","site-content-layout":"default","ast-main-header-display":"","ast-hfb-above-header-display":"","ast-hfb-below-header-display":"","ast-hfb-mobile-header-display":"","site-post-title":"","ast-breadcrumbs-content":"","ast-featured-img":"","footer-sml-layout":"","theme-transparent-header-meta":"","adv-header-id-meta":"","stick-header-meta":"","header-above-stick-meta":"","header-main-stick-meta":"","header-below-stick-meta":"","footnotes":""},"class_list":["post-1090","page","type-page","status-publish","hentry"],"jetpack_sharing_enabled":true,"_links":{"self":[{"href":"https:\/\/ananasdosacores.pt\/en\/wp-json\/wp\/v2\/pages\/1090","targetHints":{"allow":["GET"]}}],"collection":[{"href":"https:\/\/ananasdosacores.pt\/en\/wp-json\/wp\/v2\/pages"}],"about":[{"href":"https:\/\/ananasdosacores.pt\/en\/wp-json\/wp\/v2\/types\/page"}],"author":[{"embeddable":true,"href":"https:\/\/ananasdosacores.pt\/en\/wp-json\/wp\/v2\/users\/1"}],"replies":[{"embeddable":true,"href":"https:\/\/ananasdosacores.pt\/en\/wp-json\/wp\/v2\/comments?post=1090"}],"version-history":[{"count":3,"href":"https:\/\/ananasdosacores.pt\/en\/wp-json\/wp\/v2\/pages\/1090\/revisions"}],"predecessor-version":[{"id":4406,"href":"https:\/\/ananasdosacores.pt\/en\/wp-json\/wp\/v2\/pages\/1090\/revisions\/4406"}],"wp:attachment":[{"href":"https:\/\/ananasdosacores.pt\/en\/wp-json\/wp\/v2\/media?parent=1090"}],"curies":[{"name":"wp","href":"https:\/\/api.w.org\/{rel}","templated":true}]}}