{"id":1084,"date":"2020-07-10T09:51:28","date_gmt":"2020-07-10T09:51:28","guid":{"rendered":"https:\/\/boafruta.pt\/?page_id=1084"},"modified":"2022-07-26T17:42:53","modified_gmt":"2022-07-26T18:42:53","slug":"qrcode5","status":"publish","type":"page","link":"https:\/\/ananasdosacores.pt\/en\/qrcode5\/","title":{"rendered":"DOP"},"content":{"rendered":"<div data-elementor-type=\"wp-page\" data-elementor-id=\"1084\" class=\"elementor elementor-1084\" data-elementor-post-type=\"page\">\n\t\t\t\t<section class=\"elementor-section elementor-top-section elementor-element elementor-element-53e9dfc8 elementor-section-boxed elementor-section-height-default elementor-section-height-default\" data-id=\"53e9dfc8\" data-element_type=\"section\" data-e-type=\"section\">\n\t\t\t\t\t\t<div class=\"elementor-container elementor-column-gap-default\">\n\t\t\t\t\t<div class=\"elementor-column elementor-col-100 elementor-top-column elementor-element elementor-element-226d4791\" data-id=\"226d4791\" data-element_type=\"column\" data-e-type=\"column\">\n\t\t\t<div class=\"elementor-widget-wrap elementor-element-populated\">\n\t\t\t\t\t\t<div class=\"elementor-element elementor-element-7417d7d elementor-widget elementor-widget-image\" data-id=\"7417d7d\" data-element_type=\"widget\" data-e-type=\"widget\" data-widget_type=\"image.default\">\n\t\t\t\t<div class=\"elementor-widget-container\">\n\t\t\t\t\t\t\t\t\t\t\t\t\t\t\t<img fetchpriority=\"high\" decoding=\"async\" width=\"820\" height=\"360\" src=\"https:\/\/ananasdosacores.pt\/wp-content\/uploads\/2020\/07\/dop.jpg\" class=\"attachment-large size-large wp-image-1677\" alt=\"\" srcset=\"https:\/\/ananasdosacores.pt\/wp-content\/uploads\/2020\/07\/dop.jpg 820w, https:\/\/ananasdosacores.pt\/wp-content\/uploads\/2020\/07\/dop-600x263.jpg 600w, https:\/\/ananasdosacores.pt\/wp-content\/uploads\/2020\/07\/dop-300x132.jpg 300w, https:\/\/ananasdosacores.pt\/wp-content\/uploads\/2020\/07\/dop-768x337.jpg 768w\" sizes=\"(max-width: 820px) 100vw, 820px\" \/>\t\t\t\t\t\t\t\t\t\t\t\t\t\t\t<\/div>\n\t\t\t\t<\/div>\n\t\t\t\t<div class=\"elementor-element elementor-element-55e5aa9b elementor-widget elementor-widget-text-editor\" data-id=\"55e5aa9b\" data-element_type=\"widget\" data-e-type=\"widget\" data-widget_type=\"text-editor.default\">\n\t\t\t\t<div class=\"elementor-widget-container\"><p><a href=\"https:\/\/boafruta.pt\/protected-designation-of-origin-pdo\/\"><img decoding=\"async\" class=\"alignnone  wp-image-983\" src=\"https:\/\/boafruta.pt\/wp-content\/uploads\/2020\/07\/EN-300x300.png\" alt=\"\" width=\"24\" height=\"24\" \/><\/a> <a href=\"https:\/\/boafruta.pt\/dop-denominacion-de-origen-protegida\/\"><img decoding=\"async\" class=\"alignnone  wp-image-987\" src=\"https:\/\/boafruta.pt\/wp-content\/uploads\/2020\/07\/ES-300x300.png\" alt=\"\" width=\"25\" height=\"25\" \/><\/a> <a href=\"https:\/\/boafruta.pt\/appellation-dorigine-protegee\/\"><img loading=\"lazy\" decoding=\"async\" class=\"alignnone  wp-image-984\" src=\"https:\/\/boafruta.pt\/wp-content\/uploads\/2020\/07\/FR-300x300.png\" alt=\"\" width=\"24\" height=\"24\" \/><\/a> <a href=\"https:\/\/boafruta.pt\/la-denominazione-di-origine-protetta\/\"><img loading=\"lazy\" decoding=\"async\" class=\"alignnone  wp-image-988\" src=\"https:\/\/boafruta.pt\/wp-content\/uploads\/2020\/07\/IT-300x300.png\" alt=\"\" width=\"24\" height=\"24\" \/><\/a> <a href=\"https:\/\/boafruta.pt\/dop-alemao\/\"><img loading=\"lazy\" decoding=\"async\" class=\"alignnone  wp-image-986\" src=\"https:\/\/boafruta.pt\/wp-content\/uploads\/2020\/07\/DE-300x300.png\" alt=\"\" width=\"24\" height=\"24\" \/><\/a> <a href=\"https:\/\/boafruta.pt\/dop-russo\/\"><img loading=\"lazy\" decoding=\"async\" class=\"alignnone  wp-image-1130\" src=\"https:\/\/boafruta.pt\/wp-content\/uploads\/2020\/07\/rss-1-300x300.png\" alt=\"\" width=\"24\" height=\"24\" \/><\/a> <a href=\"https:\/\/boafruta.pt\/dop-mandarim\/\"><img loading=\"lazy\" decoding=\"async\" class=\"alignnone  wp-image-985\" src=\"https:\/\/boafruta.pt\/wp-content\/uploads\/2020\/07\/CH-300x300.png\" alt=\"\" width=\"25\" height=\"25\" \/><\/a> <a href=\"https:\/\/ananasdosacores.pt\/en\/chroniona-nazwa-pochodzenia-chnp\/\"><img loading=\"lazy\" decoding=\"async\" class=\"alignnone wp-image-3574\" src=\"https:\/\/ananasdosacores.pt\/wp-content\/uploads\/2021\/07\/poland-flag-1-300x300.png\" alt=\"\" width=\"24\" height=\"24\" srcset=\"https:\/\/ananasdosacores.pt\/wp-content\/uploads\/2021\/07\/poland-flag-1-300x300.png 300w, https:\/\/ananasdosacores.pt\/wp-content\/uploads\/2021\/07\/poland-flag-1-150x150.png 150w, https:\/\/ananasdosacores.pt\/wp-content\/uploads\/2021\/07\/poland-flag-1-12x12.png 12w, https:\/\/ananasdosacores.pt\/wp-content\/uploads\/2021\/07\/poland-flag-1-100x100.png 100w, https:\/\/ananasdosacores.pt\/wp-content\/uploads\/2021\/07\/poland-flag-1.png 512w\" sizes=\"(max-width: 24px) 100vw, 24px\" \/><\/a><\/p>\n<p>Uma DOP (Denomina\u00e7\u00e3o de Origem Protegida) \u00e9 uma denomina\u00e7\u00e3o geogr\u00e1fica ou equiparada que designa e identifica um produto origin\u00e1rio desse local ou regi\u00e3o, cuja qualidade ou caracter\u00edsticas se devem essencial ou exclusivamente ao meio geogr\u00e1fico espec\u00edfico onde \u00e9 produzido, incluindo fatores naturais e humanos.<\/p><p>O Anan\u00e1s dos A\u00e7ores \u00e9 um produto de Denomina\u00e7\u00e3o de Origem Protegida desde 1996. Isto significa que obedece a regras de produ\u00e7\u00e3o e comercializa\u00e7\u00e3o espec\u00edficas que atestam a sua origem e qualidade. A marca D.O.P, o selo etiquetado na coroa do Melhor Anan\u00e1s do Mundo, comprova que a produ\u00e7\u00e3o foi controlada pelo Instituto da Alimenta\u00e7\u00e3o e Mercados Agr\u00edcolas.<\/p><\/div>\n\t\t\t\t<\/div>\n\t\t\t\t\t<\/div>\n\t\t<\/div>\n\t\t\t\t\t<\/div>\n\t\t<\/section>\t\t<\/div>","protected":false},"excerpt":{"rendered":"<p>Uma DOP (Denomina\u00e7\u00e3o de Origem Protegida) \u00e9 uma denomina\u00e7\u00e3o geogr\u00e1fica ou equiparada que designa e identifica um produto origin\u00e1rio desse local ou regi\u00e3o, cuja qualidade ou caracter\u00edsticas se devem essencial ou exclusivamente ao meio geogr\u00e1fico espec\u00edfico onde \u00e9 produzido, incluindo fatores naturais e humanos. O Anan\u00e1s dos A\u00e7ores \u00e9 um produto de Denomina\u00e7\u00e3o de Origem &hellip;<\/p>\n<p class=\"read-more\"> <a class=\"\" href=\"https:\/\/ananasdosacores.pt\/en\/qrcode5\/\"> <span class=\"screen-reader-text\">DOP<\/span> Read More &raquo;<\/a><\/p>","protected":false},"author":1,"featured_media":0,"parent":0,"menu_order":0,"comment_status":"closed","ping_status":"closed","template":"","meta":{"_monsterinsights_skip_tracking":false,"_monsterinsights_sitenote_active":false,"_monsterinsights_sitenote_note":"","_monsterinsights_sitenote_category":0,"site-sidebar-layout":"default","site-content-layout":"default","ast-main-header-display":"","ast-hfb-above-header-display":"","ast-hfb-below-header-display":"","ast-hfb-mobile-header-display":"","site-post-title":"","ast-breadcrumbs-content":"","ast-featured-img":"","footer-sml-layout":"","theme-transparent-header-meta":"","adv-header-id-meta":"","stick-header-meta":"","header-above-stick-meta":"","header-main-stick-meta":"","header-below-stick-meta":"","footnotes":""},"class_list":["post-1084","page","type-page","status-publish","hentry"],"jetpack_sharing_enabled":true,"_links":{"self":[{"href":"https:\/\/ananasdosacores.pt\/en\/wp-json\/wp\/v2\/pages\/1084","targetHints":{"allow":["GET"]}}],"collection":[{"href":"https:\/\/ananasdosacores.pt\/en\/wp-json\/wp\/v2\/pages"}],"about":[{"href":"https:\/\/ananasdosacores.pt\/en\/wp-json\/wp\/v2\/types\/page"}],"author":[{"embeddable":true,"href":"https:\/\/ananasdosacores.pt\/en\/wp-json\/wp\/v2\/users\/1"}],"replies":[{"embeddable":true,"href":"https:\/\/ananasdosacores.pt\/en\/wp-json\/wp\/v2\/comments?post=1084"}],"version-history":[{"count":3,"href":"https:\/\/ananasdosacores.pt\/en\/wp-json\/wp\/v2\/pages\/1084\/revisions"}],"predecessor-version":[{"id":4385,"href":"https:\/\/ananasdosacores.pt\/en\/wp-json\/wp\/v2\/pages\/1084\/revisions\/4385"}],"wp:attachment":[{"href":"https:\/\/ananasdosacores.pt\/en\/wp-json\/wp\/v2\/media?parent=1084"}],"curies":[{"name":"wp","href":"https:\/\/api.w.org\/{rel}","templated":true}]}}