{"id":1061,"date":"2020-07-09T13:00:07","date_gmt":"2020-07-09T13:00:07","guid":{"rendered":"https:\/\/boafruta.pt\/?page_id=1061"},"modified":"2022-07-29T13:47:39","modified_gmt":"2022-07-29T14:47:39","slug":"qrcode1","status":"publish","type":"page","link":"https:\/\/ananasdosacores.pt\/en\/qrcode1\/","title":{"rendered":"Hist\u00f3ria"},"content":{"rendered":"<div data-elementor-type=\"wp-page\" data-elementor-id=\"1061\" class=\"elementor elementor-1061\" data-elementor-post-type=\"page\">\n\t\t\t\t<section class=\"elementor-section elementor-top-section elementor-element elementor-element-8d7a509 elementor-section-boxed elementor-section-height-default elementor-section-height-default\" data-id=\"8d7a509\" data-element_type=\"section\" data-e-type=\"section\">\n\t\t\t\t\t\t<div class=\"elementor-container elementor-column-gap-default\">\n\t\t\t\t\t<div class=\"elementor-column elementor-col-100 elementor-top-column elementor-element elementor-element-435190ab\" data-id=\"435190ab\" data-element_type=\"column\" data-e-type=\"column\">\n\t\t\t<div class=\"elementor-widget-wrap elementor-element-populated\">\n\t\t\t\t\t\t<div class=\"elementor-element elementor-element-8242e52 elementor-widget elementor-widget-image\" data-id=\"8242e52\" data-element_type=\"widget\" data-e-type=\"widget\" data-widget_type=\"image.default\">\n\t\t\t\t<div class=\"elementor-widget-container\">\n\t\t\t\t\t\t\t\t\t\t\t\t\t\t\t<img fetchpriority=\"high\" decoding=\"async\" width=\"820\" height=\"360\" src=\"https:\/\/ananasdosacores.pt\/wp-content\/uploads\/2020\/07\/hist\u00f3ria.jpg\" class=\"attachment-large size-large wp-image-1745\" alt=\"\" srcset=\"https:\/\/ananasdosacores.pt\/wp-content\/uploads\/2020\/07\/hist\u00f3ria.jpg 820w, https:\/\/ananasdosacores.pt\/wp-content\/uploads\/2020\/07\/hist\u00f3ria-600x263.jpg 600w, https:\/\/ananasdosacores.pt\/wp-content\/uploads\/2020\/07\/hist\u00f3ria-300x132.jpg 300w, https:\/\/ananasdosacores.pt\/wp-content\/uploads\/2020\/07\/hist\u00f3ria-768x337.jpg 768w\" sizes=\"(max-width: 820px) 100vw, 820px\" \/>\t\t\t\t\t\t\t\t\t\t\t\t\t\t\t<\/div>\n\t\t\t\t<\/div>\n\t\t\t\t<div class=\"elementor-element elementor-element-4b11a1c5 elementor-widget elementor-widget-text-editor\" data-id=\"4b11a1c5\" data-element_type=\"widget\" data-e-type=\"widget\" data-widget_type=\"text-editor.default\">\n\t\t\t\t<div class=\"elementor-widget-container\">\n\t\t\t\t\t\t\t\t\t<p><\/p>\n<p><a href=\"https:\/\/boafruta.pt\/history\/\" data-rich-text-format-boundary=\"true\"><img decoding=\"async\" class=\"\" src=\"https:\/\/boafruta.pt\/wp-content\/uploads\/2020\/07\/EN-300x300.png\" alt=\"\" width=\"28\" height=\"28\" \/> <\/a><a href=\"https:\/\/ananasdosacores.pt\/en\/historia-2\/\"><img decoding=\"async\" class=\"alignnone wp-image-987\" src=\"https:\/\/boafruta.pt\/wp-content\/uploads\/2020\/07\/ES-300x300.png\" alt=\"\" width=\"29\" height=\"29\" \/><\/a> <a href=\"https:\/\/boafruta.pt\/lhistoire\/\"><img loading=\"lazy\" decoding=\"async\" class=\"\" src=\"https:\/\/boafruta.pt\/wp-content\/uploads\/2020\/07\/FR-300x300.png\" alt=\"\" width=\"29\" height=\"29\" \/><\/a> <a href=\"https:\/\/boafruta.pt\/la-storia\/\"><img loading=\"lazy\" decoding=\"async\" class=\"\" src=\"https:\/\/boafruta.pt\/wp-content\/uploads\/2020\/07\/IT-300x300.png\" alt=\"\" width=\"28\" height=\"28\" \/><\/a> <a href=\"https:\/\/boafruta.pt\/geschichte\/\"><img loading=\"lazy\" decoding=\"async\" class=\"\" src=\"https:\/\/boafruta.pt\/wp-content\/uploads\/2020\/07\/DE-300x300.png\" alt=\"\" width=\"28\" height=\"28\" \/><\/a> <a href=\"https:\/\/boafruta.pt\/historia-russo\/\"><img loading=\"lazy\" decoding=\"async\" class=\"\" src=\"https:\/\/boafruta.pt\/wp-content\/uploads\/2020\/07\/rss-1-300x300.png\" alt=\"\" width=\"30\" height=\"30\" \/><\/a> <a href=\"https:\/\/boafruta.pt\/historia-ch\/\"><img loading=\"lazy\" decoding=\"async\" class=\"\" src=\"https:\/\/boafruta.pt\/wp-content\/uploads\/2020\/07\/CH-300x300.png\" alt=\"\" width=\"28\" height=\"28\" \/> <\/a><a href=\"https:\/\/ananasdosacores.pt\/en\/historiaPL\/\"><img loading=\"lazy\" decoding=\"async\" class=\"alignnone wp-image-3572\" src=\"https:\/\/ananasdosacores.pt\/wp-content\/uploads\/2021\/07\/poland-flag-150x150.png\" alt=\"\" width=\"29\" height=\"29\" srcset=\"https:\/\/ananasdosacores.pt\/wp-content\/uploads\/2021\/07\/poland-flag-150x150.png 150w, https:\/\/ananasdosacores.pt\/wp-content\/uploads\/2021\/07\/poland-flag-300x300.png 300w, https:\/\/ananasdosacores.pt\/wp-content\/uploads\/2021\/07\/poland-flag-12x12.png 12w, https:\/\/ananasdosacores.pt\/wp-content\/uploads\/2021\/07\/poland-flag-100x100.png 100w, https:\/\/ananasdosacores.pt\/wp-content\/uploads\/2021\/07\/poland-flag.png 512w\" sizes=\"(max-width: 29px) 100vw, 29px\" \/><\/a><\/p>\n<p><\/p>\n<p>O Ananas Comosus (L.) Mert, variante \u201cSmooth Cayenne\u201d de \u201cfolha lisa\u201d, \u00e9 origin\u00e1rio da Am\u00e9rica do Sul e afirmou-se na ilha de S\u00e3o Miguel durante o s\u00e9culo XIX como substituto \u00e0 cultura da laranja.<\/p>\n<p><\/p>\n<p>A produ\u00e7\u00e3o da laranja era, at\u00e9 \u00e0 altura, a principal atividade econ\u00f3mica da regi\u00e3o. Ap\u00f3s o decl\u00ednio da sua produ\u00e7\u00e3o devido \u00e0 doen\u00e7a da \u201cGomose\u201d (Phythophtora sp.), procuraram-se culturas alternativas, de entre as quais se destacam com sucesso a cultura do ch\u00e1, do tabaco e a do anan\u00e1s.<\/p>\n<p><\/p>\n<p>A 12 de novembro de 1864, por iniciativa de Jos\u00e9 Bensa\u00fade tem lugar a primeira exporta\u00e7\u00e3o de Anan\u00e1s dos A\u00e7ores com destino a Inglaterra. No s\u00e9culo XX, o Melhor Anan\u00e1s do Mundo era j\u00e1 exportado para pa\u00edses como Inglaterra, Alemanha e R\u00fassia.<\/p>\n<p><\/p>\t\t\t\t\t\t\t\t<\/div>\n\t\t\t\t<\/div>\n\t\t\t\t<div class=\"elementor-element elementor-element-a95c240 elementor-widget elementor-widget-text-editor\" data-id=\"a95c240\" data-element_type=\"widget\" data-e-type=\"widget\" data-widget_type=\"text-editor.default\">\n\t\t\t\t<div class=\"elementor-widget-container\">\n\t\t\t\t\t\t\t\t\t<p><\/p>\t\t\t\t\t\t\t\t<\/div>\n\t\t\t\t<\/div>\n\t\t\t\t\t<\/div>\n\t\t<\/div>\n\t\t\t\t\t<\/div>\n\t\t<\/section>\n\t\t\t\t<section class=\"elementor-section elementor-top-section elementor-element elementor-element-0d2c3aa elementor-section-boxed elementor-section-height-default elementor-section-height-default\" data-id=\"0d2c3aa\" data-element_type=\"section\" data-e-type=\"section\">\n\t\t\t\t\t\t<div class=\"elementor-container elementor-column-gap-default\">\n\t\t\t\t\t<div class=\"elementor-column elementor-col-100 elementor-top-column elementor-element elementor-element-3f93f25\" data-id=\"3f93f25\" data-element_type=\"column\" data-e-type=\"column\">\n\t\t\t<div class=\"elementor-widget-wrap\">\n\t\t\t\t\t\t\t<\/div>\n\t\t<\/div>\n\t\t\t\t\t<\/div>\n\t\t<\/section>\t\t<\/div>","protected":false},"excerpt":{"rendered":"<p>O Ananas Comosus (L.) Mert, variante \u201cSmooth Cayenne\u201d de \u201cfolha lisa\u201d, \u00e9 origin\u00e1rio da Am\u00e9rica do Sul e afirmou-se na ilha de S\u00e3o Miguel durante o s\u00e9culo XIX como substituto \u00e0 cultura da laranja. A produ\u00e7\u00e3o da laranja era, at\u00e9 \u00e0 altura, a principal atividade econ\u00f3mica da regi\u00e3o. Ap\u00f3s o decl\u00ednio da sua produ\u00e7\u00e3o devido &hellip;<\/p>\n<p class=\"read-more\"> <a class=\"\" href=\"https:\/\/ananasdosacores.pt\/en\/qrcode1\/\"> <span class=\"screen-reader-text\">Hist\u00f3ria<\/span> Read More &raquo;<\/a><\/p>","protected":false},"author":1,"featured_media":0,"parent":0,"menu_order":0,"comment_status":"closed","ping_status":"closed","template":"","meta":{"_monsterinsights_skip_tracking":false,"_monsterinsights_sitenote_active":false,"_monsterinsights_sitenote_note":"","_monsterinsights_sitenote_category":0,"site-sidebar-layout":"default","site-content-layout":"default","ast-main-header-display":"","ast-hfb-above-header-display":"","ast-hfb-below-header-display":"","ast-hfb-mobile-header-display":"","site-post-title":"","ast-breadcrumbs-content":"","ast-featured-img":"","footer-sml-layout":"","theme-transparent-header-meta":"","adv-header-id-meta":"","stick-header-meta":"","header-above-stick-meta":"","header-main-stick-meta":"","header-below-stick-meta":"","footnotes":""},"class_list":["post-1061","page","type-page","status-publish","hentry"],"jetpack_sharing_enabled":true,"_links":{"self":[{"href":"https:\/\/ananasdosacores.pt\/en\/wp-json\/wp\/v2\/pages\/1061","targetHints":{"allow":["GET"]}}],"collection":[{"href":"https:\/\/ananasdosacores.pt\/en\/wp-json\/wp\/v2\/pages"}],"about":[{"href":"https:\/\/ananasdosacores.pt\/en\/wp-json\/wp\/v2\/types\/page"}],"author":[{"embeddable":true,"href":"https:\/\/ananasdosacores.pt\/en\/wp-json\/wp\/v2\/users\/1"}],"replies":[{"embeddable":true,"href":"https:\/\/ananasdosacores.pt\/en\/wp-json\/wp\/v2\/comments?post=1061"}],"version-history":[{"count":4,"href":"https:\/\/ananasdosacores.pt\/en\/wp-json\/wp\/v2\/pages\/1061\/revisions"}],"predecessor-version":[{"id":4402,"href":"https:\/\/ananasdosacores.pt\/en\/wp-json\/wp\/v2\/pages\/1061\/revisions\/4402"}],"wp:attachment":[{"href":"https:\/\/ananasdosacores.pt\/en\/wp-json\/wp\/v2\/media?parent=1061"}],"curies":[{"name":"wp","href":"https:\/\/api.w.org\/{rel}","templated":true}]}}